{"id":4874,"date":"2024-04-29T16:56:37","date_gmt":"2024-04-29T13:56:37","guid":{"rendered":"http:\/\/comfyevents.ee\/?page_id=4874"},"modified":"2024-04-30T14:50:08","modified_gmt":"2024-04-30T11:50:08","slug":"telgirent-firmapeole","status":"publish","type":"page","link":"https:\/\/comfyevents.ee\/en\/telgirent-firmapeole\/","title":{"rendered":"Rendi telk firmapeole"},"content":{"rendered":"<p>[vc_row][vc_column]<div class=\"eltdf-section-title-holder  eltdf-st-standard   \" >\n\t<div class=\"eltdf-st-inner\">\n\t\t\t\t\t<h1 class=\"eltdf-st-title\" >\n\t\t\t\tFirmapidu &amp; suvep\u00e4evad\t\t\t<\/h1>\n\t\t                    <h6 class=\"eltdf-st-separator-subtitle\" >rendi telk firmapeole<\/h6>\n        \t\t\t<\/div>\n<\/div>[vc_empty_space][vc_column_text]<\/p>\n<h4 style=\"text-align: center;\"><span style=\"font-weight: 400;\">Otsid ruumikat ja unikaalset kohta firmapidudeks, koolitusteks v\u00f5i hoopis suvep\u00e4evadeks?<\/span><\/h4>\n<p>[\/vc_column_text][\/vc_column][\/vc_row][vc_row][vc_column][vc_empty_space height=&#8221;60px&#8221;]<div class=\"eltdf-ss-holder eltdf-ss-image-left eltdf-ss-break-768\">\n\t\t\t<div class=\"eltdf-ss-image\" style=\"background-image: url(https:\/\/comfyevents.ee\/wp-content\/uploads\/2019\/07\/telgirent-konverents.jpg)\">\n\t\t\t<img loading=\"lazy\" decoding=\"async\" width=\"800\" height=\"393\" src=\"https:\/\/comfyevents.ee\/wp-content\/uploads\/2019\/07\/telgirent-konverents.jpg\" class=\"attachment-full size-full\" alt=\"\" srcset=\"https:\/\/comfyevents.ee\/wp-content\/uploads\/2019\/07\/telgirent-konverents.jpg 800w, https:\/\/comfyevents.ee\/wp-content\/uploads\/2019\/07\/telgirent-konverents-600x295.jpg 600w, https:\/\/comfyevents.ee\/wp-content\/uploads\/2019\/07\/telgirent-konverents-300x147.jpg 300w, https:\/\/comfyevents.ee\/wp-content\/uploads\/2019\/07\/telgirent-konverents-768x377.jpg 768w\" sizes=\"auto, (max-width: 800px) 100vw, 800px\" \/>\t\t<\/div>\n\t\t<div class=\"eltdf-ss-content\" >\n\t\t\t\t\t<h3 class=\"eltdf-ss-title\" >\n\t\t\t\tLai asukohavalik\t\t\t<\/h3>\n\t\t\t\t\t\t\t<p class=\"eltdf-ss-text\" >Kvaliteetne purjeriidest telk pakub avarat peavarju mistahes \u00fcritustele, kus inimesed peaksid end tundma mugavalt. Paigaldame telgi just Teie valitud kohta, olgu selleks siis m\u00f5ne puhkekeskuse muruv\u00e4ljak, stiilne m\u00f5isapark v\u00f5i Teie ettev\u00f5tte l\u00e4hedane plats.<\/p>\n\t\t\t\t\t<\/div>\n<\/div>[vc_empty_space height=&#8221;60px&#8221;][\/vc_column][\/vc_row][vc_row][vc_column]<div class=\"eltdf-ss-holder eltdf-ss-image-right eltdf-ss-break-768\">\n\t\t\t<div class=\"eltdf-ss-image\" style=\"background-image: url(https:\/\/comfyevents.ee\/wp-content\/uploads\/2019\/07\/comfy_telgirent-firmapeole.jpg)\">\n\t\t\t<img loading=\"lazy\" decoding=\"async\" width=\"800\" height=\"393\" src=\"https:\/\/comfyevents.ee\/wp-content\/uploads\/2019\/07\/comfy_telgirent-firmapeole.jpg\" class=\"attachment-full size-full\" alt=\"\" srcset=\"https:\/\/comfyevents.ee\/wp-content\/uploads\/2019\/07\/comfy_telgirent-firmapeole.jpg 800w, https:\/\/comfyevents.ee\/wp-content\/uploads\/2019\/07\/comfy_telgirent-firmapeole-600x295.jpg 600w, https:\/\/comfyevents.ee\/wp-content\/uploads\/2019\/07\/comfy_telgirent-firmapeole-300x147.jpg 300w, https:\/\/comfyevents.ee\/wp-content\/uploads\/2019\/07\/comfy_telgirent-firmapeole-768x377.jpg 768w\" sizes=\"auto, (max-width: 800px) 100vw, 800px\" \/>\t\t<\/div>\n\t\t<div class=\"eltdf-ss-content\" >\n\t\t\t\t\t<h3 class=\"eltdf-ss-title\" >\n\t\t\t\tT\u00e4namiseks\t\t\t<\/h3>\n\t\t\t\t\t\t\t<p class=\"eltdf-ss-text\" >T\u00f6\u00f6tajate v\u00f5i kolleegide t\u00e4nu\u00fcritus on ideaalne v\u00f5imalus n\u00e4idata \u00fcles hoolivust v\u00f5i luua veelgi paremaid suhteid koost\u00f6\u00f6partneritega. Selleks, et pidu \u00f5nnestuks, peab valima koha, kuhu on k\u00fclalistel mugav nii kohale saabuda, aga ka kus nad saaksid m\u00f5nusas \u00f5hkkonnas kogu \u00fcritust nautida.<\/p>\n\t\t\t\t\t<\/div>\n<\/div>[vc_empty_space height=&#8221;60px&#8221;][\/vc_column][\/vc_row][vc_row full_width=&#8221;stretch_row&#8221; disable_background_image=&#8221;&#8221; content_text_aligment=&#8221;center&#8221; simple_background_image=&#8221;4232&#8243; background_image_position=&#8221;top center&#8221;][vc_column]<div class=\"eltdf-elements-holder   eltdf-one-column  eltdf-responsive-mode-768 eltdf-one-column-alignment-center\" ><div class=\"eltdf-eh-item   eltdf-horizontal-alignment-center \"  data-item-class=\"eltdf-eh-custom-4742\" data-1366-1600=\"60px 0px 240px 0px\" data-1024-1366=\"60px 0px 240px 0px\" data-768-1024=\"50px 0px 260px 0px\" data-680-768=\"40px 0px 200px 0px\" data-680=\"30px 0px 110px 0px\">\n\t<div class=\"eltdf-eh-item-inner\">\n\t\t<div class=\"eltdf-eh-item-content eltdf-eh-custom-4742\" style=\"padding: 60px 0px 240px 0px\">\n\t\t\t<div class=\"eltdf-section-title-holder  eltdf-st-standard eltdf-st-aligncenter  \" style=\"text-align: center\">\n\t<div class=\"eltdf-st-inner\">\n\t\t\t\t\t<h2 class=\"eltdf-st-title\" style=\"color: #ffffff\">\n\t\t\t\tV\u00f5imalusterohke paigutus\t\t\t<\/h2>\n\t\t        \t\t\t\t\t<p class=\"eltdf-st-text\" style=\"color: #ffffff\">\n\t\t\t\tOlenevalt laudade, toolide, lava ja tantsuplatsi paigutusest on v\u00f5imalik \u00fcmmarguste laudade taha mahutada kuni 130 inimest, kusjuures ruumi j\u00e4\u00e4b ka toitlustusalale ja tantsuplatsile v\u00f5i tegevuste alale. Teatri- v\u00f5i konverentsi stiilis mahutab suurim telk kuni 320 inimest. Comfy telk sobib h\u00e4sti ka koolituste, seminaride, konverentside ja t\u00f6\u00f6tubade l\u00e4biviimiseks.<br \/>\n\t\t\t<\/p>\n\t\t\t<\/div>\n<\/div>\t\t<\/div>\n\t<\/div>\n<\/div><\/div>[\/vc_column][\/vc_row][vc_row][vc_column][vc_empty_space height=&#8221;60px&#8221;]<div class=\"eltdf-elements-holder   eltdf-one-column  eltdf-responsive-mode-768 eltdf-one-column-alignment-center\" ><div class=\"eltdf-eh-item   eltdf-horizontal-alignment-center \"  data-item-class=\"eltdf-eh-custom-6595\" data-768-1024=\"0px\" data-680-768=\"0px\" data-680=\"0px\">\n\t<div class=\"eltdf-eh-item-inner\">\n\t\t<div class=\"eltdf-eh-item-content eltdf-eh-custom-6595\" style=\"padding: 0px 200px\">\n\t\t\t[vc_column_text css_animation=&#8221;none&#8221;]<\/p>\n<p style=\"text-align: center;\"><span style=\"font-weight: 400;\">Comfy telgirent on ideaalne lahendus, kui kardad Eesti suveilma, kus p\u00e4ike v\u00f5ib aegajalt vahelduda vihmaladinaga. Tuule kaitseks saame paigaldada telgile ka seinad (akendega v\u00f5i ilma).<\/span><\/p>\n<p>[\/vc_column_text][vc_empty_space]<div class=\"eltdf-call-to-action-holder  eltdf-simple-layout \">\n\t<div class=\"eltdf-cta-inner \">\n\t\t<div class=\"eltdf-cta-text-holder\">\n\t\t\t<div class=\"eltdf-cta-text\">\n<h4><span style=\"font-weight: 400;\">Kui korraldad \u00fcritust ning otsid selleks mugavat ja avarat peopaika, siis kirjuta meile ja leiame koos parima lahenduse:<\/span><\/h4>\n<\/div>\n\t\t<\/div>\n\t\t<div class=\"eltdf-cta-button-holder\" >\n\t\t\t<div class=\"eltdf-cta-button\"><a itemprop=\"url\" href=\"\/kontakt\" target=\"_self\"  class=\"eltdf-btn eltdf-btn-medium eltdf-btn-solid\"  >    <span class=\"eltdf-btn-text\">Saada meile p\u00e4ring!<\/span>    <\/a><\/div>\n\t\t<\/div>\n\t<\/div>\n<\/div>[vc_empty_space height=&#8221;60px&#8221;]\t\t<\/div>\n\t<\/div>\n<\/div><\/div>[\/vc_column][\/vc_row]<\/p>\n","protected":false},"excerpt":{"rendered":"<p>[vc_row][vc_column][vc_empty_space][vc_column_text] Otsid ruumikat ja unikaalset kohta firmapidudeks, koolitusteks v\u00f5i hoopis suvep\u00e4evadeks? [\/vc_column_text][\/vc_column][\/vc_row][vc_row][vc_column][vc_empty_space height=&#8221;60px&#8221;][vc_empty_space height=&#8221;60px&#8221;][\/vc_column][\/vc_row][vc_row][vc_column][vc_empty_space height=&#8221;60px&#8221;][\/vc_column][\/vc_row][vc_row full_width=&#8221;stretch_row&#8221; disable_background_image=&#8221;&#8221; content_text_aligment=&#8221;center&#8221; simple_background_image=&#8221;4232&#8243; background_image_position=&#8221;top center&#8221;][vc_column][\/vc_column][\/vc_row][vc_row][vc_column][vc_empty_space height=&#8221;60px&#8221;][\/vc_column][\/vc_row]<\/p>\n","protected":false},"author":3,"featured_media":0,"parent":0,"menu_order":0,"comment_status":"closed","ping_status":"closed","template":"","meta":{"footnotes":"","_wp_rev_ctl_limit":""},"class_list":["post-4874","page","type-page","status-publish","hentry"],"yoast_head":"<!-- This site is optimized with the Yoast SEO plugin v27.6 - https:\/\/yoast.com\/product\/yoast-seo-wordpress\/ -->\n<title>Firmapidu - Comfy Events purjetelk<\/title>\n<meta name=\"description\" content=\"Firmapidu looduse keskel I Ainulaadne peotelk kogu P\u00f5hja-Euroopas!\" \/>\n<meta name=\"robots\" content=\"index, follow, max-snippet:-1, max-image-preview:large, max-video-preview:-1\" \/>\n<link rel=\"canonical\" href=\"https:\/\/comfyevents.ee\/en\/telgirent-firmapeole\/\" \/>\n<meta property=\"og:locale\" content=\"en_US\" \/>\n<meta property=\"og:type\" content=\"article\" \/>\n<meta property=\"og:title\" content=\"Firmapidu - Comfy Events purjetelk\" \/>\n<meta property=\"og:description\" content=\"Firmapidu looduse keskel I Ainulaadne peotelk kogu P\u00f5hja-Euroopas!\" \/>\n<meta property=\"og:url\" content=\"https:\/\/comfyevents.ee\/en\/telgirent-firmapeole\/\" \/>\n<meta property=\"og:site_name\" content=\"Comfy Events purjetelk\" \/>\n<meta property=\"article:publisher\" content=\"https:\/\/www.facebook.com\/purjetelk\/\" \/>\n<meta property=\"article:modified_time\" content=\"2024-04-30T11:50:08+00:00\" \/>\n<meta property=\"og:image\" content=\"https:\/\/comfyevents.ee\/wp-content\/uploads\/2025\/03\/310158884_527218436080293_8680189412409634702_n.jpg\" \/>\n\t<meta property=\"og:image:width\" content=\"2048\" \/>\n\t<meta property=\"og:image:height\" content=\"1365\" \/>\n\t<meta property=\"og:image:type\" content=\"image\/jpeg\" \/>\n<meta name=\"twitter:card\" content=\"summary_large_image\" \/>\n<meta name=\"twitter:label1\" content=\"Est. reading time\" \/>\n\t<meta name=\"twitter:data1\" content=\"2 minutes\" \/>\n<script type=\"application\/ld+json\" class=\"yoast-schema-graph\">{\"@context\":\"https:\\\/\\\/schema.org\",\"@graph\":[{\"@type\":\"WebPage\",\"@id\":\"https:\\\/\\\/comfyevents.ee\\\/en\\\/telgirent-firmapeole\\\/\",\"url\":\"https:\\\/\\\/comfyevents.ee\\\/en\\\/telgirent-firmapeole\\\/\",\"name\":\"Firmapidu - Comfy Events purjetelk\",\"isPartOf\":{\"@id\":\"https:\\\/\\\/comfyevents.ee\\\/en\\\/#website\"},\"datePublished\":\"2024-04-29T13:56:37+00:00\",\"dateModified\":\"2024-04-30T11:50:08+00:00\",\"description\":\"Firmapidu looduse keskel I Ainulaadne peotelk kogu P\u00f5hja-Euroopas!\",\"breadcrumb\":{\"@id\":\"https:\\\/\\\/comfyevents.ee\\\/en\\\/telgirent-firmapeole\\\/#breadcrumb\"},\"inLanguage\":\"en-US\",\"potentialAction\":[{\"@type\":\"ReadAction\",\"target\":[\"https:\\\/\\\/comfyevents.ee\\\/en\\\/telgirent-firmapeole\\\/\"]}]},{\"@type\":\"BreadcrumbList\",\"@id\":\"https:\\\/\\\/comfyevents.ee\\\/en\\\/telgirent-firmapeole\\\/#breadcrumb\",\"itemListElement\":[{\"@type\":\"ListItem\",\"position\":1,\"name\":\"Home\",\"item\":\"https:\\\/\\\/comfyevents.ee\\\/en\\\/\"},{\"@type\":\"ListItem\",\"position\":2,\"name\":\"Rendi telk firmapeole\"}]},{\"@type\":\"WebSite\",\"@id\":\"https:\\\/\\\/comfyevents.ee\\\/en\\\/#website\",\"url\":\"https:\\\/\\\/comfyevents.ee\\\/en\\\/\",\"name\":\"Comfy Events \u2013 disain peotelgi rent\",\"description\":\"Telgi rent, telkide rent, peotelgi rent, peotelkide rent, pulmatelk, pulmatelgi rent, pulmatelgid, telgipulm, telkide rentimine, peotelkide rentimine\",\"publisher\":{\"@id\":\"https:\\\/\\\/comfyevents.ee\\\/en\\\/#organization\"},\"potentialAction\":[{\"@type\":\"SearchAction\",\"target\":{\"@type\":\"EntryPoint\",\"urlTemplate\":\"https:\\\/\\\/comfyevents.ee\\\/en\\\/?s={search_term_string}\"},\"query-input\":{\"@type\":\"PropertyValueSpecification\",\"valueRequired\":true,\"valueName\":\"search_term_string\"}}],\"inLanguage\":\"en-US\"},{\"@type\":\"Organization\",\"@id\":\"https:\\\/\\\/comfyevents.ee\\\/en\\\/#organization\",\"name\":\"Comfy Events\",\"url\":\"https:\\\/\\\/comfyevents.ee\\\/en\\\/\",\"logo\":{\"@type\":\"ImageObject\",\"inLanguage\":\"en-US\",\"@id\":\"https:\\\/\\\/comfyevents.ee\\\/en\\\/#\\\/schema\\\/logo\\\/image\\\/\",\"url\":\"https:\\\/\\\/comfyevents.ee\\\/wp-content\\\/uploads\\\/2025\\\/04\\\/Untitled-design-1.jpg\",\"contentUrl\":\"https:\\\/\\\/comfyevents.ee\\\/wp-content\\\/uploads\\\/2025\\\/04\\\/Untitled-design-1.jpg\",\"width\":720,\"height\":720,\"caption\":\"Comfy Events\"},\"image\":{\"@id\":\"https:\\\/\\\/comfyevents.ee\\\/en\\\/#\\\/schema\\\/logo\\\/image\\\/\"},\"sameAs\":[\"https:\\\/\\\/www.facebook.com\\\/purjetelk\\\/\",\"http:\\\/\\\/instagram.com\\\/purjetelk\",\"https:\\\/\\\/www.youtube.com\\\/@purjetelk\"]}]}<\/script>\n<!-- \/ Yoast SEO plugin. -->","yoast_head_json":{"title":"Firmapidu - Comfy Events purjetelk","description":"Firmapidu looduse keskel I Ainulaadne peotelk kogu P\u00f5hja-Euroopas!","robots":{"index":"index","follow":"follow","max-snippet":"max-snippet:-1","max-image-preview":"max-image-preview:large","max-video-preview":"max-video-preview:-1"},"canonical":"https:\/\/comfyevents.ee\/en\/telgirent-firmapeole\/","og_locale":"en_US","og_type":"article","og_title":"Firmapidu - Comfy Events purjetelk","og_description":"Firmapidu looduse keskel I Ainulaadne peotelk kogu P\u00f5hja-Euroopas!","og_url":"https:\/\/comfyevents.ee\/en\/telgirent-firmapeole\/","og_site_name":"Comfy Events purjetelk","article_publisher":"https:\/\/www.facebook.com\/purjetelk\/","article_modified_time":"2024-04-30T11:50:08+00:00","og_image":[{"width":2048,"height":1365,"url":"https:\/\/comfyevents.ee\/wp-content\/uploads\/2025\/03\/310158884_527218436080293_8680189412409634702_n.jpg","type":"image\/jpeg"}],"twitter_card":"summary_large_image","twitter_misc":{"Est. reading time":"2 minutes"},"schema":{"@context":"https:\/\/schema.org","@graph":[{"@type":"WebPage","@id":"https:\/\/comfyevents.ee\/en\/telgirent-firmapeole\/","url":"https:\/\/comfyevents.ee\/en\/telgirent-firmapeole\/","name":"Firmapidu - Comfy Events purjetelk","isPartOf":{"@id":"https:\/\/comfyevents.ee\/en\/#website"},"datePublished":"2024-04-29T13:56:37+00:00","dateModified":"2024-04-30T11:50:08+00:00","description":"Firmapidu looduse keskel I Ainulaadne peotelk kogu P\u00f5hja-Euroopas!","breadcrumb":{"@id":"https:\/\/comfyevents.ee\/en\/telgirent-firmapeole\/#breadcrumb"},"inLanguage":"en-US","potentialAction":[{"@type":"ReadAction","target":["https:\/\/comfyevents.ee\/en\/telgirent-firmapeole\/"]}]},{"@type":"BreadcrumbList","@id":"https:\/\/comfyevents.ee\/en\/telgirent-firmapeole\/#breadcrumb","itemListElement":[{"@type":"ListItem","position":1,"name":"Home","item":"https:\/\/comfyevents.ee\/en\/"},{"@type":"ListItem","position":2,"name":"Rendi telk firmapeole"}]},{"@type":"WebSite","@id":"https:\/\/comfyevents.ee\/en\/#website","url":"https:\/\/comfyevents.ee\/en\/","name":"Comfy Events \u2013 disain peotelgi rent","description":"Telgi rent, telkide rent, peotelgi rent, peotelkide rent, pulmatelk, pulmatelgi rent, pulmatelgid, telgipulm, telkide rentimine, peotelkide rentimine","publisher":{"@id":"https:\/\/comfyevents.ee\/en\/#organization"},"potentialAction":[{"@type":"SearchAction","target":{"@type":"EntryPoint","urlTemplate":"https:\/\/comfyevents.ee\/en\/?s={search_term_string}"},"query-input":{"@type":"PropertyValueSpecification","valueRequired":true,"valueName":"search_term_string"}}],"inLanguage":"en-US"},{"@type":"Organization","@id":"https:\/\/comfyevents.ee\/en\/#organization","name":"Comfy Events","url":"https:\/\/comfyevents.ee\/en\/","logo":{"@type":"ImageObject","inLanguage":"en-US","@id":"https:\/\/comfyevents.ee\/en\/#\/schema\/logo\/image\/","url":"https:\/\/comfyevents.ee\/wp-content\/uploads\/2025\/04\/Untitled-design-1.jpg","contentUrl":"https:\/\/comfyevents.ee\/wp-content\/uploads\/2025\/04\/Untitled-design-1.jpg","width":720,"height":720,"caption":"Comfy Events"},"image":{"@id":"https:\/\/comfyevents.ee\/en\/#\/schema\/logo\/image\/"},"sameAs":["https:\/\/www.facebook.com\/purjetelk\/","http:\/\/instagram.com\/purjetelk","https:\/\/www.youtube.com\/@purjetelk"]}]}},"_links":{"self":[{"href":"https:\/\/comfyevents.ee\/en\/wp-json\/wp\/v2\/pages\/4874","targetHints":{"allow":["GET"]}}],"collection":[{"href":"https:\/\/comfyevents.ee\/en\/wp-json\/wp\/v2\/pages"}],"about":[{"href":"https:\/\/comfyevents.ee\/en\/wp-json\/wp\/v2\/types\/page"}],"author":[{"embeddable":true,"href":"https:\/\/comfyevents.ee\/en\/wp-json\/wp\/v2\/users\/3"}],"replies":[{"embeddable":true,"href":"https:\/\/comfyevents.ee\/en\/wp-json\/wp\/v2\/comments?post=4874"}],"version-history":[{"count":1,"href":"https:\/\/comfyevents.ee\/en\/wp-json\/wp\/v2\/pages\/4874\/revisions"}],"predecessor-version":[{"id":7575,"href":"https:\/\/comfyevents.ee\/en\/wp-json\/wp\/v2\/pages\/4874\/revisions\/7575"}],"wp:attachment":[{"href":"https:\/\/comfyevents.ee\/en\/wp-json\/wp\/v2\/media?parent=4874"}],"curies":[{"name":"wp","href":"https:\/\/api.w.org\/{rel}","templated":true}]}}