{"id":8885,"date":"2024-04-23T16:56:08","date_gmt":"2024-04-23T13:56:08","guid":{"rendered":"https:\/\/comfyevents.ee\/rent-a-wedding-tent\/"},"modified":"2025-12-19T17:22:51","modified_gmt":"2025-12-19T14:22:51","slug":"rent-a-wedding-tent","status":"publish","type":"page","link":"https:\/\/comfyevents.ee\/en\/rent-a-wedding-tent\/","title":{"rendered":"Rent a Wedding Tent"},"content":{"rendered":"<p>[vc_row row_content_width=&#8221;grid&#8221;][vc_column]<div class=\"eltdf-section-title-holder  eltdf-st-standard   \" >\n\t<div class=\"eltdf-st-inner\">\n\t\t\t\t\t<h1 class=\"eltdf-st-title\" >\n\t\t\t\tWedding Tent Rental\t\t\t<\/h1>\n\t\t                    <h6 class=\"eltdf-st-separator-subtitle\" >unistuste pulmad<\/h6>\n        \t\t\t<\/div>\n<\/div>[vc_empty_space height=&#8221;60px&#8221;][\/vc_column][\/vc_row][vc_row][vc_column parallax=&#8221;content-moving&#8221; css=&#8221;.vc_custom_1600701955402{background-image: url(http:\/\/comfyevents.ee\/wp-content\/uploads\/2020\/09\/comfy-xl-koue-mois.jpg?id=6039) !important;background-position: center !important;background-repeat: no-repeat !important;background-size: cover !important;}&#8221;]<div class=\"eltdf-elements-holder   eltdf-one-column  eltdf-responsive-mode-768 \" ><div class=\"eltdf-eh-item  eltdf-vertical-alignment-top eltdf-horizontal-alignment-center \"  data-item-class=\"eltdf-eh-custom-5937\" data-1366-1600=\"100px 200px\" data-1024-1366=\"100px 200px\" data-768-1024=\"100px 200px\" data-680-768=\"0px\" data-680=\"0px\">\n\t<div class=\"eltdf-eh-item-inner\">\n\t\t<div class=\"eltdf-eh-item-content eltdf-eh-custom-5937\" >\n\t\t\t[vc_empty_space height=&#8221;60px&#8221;]<div class=\"eltdf-section-title-holder  eltdf-st-standard   eltdf-st-colored-subtitle\" >\n\t<div class=\"eltdf-st-inner\">\n\t\t\t\t\t<h1 class=\"eltdf-st-title\" style=\"color: #ffffff\">\n\t\t\t\tTelgirent pulmadeks\t\t\t<\/h1>\n\t\t                    <h6 class=\"eltdf-st-separator-subtitle\" style=\"color: #ffffff\">ainulaadne atmosf\u00e4\u00e4r<\/h6>\n        \t\t\t<\/div>\n<\/div>[vc_column_text css=&#8221;.vc_custom_1759771735279{padding-right: 50px !important;padding-left: 50px !important;}&#8221;]<\/p>\n<h3 style=\"text-align: center;\"><\/h3>\n<p style=\"text-align: center;\"><span style=\"font-weight: 400;\"><span style=\"color: #ffffff;\">A wedding day is special and deserves a special venue. Wedding tent rental allows you to celebrate amidst nature, without having to worry about the weather or lack of space. Comfy Events event tents combine elegance, coziness, and practicality, ensuring your day is carefree and memorable.  <\/span><\/span><\/p>\n<p>[\/vc_column_text][vc_empty_space height=&#8221;60px&#8221;]\t\t<\/div>\n\t<\/div>\n<\/div><\/div>[vc_empty_space height=&#8221;40px&#8221;][\/vc_column][\/vc_row][vc_row][vc_column][vc_empty_space height=&#8221;62px&#8221;]<div class=\"eltdf-section-title-holder  eltdf-st-standard   \" >\n\t<div class=\"eltdf-st-inner\">\n\t\t\t\t\t<h2 class=\"eltdf-st-title\" >\n\t\t\t\tMiks valida peotelk pulmadeks?\t\t\t<\/h2>\n\t\t                    <h6 class=\"eltdf-st-separator-subtitle\" >Meie peotelgi rent pulmadeks annab t\u00e4ieliku vabaduse \u2013 saad valida asukoha, suuruse ja kujunduse just oma n\u00e4gemuse j\u00e4rgi.<\/h6>\n        \t\t\t<\/div>\n<\/div>[vc_empty_space height=&#8221;62px&#8221;]<div class=\"eltdf-elements-holder   eltdf-two-columns  eltdf-responsive-mode-768 \" ><div class=\"eltdf-eh-item    \"  data-item-class=\"eltdf-eh-custom-5826\">\n\t<div class=\"eltdf-eh-item-inner\">\n\t\t<div class=\"eltdf-eh-item-content eltdf-eh-custom-5826\" >\n\t\t\t[vc_column_text]<\/p>\n<p style=\"text-align: center;\">Design your wedding venue according to your taste and needs. K <span style=\"font-weight: 400;\">The largest (<a href=\"https:\/\/comfyevents.ee\/en\/prices\/\">14&#215;26 meters<\/a>) sailcloth tent can accommodate up to <strong>170 people<\/strong> with round tables, a dance floor, and a food area.<\/span><\/p>\n<p>[\/vc_column_text]\t\t<\/div>\n\t<\/div>\n<\/div><div class=\"eltdf-eh-item   eltdf-horizontal-alignment-right \"  data-item-class=\"eltdf-eh-custom-9001\">\n\t<div class=\"eltdf-eh-item-inner\">\n\t\t<div class=\"eltdf-eh-item-content eltdf-eh-custom-9001\" style=\"padding: 0px 40px 0px 40px\">\n\t\t\t[vc_single_image image=&#8221;8891&#8243; img_size=&#8221;full&#8221;]\t\t<\/div>\n\t<\/div>\n<\/div><div class=\"eltdf-eh-item    \"  data-item-class=\"eltdf-eh-custom-7736\">\n\t<div class=\"eltdf-eh-item-inner\">\n\t\t<div class=\"eltdf-eh-item-content eltdf-eh-custom-7736\" >\n\t\t\t[vc_column_text]Since the sailcloth allows light to shine into the tent, photographers and videographers also love it. The captured moments from your special day will remain bright and romantic.[\/vc_column_text]\t\t<\/div>\n\t<\/div>\n<\/div><\/div>[vc_empty_space height=&#8221;62px&#8221;]<div class=\"eltdf-elements-holder   eltdf-two-columns  eltdf-responsive-mode-768 \" ><div class=\"eltdf-eh-item    \"  data-item-class=\"eltdf-eh-custom-3882\">\n\t<div class=\"eltdf-eh-item-inner\">\n\t\t<div class=\"eltdf-eh-item-content eltdf-eh-custom-3882\" >\n\t\t\t[vc_column_text]<\/p>\n<ul>\n<li class=\"skrollable skrollable-between\" data-start=\"1750\" data-end=\"1807\">You can add to the tent <strong class=\"skrollable skrollable-between\" data-start=\"1770\" data-end=\"1805\">flooring, heaters, furniture, string lights, decorations, and more<\/strong>.<\/li>\n<li class=\"skrollable skrollable-between\" data-start=\"1810\" data-end=\"1863\">Removable walls create an open feeling on summer evenings<\/li>\n<li class=\"skrollable skrollable-between\" data-start=\"1866\" data-end=\"1908\">Various sizes \u2013 40 to 300 guests in one tent. Even more when combining multiple tents. <\/li>\n<\/ul>\n<p>[\/vc_column_text]\t\t<\/div>\n\t<\/div>\n<\/div><div class=\"eltdf-eh-item   eltdf-horizontal-alignment-right \"  data-item-class=\"eltdf-eh-custom-3340\">\n\t<div class=\"eltdf-eh-item-inner\">\n\t\t<div class=\"eltdf-eh-item-content eltdf-eh-custom-3340\" style=\"padding: 0px 40px 0px 40px\">\n\t\t\t[vc_single_image image=&#8221;8892&#8243; img_size=&#8221;full&#8221;]\t\t<\/div>\n\t<\/div>\n<\/div><div class=\"eltdf-eh-item    \"  data-item-class=\"eltdf-eh-custom-4128\">\n\t<div class=\"eltdf-eh-item-inner\">\n\t\t<div class=\"eltdf-eh-item-content eltdf-eh-custom-4128\" >\n\t\t\t[vc_column_text]<\/p>\n<p data-start=\"1433\" data-end=\"1494\">\ud83c\udf3f Suitable for any environment \u2013 lakeside, garden, park, or farmyard<\/p>\n<p data-start=\"1497\" data-end=\"1549\">\ud83d\udca1 Translucent fabric creates a bright space<\/p>\n<p data-start=\"1552\" data-end=\"1593\">\ud83c\udf26\ufe0f Protection from rain, wind, and sun<\/p>\n<p data-start=\"1596\" data-end=\"1666\">\ud83c\udf80 Add decorations, lighting, and floral arrangements according to your wishes<\/p>\n<p>[\/vc_column_text]\t\t<\/div>\n\t<\/div>\n<\/div><\/div>[\/vc_column][\/vc_row][vc_row][vc_column][vc_empty_space height=&#8221;62px&#8221;]<div class=\"eltdf-section-title-holder  eltdf-st-standard   \" >\n\t<div class=\"eltdf-st-inner\">\n\t\t\t\t\t<h2 class=\"eltdf-st-title\" >\n\t\t\t\tTseremooniale\t\t\t<\/h2>\n\t\t                    <h6 class=\"eltdf-st-separator-subtitle\" >rendi telk tseremooniapaigaks<\/h6>\n        \t\t\t<\/div>\n<\/div>[vc_empty_space height=&#8221;64px&#8221;]<div class=\"eltdf-elements-holder   eltdf-two-columns  eltdf-responsive-mode-768 \" ><div class=\"eltdf-eh-item    \"  data-item-class=\"eltdf-eh-custom-6024\">\n\t<div class=\"eltdf-eh-item-inner\">\n\t\t<div class=\"eltdf-eh-item-content eltdf-eh-custom-6024\" >\n\t\t\t[vc_single_image image=&#8221;8893&#8243; img_size=&#8221;full&#8221;]\t\t<\/div>\n\t<\/div>\n<\/div><div class=\"eltdf-eh-item    \"  data-item-class=\"eltdf-eh-custom-5680\">\n\t<div class=\"eltdf-eh-item-inner\">\n\t\t<div class=\"eltdf-eh-item-content eltdf-eh-custom-5680\" style=\"padding: 0px 40px 0px 40px\">\n\t\t\t<div class=\"eltdf-section-title-holder  eltdf-st-standard   \" >\n\t<div class=\"eltdf-st-inner\">\n\t\t\t\t\t<h3 class=\"eltdf-st-title\" >\n\t\t\t\tOman\u00e4oline\t\t\t<\/h3>\n\t\t        \t\t\t<\/div>\n<\/div>[vc_empty_space height=&#8221;20px&#8221;][vc_column_text]<\/p>\n<p style=\"text-align: center;\">Marriage registration doesn&#8217;t have to be an impersonal procedure at the civil registry office; instead, you can choose a romantic, naturally beautiful location for it.<\/p>\n<p>[\/vc_column_text]\t\t<\/div>\n\t<\/div>\n<\/div><\/div><div class=\"eltdf-elements-holder   eltdf-two-columns  eltdf-responsive-mode-768 \" ><div class=\"eltdf-eh-item    \"  data-item-class=\"eltdf-eh-custom-3796\">\n\t<div class=\"eltdf-eh-item-inner\">\n\t\t<div class=\"eltdf-eh-item-content eltdf-eh-custom-3796\" style=\"padding: 0px 40px 0px 40px\">\n\t\t\t<div class=\"eltdf-section-title-holder  eltdf-st-standard   \" >\n\t<div class=\"eltdf-st-inner\">\n\t\t\t\t\t<h3 class=\"eltdf-st-title\" >\n\t\t\t\tEriline\t\t\t<\/h3>\n\t\t        \t\t\t<\/div>\n<\/div>[vc_empty_space height=&#8221;20px&#8221;][vc_column_text]<\/p>\n<p style=\"text-align: center;\"><span style=\"font-weight: 400;\">To avoid a situation where both the bridal couple and guests feel uncomfortable due to rain or heat, a sailcloth tent can be rented for the <strong>ceremony<\/strong> alone to prevent this. <\/span><\/p>\n<p>[\/vc_column_text]\t\t<\/div>\n\t<\/div>\n<\/div><div class=\"eltdf-eh-item   eltdf-horizontal-alignment-right \"  data-item-class=\"eltdf-eh-custom-1560\">\n\t<div class=\"eltdf-eh-item-inner\">\n\t\t<div class=\"eltdf-eh-item-content eltdf-eh-custom-1560\" >\n\t\t\t[vc_single_image image=&#8221;8894&#8243; img_size=&#8221;full&#8221;]\t\t<\/div>\n\t<\/div>\n<\/div><\/div>[vc_empty_space height=&#8221;64px&#8221;][\/vc_column][\/vc_row][vc_row][vc_column]<div class=\"eltdf-elements-holder   eltdf-one-column  eltdf-responsive-mode-768 \" ><div class=\"eltdf-eh-item   eltdf-horizontal-alignment-center \"  data-item-class=\"eltdf-eh-custom-9012\">\n\t<div class=\"eltdf-eh-item-inner\">\n\t\t<div class=\"eltdf-eh-item-content eltdf-eh-custom-9012\" >\n\t\t\t[vc_column_text]<\/p>\n<h4 style=\"text-align: center;\">If you wish to celebrate your life&#8217;s most important event in a place dear to your heart, we will help your dream come true!<\/h4>\n<p>[\/vc_column_text][vc_empty_space height=&#8221;62px&#8221;]<a itemprop=\"url\" href=\"\/kontakt\" target=\"_self\"  class=\"eltdf-btn eltdf-btn-large eltdf-btn-solid\"  >\n    <span class=\"eltdf-btn-text\">Saada meile p\u00e4ring!<\/span>\n    <\/a>\t\t<\/div>\n\t<\/div>\n<\/div><\/div>[vc_empty_space height=&#8221;80px&#8221;]<div class=\"eltdf-section-title-holder  eltdf-st-standard   \" >\n\t<div class=\"eltdf-st-inner\">\n\t\t\t\t\t<h3 class=\"eltdf-st-title\" >\n\t\t\t\tN\u00e4pun\u00e4iteid\t\t\t<\/h3>\n\t\t        \t\t\t\t\t<p class=\"eltdf-st-text\" >\n\t\t\t\tLoe meie blogist kasulikke nippe pulmade pidamisest Comfy telgis.\t\t\t<\/p>\n\t\t\t<\/div>\n<\/div>[vc_empty_space]<div class=\"eltdf-blog-list-holder eltdf-grid-list eltdf-disable-bottom-space eltdf-bl-standard eltdf-two-columns eltdf-large-space eltdf-bl-pag-no-pagination\"  data-type=standard data-number-of-posts=2 data-number-of-columns=two data-space-between-items=large data-category=telgipulm data-orderby=date data-order=ASC data-image-size=gretnagreen_elated_landscape data-title-tag=h4 data-excerpt-length=40 data-post-info-section=yes data-post-info-image=yes data-post-info-author=no data-post-info-date=no data-post-info-category=no data-post-info-comments=no data-post-info-like=no data-post-info-share=no data-pagination-type=no-pagination data-max-num-pages=2 data-next-page=2>\n\t<div class=\"eltdf-bl-wrapper eltdf-outer-space\">\n\t\t<ul class=\"eltdf-blog-list\">\n\t\t\t<li class=\"eltdf-bl-item eltdf-item-space\">\n\t<div class=\"eltdf-bli-inner\">\n\t\t\n\t<div class=\"eltdf-post-image\">\n\t\t\t\t\t<a itemprop=\"url\" href=\"https:\/\/comfyevents.ee\/en\/2020\/01\/06\/pulmatrendid-2020\/\" title=\"Pulmatrendid\">\n\t\t\t\t\t<img loading=\"lazy\" decoding=\"async\" width=\"1000\" height=\"550\" src=\"https:\/\/comfyevents.ee\/wp-content\/uploads\/2020\/01\/pulmad-mere-aares-1000x550.jpg\" class=\"attachment-gretnagreen_elated_landscape size-gretnagreen_elated_landscape wp-post-image\" alt=\"pulmad mere \u00e4\u00e4res\" srcset=\"https:\/\/comfyevents.ee\/wp-content\/uploads\/2020\/01\/pulmad-mere-aares-1000x550.jpg 1000w, https:\/\/comfyevents.ee\/wp-content\/uploads\/2020\/01\/pulmad-mere-aares-600x331.jpg 600w, https:\/\/comfyevents.ee\/wp-content\/uploads\/2020\/01\/pulmad-mere-aares-300x166.jpg 300w\" sizes=\"auto, (max-width: 1000px) 100vw, 1000px\" \/>\t\t\t\t\t<\/a>\n\t\t\t\t\t<\/div>\n        <div class=\"eltdf-bli-content\">\n            \n<h4 itemprop=\"name\" class=\"entry-title eltdf-post-title\" >\n            <a itemprop=\"url\" href=\"https:\/\/comfyevents.ee\/en\/2020\/01\/06\/pulmatrendid-2020\/\" title=\"Pulmatrendid\">\n            Pulmatrendid            <\/a>\n    <\/h4>                        <div class=\"eltdf-bli-excerpt\">\n                \t\t<div class=\"eltdf-post-excerpt-holder\">\n\t\t\t<p itemprop=\"description\" class=\"eltdf-post-excerpt\">\n\t\t\t\t\nPulmad on oluline traditsioon \u00fcle maailma juba aastasadu, kuid nii nagu teisteski valdkondades, on eri aegadel moes erinevad suunad. N\u00e4iteks kas teadsid, et vanade eestlaste pulmad v\u00f5isid kesta lausa n\u00e4dala? V\u00f5i et vanasti oli k\u00fclalistel kombeks ise s\u00f6\u00f6gipoolis ja keelekaste\t\t\t<\/p>\n\t\t<\/div>\n\t            <\/div>\n                            <div class=\"eltdf-bli-info\">\n\t                                <\/div>\n                    <\/div>\n\t<\/div>\n<\/li><li class=\"eltdf-bl-item eltdf-item-space\">\n\t<div class=\"eltdf-bli-inner\">\n\t\t\n\t<div class=\"eltdf-post-image\">\n\t\t\t\t\t<a itemprop=\"url\" href=\"https:\/\/comfyevents.ee\/en\/2024\/03\/19\/telgipulm-5-pohjust-miks-pidada-elu-tahtsundmust-just-telgi-all\/\" title=\"Telgipulm!? 5 p\u00f5hjust, miks pidada elu t\u00e4hts\u00fcndmust just telgi all\">\n\t\t\t\t\t<img loading=\"lazy\" decoding=\"async\" width=\"884\" height=\"438\" src=\"https:\/\/comfyevents.ee\/wp-content\/uploads\/2019\/05\/la_0825900x22.jpg\" class=\"attachment-gretnagreen_elated_landscape size-gretnagreen_elated_landscape wp-post-image\" alt=\"\" srcset=\"https:\/\/comfyevents.ee\/wp-content\/uploads\/2019\/05\/la_0825900x22.jpg 884w, https:\/\/comfyevents.ee\/wp-content\/uploads\/2019\/05\/la_0825900x22-600x297.jpg 600w, https:\/\/comfyevents.ee\/wp-content\/uploads\/2019\/05\/la_0825900x22-300x149.jpg 300w, https:\/\/comfyevents.ee\/wp-content\/uploads\/2019\/05\/la_0825900x22-768x381.jpg 768w\" sizes=\"auto, (max-width: 884px) 100vw, 884px\" \/>\t\t\t\t\t<\/a>\n\t\t\t\t\t<\/div>\n        <div class=\"eltdf-bli-content\">\n            \n<h4 itemprop=\"name\" class=\"entry-title eltdf-post-title\" >\n            <a itemprop=\"url\" href=\"https:\/\/comfyevents.ee\/en\/2024\/03\/19\/telgipulm-5-pohjust-miks-pidada-elu-tahtsundmust-just-telgi-all\/\" title=\"Telgipulm!? 5 p\u00f5hjust, miks pidada elu t\u00e4hts\u00fcndmust just telgi all\">\n            Telgipulm!? 5 p\u00f5hjust, miks pidada elu t\u00e4hts\u00fcndmust just telgi all            <\/a>\n    <\/h4>                        <div class=\"eltdf-bli-excerpt\">\n                \t\t<div class=\"eltdf-post-excerpt-holder\">\n\t\t\t<p itemprop=\"description\" class=\"eltdf-post-excerpt\">\n\t\t\t\t\nTelgipulm!? 5 p\u00f5hjust, miks pidada elu t\u00e4hts\u00fcndmust just telgi all\n\n\n\nTelgipulm on eriline, sest v\u00e4hesed tulevad selle idee peale. Samas on Eestis nii palju looduskauneid kohti, kasv\u00f5i Sinu enda maakodu, kus oma unistuste p\u00e4eva v\u00f5iks pidada.\n\n\n\n\n\n\n\nKaitseb muutlike ilmaolude eest\n\n\n\nEestimaa suvi m\u00e4ngib\t\t\t<\/p>\n\t\t<\/div>\n\t            <\/div>\n                            <div class=\"eltdf-bli-info\">\n\t                                <\/div>\n                    <\/div>\n\t<\/div>\n<\/li>\t\t<\/ul>\n\t<\/div>\n\t<\/div>[\/vc_column][\/vc_row]<\/p>\n","protected":false},"excerpt":{"rendered":"<p>[vc_row row_content_width=&#8221;grid&#8221;][vc_column][vc_empty_space height=&#8221;60px&#8221;][\/vc_column][\/vc_row][vc_row][vc_column parallax=&#8221;content-moving&#8221; css=&#8221;.vc_custom_1600701955402{background-image: url(http:\/\/comfyevents.ee\/wp-content\/uploads\/2020\/09\/comfy-xl-koue-mois.jpg?id=6039) !important;background-position: center !important;background-repeat: no-repeat !important;background-size: cover !important;}&#8221;][vc_empty_space height=&#8221;40px&#8221;][\/vc_column][\/vc_row][vc_row][vc_column][vc_empty_space height=&#8221;62px&#8221;][vc_empty_space height=&#8221;62px&#8221;][vc_empty_space height=&#8221;62px&#8221;][\/vc_column][\/vc_row][vc_row][vc_column][vc_empty_space height=&#8221;62px&#8221;][vc_empty_space height=&#8221;64px&#8221;][vc_empty_space height=&#8221;64px&#8221;][\/vc_column][\/vc_row][vc_row][vc_column][vc_empty_space height=&#8221;80px&#8221;][vc_empty_space][\/vc_column][\/vc_row]<\/p>\n","protected":false},"author":3,"featured_media":0,"parent":0,"menu_order":0,"comment_status":"closed","ping_status":"closed","template":"","meta":{"footnotes":"","_wp_rev_ctl_limit":""},"class_list":["post-8885","page","type-page","status-publish","hentry"],"yoast_head":"<!-- This site is optimized with the Yoast SEO plugin v27.5 - https:\/\/yoast.com\/product\/yoast-seo-wordpress\/ -->\n<title>Wedding Tent Rental \u2013 Event Tent for Weddings | Comfy Events<\/title>\n<meta name=\"description\" content=\"Comfy Events wedding tent rental \u2013 an elegant event tent that creates a special atmosphere. Suitable for both outdoor and indoor venues across Estonia.\" \/>\n<meta name=\"robots\" content=\"index, follow, max-snippet:-1, max-image-preview:large, max-video-preview:-1\" \/>\n<link rel=\"canonical\" href=\"https:\/\/comfyevents.ee\/en\/rent-a-wedding-tent\/\" \/>\n<meta property=\"og:locale\" content=\"en_US\" \/>\n<meta property=\"og:type\" content=\"article\" \/>\n<meta property=\"og:title\" content=\"Wedding Tent Rental \u2013 Event Tent for Weddings | Comfy Events\" \/>\n<meta property=\"og:description\" content=\"Comfy Events wedding tent rental \u2013 an elegant event tent that creates a special atmosphere. Suitable for both outdoor and indoor venues across Estonia.\" \/>\n<meta property=\"og:url\" content=\"https:\/\/comfyevents.ee\/en\/rent-a-wedding-tent\/\" \/>\n<meta property=\"og:site_name\" content=\"Comfy Events purjetelk\" \/>\n<meta property=\"article:publisher\" content=\"https:\/\/www.facebook.com\/purjetelk\/\" \/>\n<meta property=\"article:modified_time\" content=\"2025-12-19T14:22:51+00:00\" \/>\n<meta property=\"og:image\" content=\"https:\/\/comfyevents.ee\/wp-content\/uploads\/2025\/03\/310158884_527218436080293_8680189412409634702_n.jpg\" \/>\n\t<meta property=\"og:image:width\" content=\"2048\" \/>\n\t<meta property=\"og:image:height\" content=\"1365\" \/>\n\t<meta property=\"og:image:type\" content=\"image\/jpeg\" \/>\n<meta name=\"twitter:card\" content=\"summary_large_image\" \/>\n<meta name=\"twitter:label1\" content=\"Est. reading time\" \/>\n\t<meta name=\"twitter:data1\" content=\"5 minutes\" \/>\n<script type=\"application\/ld+json\" class=\"yoast-schema-graph\">{\"@context\":\"https:\\\/\\\/schema.org\",\"@graph\":[{\"@type\":\"WebPage\",\"@id\":\"https:\\\/\\\/comfyevents.ee\\\/en\\\/rent-a-wedding-tent\\\/\",\"url\":\"https:\\\/\\\/comfyevents.ee\\\/en\\\/rent-a-wedding-tent\\\/\",\"name\":\"Wedding Tent Rental \u2013 Event Tent for Weddings | Comfy Events\",\"isPartOf\":{\"@id\":\"https:\\\/\\\/comfyevents.ee\\\/en\\\/#website\"},\"datePublished\":\"2024-04-23T13:56:08+00:00\",\"dateModified\":\"2025-12-19T14:22:51+00:00\",\"description\":\"Comfy Events wedding tent rental \u2013 an elegant event tent that creates a special atmosphere. Suitable for both outdoor and indoor venues across Estonia.\",\"breadcrumb\":{\"@id\":\"https:\\\/\\\/comfyevents.ee\\\/en\\\/rent-a-wedding-tent\\\/#breadcrumb\"},\"inLanguage\":\"en-US\",\"potentialAction\":[{\"@type\":\"ReadAction\",\"target\":[\"https:\\\/\\\/comfyevents.ee\\\/en\\\/rent-a-wedding-tent\\\/\"]}]},{\"@type\":\"BreadcrumbList\",\"@id\":\"https:\\\/\\\/comfyevents.ee\\\/en\\\/rent-a-wedding-tent\\\/#breadcrumb\",\"itemListElement\":[{\"@type\":\"ListItem\",\"position\":1,\"name\":\"Home\",\"item\":\"https:\\\/\\\/comfyevents.ee\\\/en\\\/\"},{\"@type\":\"ListItem\",\"position\":2,\"name\":\"Rent a Wedding Tent\"}]},{\"@type\":\"WebSite\",\"@id\":\"https:\\\/\\\/comfyevents.ee\\\/en\\\/#website\",\"url\":\"https:\\\/\\\/comfyevents.ee\\\/en\\\/\",\"name\":\"Comfy Events \u2013 disain peotelgi rent\",\"description\":\"Telgi rent, telkide rent, peotelgi rent, peotelkide rent, pulmatelk, pulmatelgi rent, pulmatelgid, telgipulm, telkide rentimine, peotelkide rentimine\",\"publisher\":{\"@id\":\"https:\\\/\\\/comfyevents.ee\\\/en\\\/#organization\"},\"potentialAction\":[{\"@type\":\"SearchAction\",\"target\":{\"@type\":\"EntryPoint\",\"urlTemplate\":\"https:\\\/\\\/comfyevents.ee\\\/en\\\/?s={search_term_string}\"},\"query-input\":{\"@type\":\"PropertyValueSpecification\",\"valueRequired\":true,\"valueName\":\"search_term_string\"}}],\"inLanguage\":\"en-US\"},{\"@type\":\"Organization\",\"@id\":\"https:\\\/\\\/comfyevents.ee\\\/en\\\/#organization\",\"name\":\"Comfy Events\",\"url\":\"https:\\\/\\\/comfyevents.ee\\\/en\\\/\",\"logo\":{\"@type\":\"ImageObject\",\"inLanguage\":\"en-US\",\"@id\":\"https:\\\/\\\/comfyevents.ee\\\/en\\\/#\\\/schema\\\/logo\\\/image\\\/\",\"url\":\"https:\\\/\\\/comfyevents.ee\\\/wp-content\\\/uploads\\\/2025\\\/04\\\/Untitled-design-1.jpg\",\"contentUrl\":\"https:\\\/\\\/comfyevents.ee\\\/wp-content\\\/uploads\\\/2025\\\/04\\\/Untitled-design-1.jpg\",\"width\":720,\"height\":720,\"caption\":\"Comfy Events\"},\"image\":{\"@id\":\"https:\\\/\\\/comfyevents.ee\\\/en\\\/#\\\/schema\\\/logo\\\/image\\\/\"},\"sameAs\":[\"https:\\\/\\\/www.facebook.com\\\/purjetelk\\\/\",\"http:\\\/\\\/instagram.com\\\/purjetelk\",\"https:\\\/\\\/www.youtube.com\\\/@purjetelk\"]}]}<\/script>\n<!-- \/ Yoast SEO plugin. -->","yoast_head_json":{"title":"Wedding Tent Rental \u2013 Event Tent for Weddings | Comfy Events","description":"Comfy Events wedding tent rental \u2013 an elegant event tent that creates a special atmosphere. Suitable for both outdoor and indoor venues across Estonia.","robots":{"index":"index","follow":"follow","max-snippet":"max-snippet:-1","max-image-preview":"max-image-preview:large","max-video-preview":"max-video-preview:-1"},"canonical":"https:\/\/comfyevents.ee\/en\/rent-a-wedding-tent\/","og_locale":"en_US","og_type":"article","og_title":"Wedding Tent Rental \u2013 Event Tent for Weddings | Comfy Events","og_description":"Comfy Events wedding tent rental \u2013 an elegant event tent that creates a special atmosphere. Suitable for both outdoor and indoor venues across Estonia.","og_url":"https:\/\/comfyevents.ee\/en\/rent-a-wedding-tent\/","og_site_name":"Comfy Events purjetelk","article_publisher":"https:\/\/www.facebook.com\/purjetelk\/","article_modified_time":"2025-12-19T14:22:51+00:00","og_image":[{"width":2048,"height":1365,"url":"https:\/\/comfyevents.ee\/wp-content\/uploads\/2025\/03\/310158884_527218436080293_8680189412409634702_n.jpg","type":"image\/jpeg"}],"twitter_card":"summary_large_image","twitter_misc":{"Est. reading time":"5 minutes"},"schema":{"@context":"https:\/\/schema.org","@graph":[{"@type":"WebPage","@id":"https:\/\/comfyevents.ee\/en\/rent-a-wedding-tent\/","url":"https:\/\/comfyevents.ee\/en\/rent-a-wedding-tent\/","name":"Wedding Tent Rental \u2013 Event Tent for Weddings | Comfy Events","isPartOf":{"@id":"https:\/\/comfyevents.ee\/en\/#website"},"datePublished":"2024-04-23T13:56:08+00:00","dateModified":"2025-12-19T14:22:51+00:00","description":"Comfy Events wedding tent rental \u2013 an elegant event tent that creates a special atmosphere. Suitable for both outdoor and indoor venues across Estonia.","breadcrumb":{"@id":"https:\/\/comfyevents.ee\/en\/rent-a-wedding-tent\/#breadcrumb"},"inLanguage":"en-US","potentialAction":[{"@type":"ReadAction","target":["https:\/\/comfyevents.ee\/en\/rent-a-wedding-tent\/"]}]},{"@type":"BreadcrumbList","@id":"https:\/\/comfyevents.ee\/en\/rent-a-wedding-tent\/#breadcrumb","itemListElement":[{"@type":"ListItem","position":1,"name":"Home","item":"https:\/\/comfyevents.ee\/en\/"},{"@type":"ListItem","position":2,"name":"Rent a Wedding Tent"}]},{"@type":"WebSite","@id":"https:\/\/comfyevents.ee\/en\/#website","url":"https:\/\/comfyevents.ee\/en\/","name":"Comfy Events \u2013 disain peotelgi rent","description":"Telgi rent, telkide rent, peotelgi rent, peotelkide rent, pulmatelk, pulmatelgi rent, pulmatelgid, telgipulm, telkide rentimine, peotelkide rentimine","publisher":{"@id":"https:\/\/comfyevents.ee\/en\/#organization"},"potentialAction":[{"@type":"SearchAction","target":{"@type":"EntryPoint","urlTemplate":"https:\/\/comfyevents.ee\/en\/?s={search_term_string}"},"query-input":{"@type":"PropertyValueSpecification","valueRequired":true,"valueName":"search_term_string"}}],"inLanguage":"en-US"},{"@type":"Organization","@id":"https:\/\/comfyevents.ee\/en\/#organization","name":"Comfy Events","url":"https:\/\/comfyevents.ee\/en\/","logo":{"@type":"ImageObject","inLanguage":"en-US","@id":"https:\/\/comfyevents.ee\/en\/#\/schema\/logo\/image\/","url":"https:\/\/comfyevents.ee\/wp-content\/uploads\/2025\/04\/Untitled-design-1.jpg","contentUrl":"https:\/\/comfyevents.ee\/wp-content\/uploads\/2025\/04\/Untitled-design-1.jpg","width":720,"height":720,"caption":"Comfy Events"},"image":{"@id":"https:\/\/comfyevents.ee\/en\/#\/schema\/logo\/image\/"},"sameAs":["https:\/\/www.facebook.com\/purjetelk\/","http:\/\/instagram.com\/purjetelk","https:\/\/www.youtube.com\/@purjetelk"]}]}},"_links":{"self":[{"href":"https:\/\/comfyevents.ee\/en\/wp-json\/wp\/v2\/pages\/8885","targetHints":{"allow":["GET"]}}],"collection":[{"href":"https:\/\/comfyevents.ee\/en\/wp-json\/wp\/v2\/pages"}],"about":[{"href":"https:\/\/comfyevents.ee\/en\/wp-json\/wp\/v2\/types\/page"}],"author":[{"embeddable":true,"href":"https:\/\/comfyevents.ee\/en\/wp-json\/wp\/v2\/users\/3"}],"replies":[{"embeddable":true,"href":"https:\/\/comfyevents.ee\/en\/wp-json\/wp\/v2\/comments?post=8885"}],"version-history":[{"count":4,"href":"https:\/\/comfyevents.ee\/en\/wp-json\/wp\/v2\/pages\/8885\/revisions"}],"predecessor-version":[{"id":9174,"href":"https:\/\/comfyevents.ee\/en\/wp-json\/wp\/v2\/pages\/8885\/revisions\/9174"}],"wp:attachment":[{"href":"https:\/\/comfyevents.ee\/en\/wp-json\/wp\/v2\/media?parent=8885"}],"curies":[{"name":"wp","href":"https:\/\/api.w.org\/{rel}","templated":true}]}}