{"id":8771,"date":"2024-04-30T14:48:32","date_gmt":"2024-04-30T11:48:32","guid":{"rendered":"https:\/\/comfyevents.ee\/blogi\/"},"modified":"2025-12-19T17:24:01","modified_gmt":"2025-12-19T14:24:01","slug":"blogi","status":"publish","type":"page","link":"https:\/\/comfyevents.ee\/fi\/blogi\/","title":{"rendered":"Blogi"},"content":{"rendered":"\n<p>\u00a0<\/p>\n\n<p>\u00a0<\/p>\n\n<p>\u00a0<\/p>\n\n<h1 class=\"wp-block-heading\">Blogi<\/h1>\n\n<p>\u00a0<\/p>\n","protected":false},"excerpt":{"rendered":"<p>\u00a0 \u00a0 \u00a0 Blogi \u00a0<\/p>\n","protected":false},"author":3,"featured_media":0,"parent":0,"menu_order":0,"comment_status":"closed","ping_status":"closed","template":"blog-centered","meta":{"footnotes":"","_wp_rev_ctl_limit":""},"class_list":["post-8771","page","type-page","status-publish","hentry"],"yoast_head":"<!-- This site is optimized with the Yoast SEO plugin v27.5 - https:\/\/yoast.com\/product\/yoast-seo-wordpress\/ -->\n<title>Blogi \u2013 juhlateltan ideat ja vinkit | Comfy Events<\/title>\n<meta name=\"description\" content=\"Lue Comfy Eventsin blogista juhlateltan ideoita ja vinkkej\u00e4 \u2013 inspiraatiota h\u00e4ihin, kes\u00e4p\u00e4iviin ja muihin tapahtumiin kaikkialla Virossa.\" \/>\n<meta name=\"robots\" content=\"index, follow, max-snippet:-1, max-image-preview:large, max-video-preview:-1\" \/>\n<link rel=\"canonical\" href=\"https:\/\/comfyevents.ee\/fi\/blogi\/\" \/>\n<meta property=\"og:locale\" content=\"fi_FI\" \/>\n<meta property=\"og:type\" content=\"article\" \/>\n<meta property=\"og:title\" content=\"Blogi \u2013 juhlateltan ideat ja vinkit | Comfy Events\" \/>\n<meta property=\"og:description\" content=\"Lue Comfy Eventsin blogista juhlateltan ideoita ja vinkkej\u00e4 \u2013 inspiraatiota h\u00e4ihin, kes\u00e4p\u00e4iviin ja muihin tapahtumiin kaikkialla Virossa.\" \/>\n<meta property=\"og:url\" content=\"https:\/\/comfyevents.ee\/fi\/blogi\/\" \/>\n<meta property=\"og:site_name\" content=\"Comfy Events purjetelk\" \/>\n<meta property=\"article:publisher\" content=\"https:\/\/www.facebook.com\/purjetelk\/\" \/>\n<meta property=\"article:modified_time\" content=\"2025-12-19T14:24:01+00:00\" \/>\n<meta property=\"og:image\" content=\"https:\/\/comfyevents.ee\/wp-content\/uploads\/2025\/03\/310158884_527218436080293_8680189412409634702_n.jpg\" \/>\n\t<meta property=\"og:image:width\" content=\"2048\" \/>\n\t<meta property=\"og:image:height\" content=\"1365\" \/>\n\t<meta property=\"og:image:type\" content=\"image\/jpeg\" \/>\n<meta name=\"twitter:card\" content=\"summary_large_image\" \/>\n<script type=\"application\/ld+json\" class=\"yoast-schema-graph\">{\"@context\":\"https:\\\/\\\/schema.org\",\"@graph\":[{\"@type\":\"WebPage\",\"@id\":\"https:\\\/\\\/comfyevents.ee\\\/fi\\\/blogi\\\/\",\"url\":\"https:\\\/\\\/comfyevents.ee\\\/fi\\\/blogi\\\/\",\"name\":\"Blogi \u2013 juhlateltan ideat ja vinkit | Comfy Events\",\"isPartOf\":{\"@id\":\"https:\\\/\\\/comfyevents.ee\\\/fi\\\/#website\"},\"datePublished\":\"2024-04-30T11:48:32+00:00\",\"dateModified\":\"2025-12-19T14:24:01+00:00\",\"description\":\"Lue Comfy Eventsin blogista juhlateltan ideoita ja vinkkej\u00e4 \u2013 inspiraatiota h\u00e4ihin, kes\u00e4p\u00e4iviin ja muihin tapahtumiin kaikkialla Virossa.\",\"breadcrumb\":{\"@id\":\"https:\\\/\\\/comfyevents.ee\\\/fi\\\/blogi\\\/#breadcrumb\"},\"inLanguage\":\"fi\",\"potentialAction\":[{\"@type\":\"ReadAction\",\"target\":[\"https:\\\/\\\/comfyevents.ee\\\/fi\\\/blogi\\\/\"]}]},{\"@type\":\"BreadcrumbList\",\"@id\":\"https:\\\/\\\/comfyevents.ee\\\/fi\\\/blogi\\\/#breadcrumb\",\"itemListElement\":[{\"@type\":\"ListItem\",\"position\":1,\"name\":\"Home\",\"item\":\"https:\\\/\\\/comfyevents.ee\\\/fi\\\/tervetuloa\\\/\"},{\"@type\":\"ListItem\",\"position\":2,\"name\":\"Blogi\"}]},{\"@type\":\"WebSite\",\"@id\":\"https:\\\/\\\/comfyevents.ee\\\/fi\\\/#website\",\"url\":\"https:\\\/\\\/comfyevents.ee\\\/fi\\\/\",\"name\":\"Comfy Events \u2013 disain peotelgi rent\",\"description\":\"Telgi rent, telkide rent, peotelgi rent, peotelkide rent, pulmatelk, pulmatelgi rent, pulmatelgid, telgipulm, telkide rentimine, peotelkide rentimine\",\"publisher\":{\"@id\":\"https:\\\/\\\/comfyevents.ee\\\/fi\\\/#organization\"},\"potentialAction\":[{\"@type\":\"SearchAction\",\"target\":{\"@type\":\"EntryPoint\",\"urlTemplate\":\"https:\\\/\\\/comfyevents.ee\\\/fi\\\/?s={search_term_string}\"},\"query-input\":{\"@type\":\"PropertyValueSpecification\",\"valueRequired\":true,\"valueName\":\"search_term_string\"}}],\"inLanguage\":\"fi\"},{\"@type\":\"Organization\",\"@id\":\"https:\\\/\\\/comfyevents.ee\\\/fi\\\/#organization\",\"name\":\"Comfy Events\",\"url\":\"https:\\\/\\\/comfyevents.ee\\\/fi\\\/\",\"logo\":{\"@type\":\"ImageObject\",\"inLanguage\":\"fi\",\"@id\":\"https:\\\/\\\/comfyevents.ee\\\/fi\\\/#\\\/schema\\\/logo\\\/image\\\/\",\"url\":\"https:\\\/\\\/comfyevents.ee\\\/wp-content\\\/uploads\\\/2025\\\/04\\\/Untitled-design-1.jpg\",\"contentUrl\":\"https:\\\/\\\/comfyevents.ee\\\/wp-content\\\/uploads\\\/2025\\\/04\\\/Untitled-design-1.jpg\",\"width\":720,\"height\":720,\"caption\":\"Comfy Events\"},\"image\":{\"@id\":\"https:\\\/\\\/comfyevents.ee\\\/fi\\\/#\\\/schema\\\/logo\\\/image\\\/\"},\"sameAs\":[\"https:\\\/\\\/www.facebook.com\\\/purjetelk\\\/\",\"http:\\\/\\\/instagram.com\\\/purjetelk\",\"https:\\\/\\\/www.youtube.com\\\/@purjetelk\"]}]}<\/script>\n<!-- \/ Yoast SEO plugin. -->","yoast_head_json":{"title":"Blogi \u2013 juhlateltan ideat ja vinkit | Comfy Events","description":"Lue Comfy Eventsin blogista juhlateltan ideoita ja vinkkej\u00e4 \u2013 inspiraatiota h\u00e4ihin, kes\u00e4p\u00e4iviin ja muihin tapahtumiin kaikkialla Virossa.","robots":{"index":"index","follow":"follow","max-snippet":"max-snippet:-1","max-image-preview":"max-image-preview:large","max-video-preview":"max-video-preview:-1"},"canonical":"https:\/\/comfyevents.ee\/fi\/blogi\/","og_locale":"fi_FI","og_type":"article","og_title":"Blogi \u2013 juhlateltan ideat ja vinkit | Comfy Events","og_description":"Lue Comfy Eventsin blogista juhlateltan ideoita ja vinkkej\u00e4 \u2013 inspiraatiota h\u00e4ihin, kes\u00e4p\u00e4iviin ja muihin tapahtumiin kaikkialla Virossa.","og_url":"https:\/\/comfyevents.ee\/fi\/blogi\/","og_site_name":"Comfy Events purjetelk","article_publisher":"https:\/\/www.facebook.com\/purjetelk\/","article_modified_time":"2025-12-19T14:24:01+00:00","og_image":[{"width":2048,"height":1365,"url":"https:\/\/comfyevents.ee\/wp-content\/uploads\/2025\/03\/310158884_527218436080293_8680189412409634702_n.jpg","type":"image\/jpeg"}],"twitter_card":"summary_large_image","schema":{"@context":"https:\/\/schema.org","@graph":[{"@type":"WebPage","@id":"https:\/\/comfyevents.ee\/fi\/blogi\/","url":"https:\/\/comfyevents.ee\/fi\/blogi\/","name":"Blogi \u2013 juhlateltan ideat ja vinkit | Comfy Events","isPartOf":{"@id":"https:\/\/comfyevents.ee\/fi\/#website"},"datePublished":"2024-04-30T11:48:32+00:00","dateModified":"2025-12-19T14:24:01+00:00","description":"Lue Comfy Eventsin blogista juhlateltan ideoita ja vinkkej\u00e4 \u2013 inspiraatiota h\u00e4ihin, kes\u00e4p\u00e4iviin ja muihin tapahtumiin kaikkialla Virossa.","breadcrumb":{"@id":"https:\/\/comfyevents.ee\/fi\/blogi\/#breadcrumb"},"inLanguage":"fi","potentialAction":[{"@type":"ReadAction","target":["https:\/\/comfyevents.ee\/fi\/blogi\/"]}]},{"@type":"BreadcrumbList","@id":"https:\/\/comfyevents.ee\/fi\/blogi\/#breadcrumb","itemListElement":[{"@type":"ListItem","position":1,"name":"Home","item":"https:\/\/comfyevents.ee\/fi\/tervetuloa\/"},{"@type":"ListItem","position":2,"name":"Blogi"}]},{"@type":"WebSite","@id":"https:\/\/comfyevents.ee\/fi\/#website","url":"https:\/\/comfyevents.ee\/fi\/","name":"Comfy Events \u2013 disain peotelgi rent","description":"Telgi rent, telkide rent, peotelgi rent, peotelkide rent, pulmatelk, pulmatelgi rent, pulmatelgid, telgipulm, telkide rentimine, peotelkide rentimine","publisher":{"@id":"https:\/\/comfyevents.ee\/fi\/#organization"},"potentialAction":[{"@type":"SearchAction","target":{"@type":"EntryPoint","urlTemplate":"https:\/\/comfyevents.ee\/fi\/?s={search_term_string}"},"query-input":{"@type":"PropertyValueSpecification","valueRequired":true,"valueName":"search_term_string"}}],"inLanguage":"fi"},{"@type":"Organization","@id":"https:\/\/comfyevents.ee\/fi\/#organization","name":"Comfy Events","url":"https:\/\/comfyevents.ee\/fi\/","logo":{"@type":"ImageObject","inLanguage":"fi","@id":"https:\/\/comfyevents.ee\/fi\/#\/schema\/logo\/image\/","url":"https:\/\/comfyevents.ee\/wp-content\/uploads\/2025\/04\/Untitled-design-1.jpg","contentUrl":"https:\/\/comfyevents.ee\/wp-content\/uploads\/2025\/04\/Untitled-design-1.jpg","width":720,"height":720,"caption":"Comfy Events"},"image":{"@id":"https:\/\/comfyevents.ee\/fi\/#\/schema\/logo\/image\/"},"sameAs":["https:\/\/www.facebook.com\/purjetelk\/","http:\/\/instagram.com\/purjetelk","https:\/\/www.youtube.com\/@purjetelk"]}]}},"_links":{"self":[{"href":"https:\/\/comfyevents.ee\/fi\/wp-json\/wp\/v2\/pages\/8771","targetHints":{"allow":["GET"]}}],"collection":[{"href":"https:\/\/comfyevents.ee\/fi\/wp-json\/wp\/v2\/pages"}],"about":[{"href":"https:\/\/comfyevents.ee\/fi\/wp-json\/wp\/v2\/types\/page"}],"author":[{"embeddable":true,"href":"https:\/\/comfyevents.ee\/fi\/wp-json\/wp\/v2\/users\/3"}],"replies":[{"embeddable":true,"href":"https:\/\/comfyevents.ee\/fi\/wp-json\/wp\/v2\/comments?post=8771"}],"version-history":[{"count":1,"href":"https:\/\/comfyevents.ee\/fi\/wp-json\/wp\/v2\/pages\/8771\/revisions"}],"predecessor-version":[{"id":8773,"href":"https:\/\/comfyevents.ee\/fi\/wp-json\/wp\/v2\/pages\/8771\/revisions\/8773"}],"wp:attachment":[{"href":"https:\/\/comfyevents.ee\/fi\/wp-json\/wp\/v2\/media?parent=8771"}],"curies":[{"name":"wp","href":"https:\/\/api.w.org\/{rel}","templated":true}]}}