{"id":8777,"date":"2024-04-02T16:54:26","date_gmt":"2024-04-02T13:54:26","guid":{"rendered":"https:\/\/comfyevents.ee\/telttavuokraus\/"},"modified":"2025-12-19T17:22:50","modified_gmt":"2025-12-19T14:22:50","slug":"telttavuokraus","status":"publish","type":"page","link":"https:\/\/comfyevents.ee\/fi\/telttavuokraus\/","title":{"rendered":"Telttavuokraus"},"content":{"rendered":"<p>[vc_row][vc_column][vc_empty_space height=&#8221;20px&#8221;]<div class=\"eltdf-section-title-holder  eltdf-st-standard   \" >\n\t<div class=\"eltdf-st-inner\">\n\t\t\t\t\t<h1 class=\"eltdf-st-title\" >\n\t\t\t\tTelgi rent s\u00fcndmusteks \u00fcle Eesti\t\t\t<\/h1>\n\t\t        \t\t\t\t\t<h4 class=\"eltdf-st-text\" style=\"margin-top: 50px\">\n\t\t\t\tComfy Events pakub telgi renti igas suuruses ja igaks s\u00fcndmuseks. Meie peotelgid sobivad pulmadeks, s\u00fcnnip\u00e4evadeks ja firma\u00fcritusteks ning loovad hubase, ilmastikukindla keskkonna nii linnas kui ka looduses.\t\t\t<\/h4>\n\t\t\t<\/div>\n<\/div>[vc_empty_space height=&#8221;56px&#8221;][vc_column_text]<\/p>\n<p style=\"text-align: center;\" data-start=\"1289\" data-end=\"1525\"><strong data-start=\"1289\" data-end=\"1302\">Telttavuokraus<\/strong> on joustava ja tyylik\u00e4s ratkaisu, jos haluat j\u00e4rjest\u00e4\u00e4 tapahtuman luonnossa tai paikassa, jossa sis\u00e4tiloja ei ole. Comfy Events tarjoaa telttavuokrausta kaikkialla Virossa \u2013 h\u00e4ihin, yritystapahtumiin, syntym\u00e4p\u00e4iviin ja muihin t\u00e4rkeisiin tilaisuuksiin. <\/p>\n<p style=\"text-align: center;\" data-start=\"1527\" data-end=\"1785\">Juhlatelttamme ja purjetelttamme luovat avaran ja valoisan tilan, joka sulautuu ymp\u00e4r\u00f6iv\u00e4\u00e4n ymp\u00e4rist\u00f6\u00f6n ja antaa tapahtumalle erityisen tunnelman. Telttavuokraus mahdollistaa sijainnin vapaan valinnan ja tilan suunnittelun tapahtuman luonteen ja vieraiden m\u00e4\u00e4r\u00e4n mukaan. <\/p>\n<p>[\/vc_column_text][\/vc_column][\/vc_row][vc_row][vc_column]<div class=\"eltdf-elements-holder   eltdf-one-column  eltdf-responsive-mode-768 \" ><div class=\"eltdf-eh-item    \"  data-item-class=\"eltdf-eh-custom-6561\">\n\t<div class=\"eltdf-eh-item-inner\">\n\t\t<div class=\"eltdf-eh-item-content eltdf-eh-custom-6561\" >\n\t\t\t\t\t<\/div>\n\t<\/div>\n<\/div><\/div>[\/vc_column][\/vc_row][vc_row][vc_column][vc_empty_space height=&#8221;56px&#8221;]<div class=\"eltdf-section-title-holder  eltdf-st-standard   \" >\n\t<div class=\"eltdf-st-inner\">\n\t\t\t\t\t<h2 class=\"eltdf-st-title\" >\n\t\t\t\tMiksi valita telttavuokraus Comfy Eventsilt\u00e4?\t\t\t<\/h2>\n\t\t                    <h6 class=\"eltdf-st-separator-subtitle\" >telgirent<\/h6>\n        \t\t\t\t\t<p class=\"eltdf-st-text\" >\n\t\t\t\tComfy Eventsin telttavuokraus ei tarkoita pelk\u00e4st\u00e4\u00e4n teltan pystytt\u00e4mist\u00e4. Tarjoamme kokonaisratkaisun, joka sis\u00e4lt\u00e4\u00e4 asennuksen, konsultoinnin ja tarvittavat lis\u00e4ratkaisut. \t\t\t<\/p>\n\t\t\t<\/div>\n<\/div>[vc_empty_space]<div class=\"eltdf-item-showcase-holder clearfix\"><div class=\"eltdf-is-item eltdf-is-left\">\n\t<div class=\"eltdf-is-content\">\n\t\t\t\t\t<h4 class=\"eltdf-is-title\" >\n\t\t\t\t\t\t\t\tRohkem ruumi\t\t\t\t\t\t\t<\/h4>\n\t\t\t\t\t\t\t<p class=\"eltdf-is-text\" >Lahendame olukorra, kus turismitalus, puhkemajas v\u00f5i m\u00f5isas j\u00e4\u00e4b k\u00fclalistele ruumi v\u00e4heks.<\/p>\n\t\t\t<\/div>\n<\/div><div class=\"eltdf-is-item eltdf-is-left\">\n\t<div class=\"eltdf-is-content\">\n\t\t\t\t\t<h4 class=\"eltdf-is-title\" >\n\t\t\t\t\t\t\t\tV\u00e4rske \u00f5hk\t\t\t\t\t\t\t<\/h4>\n\t\t\t\t\t\t\t<p class=\"eltdf-is-text\" >Comfy purjetelgis on rohkem ruumi, looduslikku valgust ja \u00f5hku, et k\u00fclalised saaksid ennast tunda meeldivalt ja hubaselt, ka vihmase ilma korral.<\/p>\n\t\t\t<\/div>\n<\/div><div class=\"eltdf-is-item eltdf-is-left\">\n\t<div class=\"eltdf-is-content\">\n\t\t\t\t\t<h4 class=\"eltdf-is-title\" >\n\t\t\t\t\t\t\t\tPaigutused\t\t\t\t\t\t\t<\/h4>\n\t\t\t\t\t\t\t<p class=\"eltdf-is-text\" >Purjetelk sobib v\u00e4ga h\u00e4sti nii konverentsi pidamiseks, pulmatseremoonia paigaks, kokteilipeoks kui ka piduliku \u00f5htus\u00f6\u00f6gi jaoks.<\/p>\n\t\t\t<\/div>\n<\/div><div class=\"eltdf-is-item eltdf-is-right\">\n\t<div class=\"eltdf-is-content\">\n\t\t\t\t\t<h4 class=\"eltdf-is-title\" >\n\t\t\t\t\t\t\t\tK\u00f5rgem\t\t\t\t\t\t\t<\/h4>\n\t\t\t\t\t\t\t<p class=\"eltdf-is-text\" >Purjetelgi lae k\u00f5rguseks on kuni 7 meetrit, mis tekitab telgi all olles meeldivalt avara ja ruumika tunde.<\/p>\n\t\t\t<\/div>\n<\/div><div class=\"eltdf-is-item eltdf-is-right\">\n\t<div class=\"eltdf-is-content\">\n\t\t\t\t\t<h4 class=\"eltdf-is-title\" >\n\t\t\t\t\t\t\t\tSuurused\t\t\t\t\t\t\t<\/h4>\n\t\t\t\t\t\t\t<p class=\"eltdf-is-text\" >Telgi minimaalne suurus on 10x10 meetrine ring pindalaga on 67m2. Maksimaalne suurus aga 14x25m meetrit, pindalaga kuni 310m2.<\/p>\n\t\t\t<\/div>\n<\/div><div class=\"eltdf-is-item eltdf-is-right\">\n\t<div class=\"eltdf-is-content\">\n\t\t\t\t\t<h4 class=\"eltdf-is-title\" >\n\t\t\t\t\t\t\t\tValgusk\u00fcllane\t\t\t\t\t\t\t<\/h4>\n\t\t\t\t\t\t\t<p class=\"eltdf-is-text\" >Purjeriie laseb p\u00e4evasel ajal p\u00e4ikesevalgusel telki sisse kumada ning \u00f5htuh\u00e4maruses luua valgusdekooril telgi \u00fcmber romantilise atmosf\u00e4\u00e4ri.<\/p>\n\t\t\t<\/div>\n<\/div><div class=\"eltdf-is-image\" style=\"margin-top: 70px\"><img loading=\"lazy\" decoding=\"async\" width=\"350\" height=\"438\" src=\"https:\/\/comfyevents.ee\/wp-content\/uploads\/2019\/07\/91c821333451bede02a3bbd5a00cb145_sm.jpg\" class=\"attachment-full size-full\" alt=\"\" srcset=\"https:\/\/comfyevents.ee\/wp-content\/uploads\/2019\/07\/91c821333451bede02a3bbd5a00cb145_sm.jpg 350w, https:\/\/comfyevents.ee\/wp-content\/uploads\/2019\/07\/91c821333451bede02a3bbd5a00cb145_sm-240x300.jpg 240w\" sizes=\"auto, (max-width: 350px) 100vw, 350px\" \/><\/div><\/div>[vc_empty_space height=&#8221;60px&#8221;][\/vc_column][\/vc_row][vc_section][vc_row][vc_column][vc_empty_space height=&#8221;56px&#8221;]<div class=\"eltdf-section-title-holder  eltdf-st-standard   \" >\n\t<div class=\"eltdf-st-inner\">\n\t\t\t\t\t<h1 class=\"eltdf-st-title\" >\n\t\t\t\tTelgirent pulmadeks ja \u00fcritusteks\t\t\t<\/h1>\n\t\t                    <h6 class=\"eltdf-st-separator-subtitle\" >Peotelk mis lummab<\/h6>\n        \t\t\t<\/div>\n<\/div>[vc_empty_space height=&#8221;56px&#8221;][vc_column_text]<\/p>\n<p data-start=\"2204\" data-end=\"2433\">Telttavuokraus h\u00e4ihin antaa mahdollisuuden j\u00e4rjest\u00e4\u00e4 seremonian ja juhlat juuri sinulle t\u00e4rke\u00e4ss\u00e4 paikassa. Telttavuokraus sopii my\u00f6s erinomaisesti yritystapahtumiin, kes\u00e4p\u00e4iviin ja asiakastilaisuuksiin, joissa tarvitaan joustavaa ja edustavaa ratkaisua. <\/p>\n<p style=\"text-align: center;\" data-start=\"2435\" data-end=\"2588\">\ud83d\udc49 Lue lis\u00e4\u00e4:<br data-start=\"2451\" data-end=\"2454\"><a class=\"decorated-link\" href=\"https:\/\/comfyevents.ee\/fi\/vuokraa-teltta-haajuhliin\/?utm_source=chatgpt.com\" target=\"_new\" rel=\"noopener\" data-start=\"2456\" data-end=\"2518\">Telttavuokraus h\u00e4ihin<\/a><br data-start=\"2520\" data-end=\"2523\"><a class=\"decorated-link\" href=\"https:\/\/comfyevents.ee\/fi\/hinnat\/?utm_source=chatgpt.com\" target=\"_new\" rel=\"noopener\" data-start=\"2525\" data-end=\"2586\">Telttavuokrauksen hinnat<\/a><br \/>\n<a href=\"https:\/\/comfyevents.ee\/2025\/12\/19\/telgirent-eestis\/\">Telttavuokraus Virossa \u2013 miten valita oikea teltta<\/a><\/p>\n<p>[\/vc_column_text][vc_empty_space height=&#8221;56px&#8221;][\/vc_column][\/vc_row][vc_row][vc_column][vc_empty_space height=&#8221;56px&#8221;]<div class=\"eltdf-section-title-holder  eltdf-st-standard   \" >\n\t<div class=\"eltdf-st-inner\">\n\t\t\t\t\t<h1 class=\"eltdf-st-title\" >\n\t\t\t\tIlm ja telgirent Eestis\t\t\t<\/h1>\n\t\t                    <h6 class=\"eltdf-st-separator-subtitle\" >Ilm telgirenti ei takista<\/h6>\n        \t\t\t<\/div>\n<\/div>[vc_empty_space height=&#8221;56px&#8221;][vc_column_text]<\/p>\n<p style=\"text-align: center;\" data-start=\"2628\" data-end=\"2931\">Viron vaihteleva s\u00e4\u00e4 on yksi t\u00e4rkeimmist\u00e4 syist\u00e4, miksi telttavuokraus on k\u00e4yt\u00e4nn\u00f6llinen valinta. Telttaan voidaan lis\u00e4t\u00e4 sivusein\u00e4t ja tarvittaessa my\u00f6s l\u00e4mmitys, jotta vieraat viihtyv\u00e4t mukavasti kaikissa tilanteissa. Tapahtumaa suunnitellessa suosittelemme seuraamaan my\u00f6s  <br data-start=\"2856\" data-end=\"2859\"><a class=\"decorated-link\" href=\"https:\/\/www.ilmateenistus.ee\/\" target=\"_new\" rel=\"noopener\" data-start=\"2861\" data-end=\"2928\">Viron ilmatieteen laitoksen s\u00e4\u00e4ennustetta<\/a>.<\/p>\n<p>[\/vc_column_text][vc_empty_space height=&#8221;56px&#8221;][\/vc_column][\/vc_row][\/vc_section][vc_row][vc_column]<div class=\"eltdf-elements-holder   eltdf-one-column  eltdf-responsive-mode-768 \" ><div class=\"eltdf-eh-item   eltdf-horizontal-alignment-center \"  data-item-class=\"eltdf-eh-custom-6625\" data-768-1024=\"0px\" data-680-768=\"0px\" data-680=\"0px\">\n\t<div class=\"eltdf-eh-item-inner\">\n\t\t<div class=\"eltdf-eh-item-content eltdf-eh-custom-6625\" style=\"padding: 0px 100px\">\n\t\t\t[vc_column_text]<\/p>\n<h4 style=\"text-align: center;\"><span style=\"font-weight: 400;\">Jos j\u00e4rjest\u00e4t tapahtumaa ja etsit siihen mukavaa ja avaraa juhlapaikkaa, ota meihin yhteytt\u00e4, niin l\u00f6yd\u00e4mme yhdess\u00e4 parhaan ratkaisun:<\/span><\/h4>\n<p>[\/vc_column_text][vc_empty_space]<a itemprop=\"url\" href=\"\/kontakt\" target=\"_self\"  class=\"eltdf-btn eltdf-btn-medium eltdf-btn-solid\"  >\n    <span class=\"eltdf-btn-text\">Saada oma p\u00e4ring<\/span>\n    <\/a>[vc_empty_space height=&#8221;100px&#8221;]\t\t<\/div>\n\t<\/div>\n<\/div><\/div>[\/vc_column][vc_column][\/vc_column][vc_column][\/vc_column][\/vc_row]<\/p>\n","protected":false},"excerpt":{"rendered":"<p>[vc_row][vc_column][vc_empty_space height=&#8221;20px&#8221;][vc_empty_space height=&#8221;56px&#8221;][vc_column_text] Telttavuokraus on joustava ja tyylik\u00e4s ratkaisu, jos haluat j\u00e4rjest\u00e4\u00e4 tapahtuman luonnossa tai paikassa, jossa sis\u00e4tiloja ei ole. Comfy Events tarjoaa telttavuokrausta kaikkialla Virossa \u2013 h\u00e4ihin, yritystapahtumiin, syntym\u00e4p\u00e4iviin ja muihin t\u00e4rkeisiin tilaisuuksiin. Juhlatelttamme ja purjetelttamme luovat avaran ja valoisan tilan, [&hellip;]<\/p>\n","protected":false},"author":3,"featured_media":0,"parent":0,"menu_order":0,"comment_status":"closed","ping_status":"closed","template":"","meta":{"footnotes":"","_wp_rev_ctl_limit":""},"class_list":["post-8777","page","type-page","status-publish","hentry"],"yoast_head":"<!-- This site is optimized with the Yoast SEO plugin v27.5 - https:\/\/yoast.com\/product\/yoast-seo-wordpress\/ -->\n<title>Telttavuokraus tapahtumiin kaikkialla Virossa | Comfy Events<\/title>\n<meta name=\"description\" content=\"Comfy Events telttavuokraus kaikkialla Virossa \u2013 juhlateltat h\u00e4ihin, syntym\u00e4p\u00e4iviin ja yritystapahtumiin. Mukava ja viihtyis\u00e4 ratkaisu kaikenkokoisiin tapahtumiin.\" \/>\n<meta name=\"robots\" content=\"index, follow, max-snippet:-1, max-image-preview:large, max-video-preview:-1\" \/>\n<link rel=\"canonical\" href=\"https:\/\/comfyevents.ee\/fi\/telttavuokraus\/\" \/>\n<meta property=\"og:locale\" content=\"fi_FI\" \/>\n<meta property=\"og:type\" content=\"article\" \/>\n<meta property=\"og:title\" content=\"Telttavuokraus tapahtumiin kaikkialla Virossa | Comfy Events\" \/>\n<meta property=\"og:description\" content=\"Comfy Events telttavuokraus kaikkialla Virossa \u2013 juhlateltat h\u00e4ihin, syntym\u00e4p\u00e4iviin ja yritystapahtumiin. Mukava ja viihtyis\u00e4 ratkaisu kaikenkokoisiin tapahtumiin.\" \/>\n<meta property=\"og:url\" content=\"https:\/\/comfyevents.ee\/fi\/telttavuokraus\/\" \/>\n<meta property=\"og:site_name\" content=\"Comfy Events purjetelk\" \/>\n<meta property=\"article:publisher\" content=\"https:\/\/www.facebook.com\/purjetelk\/\" \/>\n<meta property=\"article:modified_time\" content=\"2025-12-19T14:22:50+00:00\" \/>\n<meta property=\"og:image\" content=\"https:\/\/comfyevents.ee\/wp-content\/uploads\/2025\/03\/310158884_527218436080293_8680189412409634702_n.jpg\" \/>\n\t<meta property=\"og:image:width\" content=\"2048\" \/>\n\t<meta property=\"og:image:height\" content=\"1365\" \/>\n\t<meta property=\"og:image:type\" content=\"image\/jpeg\" \/>\n<meta name=\"twitter:card\" content=\"summary_large_image\" \/>\n<meta name=\"twitter:label1\" content=\"Arvioitu lukuaika\" \/>\n\t<meta name=\"twitter:data1\" content=\"4 minuuttia\" \/>\n<script type=\"application\/ld+json\" class=\"yoast-schema-graph\">{\"@context\":\"https:\\\/\\\/schema.org\",\"@graph\":[{\"@type\":\"WebPage\",\"@id\":\"https:\\\/\\\/comfyevents.ee\\\/fi\\\/telttavuokraus\\\/\",\"url\":\"https:\\\/\\\/comfyevents.ee\\\/fi\\\/telttavuokraus\\\/\",\"name\":\"Telttavuokraus tapahtumiin kaikkialla Virossa | Comfy Events\",\"isPartOf\":{\"@id\":\"https:\\\/\\\/comfyevents.ee\\\/fi\\\/#website\"},\"datePublished\":\"2024-04-02T13:54:26+00:00\",\"dateModified\":\"2025-12-19T14:22:50+00:00\",\"description\":\"Comfy Events telttavuokraus kaikkialla Virossa \u2013 juhlateltat h\u00e4ihin, syntym\u00e4p\u00e4iviin ja yritystapahtumiin. Mukava ja viihtyis\u00e4 ratkaisu kaikenkokoisiin tapahtumiin.\",\"breadcrumb\":{\"@id\":\"https:\\\/\\\/comfyevents.ee\\\/fi\\\/telttavuokraus\\\/#breadcrumb\"},\"inLanguage\":\"fi\",\"potentialAction\":[{\"@type\":\"ReadAction\",\"target\":[\"https:\\\/\\\/comfyevents.ee\\\/fi\\\/telttavuokraus\\\/\"]}]},{\"@type\":\"BreadcrumbList\",\"@id\":\"https:\\\/\\\/comfyevents.ee\\\/fi\\\/telttavuokraus\\\/#breadcrumb\",\"itemListElement\":[{\"@type\":\"ListItem\",\"position\":1,\"name\":\"Home\",\"item\":\"https:\\\/\\\/comfyevents.ee\\\/fi\\\/tervetuloa\\\/\"},{\"@type\":\"ListItem\",\"position\":2,\"name\":\"Telttavuokraus\"}]},{\"@type\":\"WebSite\",\"@id\":\"https:\\\/\\\/comfyevents.ee\\\/fi\\\/#website\",\"url\":\"https:\\\/\\\/comfyevents.ee\\\/fi\\\/\",\"name\":\"Comfy Events \u2013 disain peotelgi rent\",\"description\":\"Telgi rent, telkide rent, peotelgi rent, peotelkide rent, pulmatelk, pulmatelgi rent, pulmatelgid, telgipulm, telkide rentimine, peotelkide rentimine\",\"publisher\":{\"@id\":\"https:\\\/\\\/comfyevents.ee\\\/fi\\\/#organization\"},\"potentialAction\":[{\"@type\":\"SearchAction\",\"target\":{\"@type\":\"EntryPoint\",\"urlTemplate\":\"https:\\\/\\\/comfyevents.ee\\\/fi\\\/?s={search_term_string}\"},\"query-input\":{\"@type\":\"PropertyValueSpecification\",\"valueRequired\":true,\"valueName\":\"search_term_string\"}}],\"inLanguage\":\"fi\"},{\"@type\":\"Organization\",\"@id\":\"https:\\\/\\\/comfyevents.ee\\\/fi\\\/#organization\",\"name\":\"Comfy Events\",\"url\":\"https:\\\/\\\/comfyevents.ee\\\/fi\\\/\",\"logo\":{\"@type\":\"ImageObject\",\"inLanguage\":\"fi\",\"@id\":\"https:\\\/\\\/comfyevents.ee\\\/fi\\\/#\\\/schema\\\/logo\\\/image\\\/\",\"url\":\"https:\\\/\\\/comfyevents.ee\\\/wp-content\\\/uploads\\\/2025\\\/04\\\/Untitled-design-1.jpg\",\"contentUrl\":\"https:\\\/\\\/comfyevents.ee\\\/wp-content\\\/uploads\\\/2025\\\/04\\\/Untitled-design-1.jpg\",\"width\":720,\"height\":720,\"caption\":\"Comfy Events\"},\"image\":{\"@id\":\"https:\\\/\\\/comfyevents.ee\\\/fi\\\/#\\\/schema\\\/logo\\\/image\\\/\"},\"sameAs\":[\"https:\\\/\\\/www.facebook.com\\\/purjetelk\\\/\",\"http:\\\/\\\/instagram.com\\\/purjetelk\",\"https:\\\/\\\/www.youtube.com\\\/@purjetelk\"]}]}<\/script>\n<!-- \/ Yoast SEO plugin. -->","yoast_head_json":{"title":"Telttavuokraus tapahtumiin kaikkialla Virossa | Comfy Events","description":"Comfy Events telttavuokraus kaikkialla Virossa \u2013 juhlateltat h\u00e4ihin, syntym\u00e4p\u00e4iviin ja yritystapahtumiin. Mukava ja viihtyis\u00e4 ratkaisu kaikenkokoisiin tapahtumiin.","robots":{"index":"index","follow":"follow","max-snippet":"max-snippet:-1","max-image-preview":"max-image-preview:large","max-video-preview":"max-video-preview:-1"},"canonical":"https:\/\/comfyevents.ee\/fi\/telttavuokraus\/","og_locale":"fi_FI","og_type":"article","og_title":"Telttavuokraus tapahtumiin kaikkialla Virossa | Comfy Events","og_description":"Comfy Events telttavuokraus kaikkialla Virossa \u2013 juhlateltat h\u00e4ihin, syntym\u00e4p\u00e4iviin ja yritystapahtumiin. Mukava ja viihtyis\u00e4 ratkaisu kaikenkokoisiin tapahtumiin.","og_url":"https:\/\/comfyevents.ee\/fi\/telttavuokraus\/","og_site_name":"Comfy Events purjetelk","article_publisher":"https:\/\/www.facebook.com\/purjetelk\/","article_modified_time":"2025-12-19T14:22:50+00:00","og_image":[{"width":2048,"height":1365,"url":"https:\/\/comfyevents.ee\/wp-content\/uploads\/2025\/03\/310158884_527218436080293_8680189412409634702_n.jpg","type":"image\/jpeg"}],"twitter_card":"summary_large_image","twitter_misc":{"Arvioitu lukuaika":"4 minuuttia"},"schema":{"@context":"https:\/\/schema.org","@graph":[{"@type":"WebPage","@id":"https:\/\/comfyevents.ee\/fi\/telttavuokraus\/","url":"https:\/\/comfyevents.ee\/fi\/telttavuokraus\/","name":"Telttavuokraus tapahtumiin kaikkialla Virossa | Comfy Events","isPartOf":{"@id":"https:\/\/comfyevents.ee\/fi\/#website"},"datePublished":"2024-04-02T13:54:26+00:00","dateModified":"2025-12-19T14:22:50+00:00","description":"Comfy Events telttavuokraus kaikkialla Virossa \u2013 juhlateltat h\u00e4ihin, syntym\u00e4p\u00e4iviin ja yritystapahtumiin. Mukava ja viihtyis\u00e4 ratkaisu kaikenkokoisiin tapahtumiin.","breadcrumb":{"@id":"https:\/\/comfyevents.ee\/fi\/telttavuokraus\/#breadcrumb"},"inLanguage":"fi","potentialAction":[{"@type":"ReadAction","target":["https:\/\/comfyevents.ee\/fi\/telttavuokraus\/"]}]},{"@type":"BreadcrumbList","@id":"https:\/\/comfyevents.ee\/fi\/telttavuokraus\/#breadcrumb","itemListElement":[{"@type":"ListItem","position":1,"name":"Home","item":"https:\/\/comfyevents.ee\/fi\/tervetuloa\/"},{"@type":"ListItem","position":2,"name":"Telttavuokraus"}]},{"@type":"WebSite","@id":"https:\/\/comfyevents.ee\/fi\/#website","url":"https:\/\/comfyevents.ee\/fi\/","name":"Comfy Events \u2013 disain peotelgi rent","description":"Telgi rent, telkide rent, peotelgi rent, peotelkide rent, pulmatelk, pulmatelgi rent, pulmatelgid, telgipulm, telkide rentimine, peotelkide rentimine","publisher":{"@id":"https:\/\/comfyevents.ee\/fi\/#organization"},"potentialAction":[{"@type":"SearchAction","target":{"@type":"EntryPoint","urlTemplate":"https:\/\/comfyevents.ee\/fi\/?s={search_term_string}"},"query-input":{"@type":"PropertyValueSpecification","valueRequired":true,"valueName":"search_term_string"}}],"inLanguage":"fi"},{"@type":"Organization","@id":"https:\/\/comfyevents.ee\/fi\/#organization","name":"Comfy Events","url":"https:\/\/comfyevents.ee\/fi\/","logo":{"@type":"ImageObject","inLanguage":"fi","@id":"https:\/\/comfyevents.ee\/fi\/#\/schema\/logo\/image\/","url":"https:\/\/comfyevents.ee\/wp-content\/uploads\/2025\/04\/Untitled-design-1.jpg","contentUrl":"https:\/\/comfyevents.ee\/wp-content\/uploads\/2025\/04\/Untitled-design-1.jpg","width":720,"height":720,"caption":"Comfy Events"},"image":{"@id":"https:\/\/comfyevents.ee\/fi\/#\/schema\/logo\/image\/"},"sameAs":["https:\/\/www.facebook.com\/purjetelk\/","http:\/\/instagram.com\/purjetelk","https:\/\/www.youtube.com\/@purjetelk"]}]}},"_links":{"self":[{"href":"https:\/\/comfyevents.ee\/fi\/wp-json\/wp\/v2\/pages\/8777","targetHints":{"allow":["GET"]}}],"collection":[{"href":"https:\/\/comfyevents.ee\/fi\/wp-json\/wp\/v2\/pages"}],"about":[{"href":"https:\/\/comfyevents.ee\/fi\/wp-json\/wp\/v2\/types\/page"}],"author":[{"embeddable":true,"href":"https:\/\/comfyevents.ee\/fi\/wp-json\/wp\/v2\/users\/3"}],"replies":[{"embeddable":true,"href":"https:\/\/comfyevents.ee\/fi\/wp-json\/wp\/v2\/comments?post=8777"}],"version-history":[{"count":2,"href":"https:\/\/comfyevents.ee\/fi\/wp-json\/wp\/v2\/pages\/8777\/revisions"}],"predecessor-version":[{"id":9173,"href":"https:\/\/comfyevents.ee\/fi\/wp-json\/wp\/v2\/pages\/8777\/revisions\/9173"}],"wp:attachment":[{"href":"https:\/\/comfyevents.ee\/fi\/wp-json\/wp\/v2\/media?parent=8777"}],"curies":[{"name":"wp","href":"https:\/\/api.w.org\/{rel}","templated":true}]}}