{"id":8905,"date":"2024-04-07T13:23:35","date_gmt":"2024-04-07T10:23:35","guid":{"rendered":"https:\/\/comfyevents.ee\/laheta-tiedustelu\/"},"modified":"2025-12-19T17:22:36","modified_gmt":"2025-12-19T14:22:36","slug":"laheta-tiedustelu","status":"publish","type":"page","link":"https:\/\/comfyevents.ee\/fi\/laheta-tiedustelu\/","title":{"rendered":"L\u00e4het\u00e4 tiedustelu"},"content":{"rendered":"<p>[vc_row row_content_width=&#8221;grid&#8221; css=&#8221;.vc_custom_1526479637022{padding-top: 140px !important;padding-bottom: 57px !important;}&#8221;][vc_column]<div class=\"eltdf-section-title-holder  eltdf-st-standard   \" >\n\t<div class=\"eltdf-st-inner\">\n\t\t\t\t\t<h1 class=\"eltdf-st-title\" >\n\t\t\t\tSaada oma p\u00e4ring\t\t\t<\/h1>\n\t\t                    <h6 class=\"eltdf-st-separator-subtitle\" >k\u00fcsi pakkumist<\/h6>\n        \t\t\t<\/div>\n<\/div>[vc_empty_space height=&#8221;50px&#8221;]<div class=\"eltdf-elements-holder   eltdf-two-columns  eltdf-responsive-mode-768 \" ><div class=\"eltdf-eh-item  eltdf-vertical-alignment-top  \"  data-item-class=\"eltdf-eh-custom-6379\" data-1366-1600=\"0 120px 0 0\" data-1024-1366=\"0 120px 0 0\" data-768-1024=\"0 30px 0 0\" data-680-768=\"0 0 0 0\" data-680=\"0 0 0 0\">\n\t<div class=\"eltdf-eh-item-inner\">\n\t\t<div class=\"eltdf-eh-item-content eltdf-eh-custom-6379\" style=\"padding: 0 120px 0 0\">\n\t\t\t<div class=\"eltdf-single-image-holder   \">\n    <div class=\"eltdf-si-inner\" >\n                                    <img loading=\"lazy\" decoding=\"async\" width=\"1000\" height=\"1500\" src=\"https:\/\/comfyevents.ee\/wp-content\/uploads\/2019\/12\/SandraPalmPhotography-585.jpg\" class=\"attachment-full size-full\" alt=\"\" srcset=\"https:\/\/comfyevents.ee\/wp-content\/uploads\/2019\/12\/SandraPalmPhotography-585.jpg 1000w, https:\/\/comfyevents.ee\/wp-content\/uploads\/2019\/12\/SandraPalmPhotography-585-600x900.jpg 600w, https:\/\/comfyevents.ee\/wp-content\/uploads\/2019\/12\/SandraPalmPhotography-585-200x300.jpg 200w, https:\/\/comfyevents.ee\/wp-content\/uploads\/2019\/12\/SandraPalmPhotography-585-683x1024.jpg 683w, https:\/\/comfyevents.ee\/wp-content\/uploads\/2019\/12\/SandraPalmPhotography-585-768x1152.jpg 768w\" sizes=\"auto, (max-width: 1000px) 100vw, 1000px\" \/>                        <\/div>\n<\/div>[vc_column_text]<\/p>\n<p style=\"text-align: right;\">Kuva: Sandra Palm<\/p>\n<p>[\/vc_column_text][vc_empty_space height=&#8221;37px&#8221;][vc_column_text css_animation=&#8221;fadeInLeft&#8221;]<\/p>\n<h4><strong>Ainutlaatuinen purjekangasteltta tapahtumaasi, joka on erityisempi kuin mik\u00e4\u00e4n juhlasali<\/strong><\/h4>\n<ul>\n<li>Valitse teltan koko kutsuttujen vieraiden m\u00e4\u00e4r\u00e4n mukaan<\/li>\n<li>Asennamme purjekangasteltan valitsemaasi paikkaan, olipa se sitten maaseutukoti, kartanopuisto tai merenranta<\/li>\n<li>Suojaa sateelta, tuulelta ja paahtavalta auringolta<\/li>\n<li>Jopa 7-metriset telttahuiput luovat avaran tunteen, mink\u00e4 ansiosta teltan alla on miellytt\u00e4v\u00e4\u00e4 ja viihtyis\u00e4\u00e4 olla<\/li>\n<\/ul>\n<p><img loading=\"lazy\" decoding=\"async\" class=\"wp-image-4670 aligncenter\" src=\"http:\/\/comfyevents.ee\/wp-content\/uploads\/2019\/05\/vahe2.png\" alt=\"Juhlateltta\" width=\"200\" height=\"100\"><\/p>\n<blockquote><p><span style=\"color: #749385;\"><em>Teette niin hienoa ja mik\u00e4 t\u00e4rkeint\u00e4 \u2013 erilaista. Kiitos, ett\u00e4 vuokraatte t\u00e4llaisia telttoja t\u00e4\u00e4ll\u00e4 Virossa ja teette t\u00e4rkeist\u00e4 juhlista erityisempi\u00e4!<\/em><\/span><br \/>\n<span style=\"color: #749385;\">\u2014 Liina ja Germo<\/span><\/p><\/blockquote>\n<h4><strong><img loading=\"lazy\" decoding=\"async\" class=\"size-full wp-image-4669 aligncenter\" src=\"http:\/\/comfyevents.ee\/wp-content\/uploads\/2019\/05\/vahe1.png\" alt=\"juhlateltta\" width=\"200\" height=\"100\"><\/strong><\/h4>\n<h4><strong>Soita, jos haluat lis\u00e4tietoja!<\/strong><br \/>\nRaiko: +372 526 4312<\/h4>\n<p><strong>Comfy Events Oy<\/strong><br \/>\nY-tunnus 14565421<br \/>\nALV-numero EE102120273[\/vc_column_text][vc_empty_space height=&#8221;70px&#8221;]\t\t<\/div>\n\t<\/div>\n<\/div><div class=\"eltdf-eh-item    \"  data-item-class=\"eltdf-eh-custom-3963\" data-1366-1600=\"0px 0 40px 0\" data-1024-1366=\"0px 0 40px 0\" data-768-1024=\"0 0 38px 0\" data-680-768=\"0 0 0 0\" data-680=\"0 0 0 0\">\n\t<div class=\"eltdf-eh-item-inner\">\n\t\t<div class=\"eltdf-eh-item-content eltdf-eh-custom-3963\" style=\"padding: 0 0 40px 0\">\n\t\t\t[vc_column_text]<\/p>\n<h4>Varaa purjekangasteltta jo t\u00e4n\u00e4\u00e4n!<\/h4>\n<p>[\/vc_column_text][vc_empty_space height=&#8221;37px&#8221;]\n<div class=\"wpcf7 no-js\" id=\"wpcf7-f4341-o1\" lang=\"et\" dir=\"ltr\" data-wpcf7-id=\"4341\">\n<div class=\"screen-reader-response\"><p role=\"status\" aria-live=\"polite\" aria-atomic=\"true\"><\/p> <ul><\/ul><\/div>\n<form action=\"\/fi\/wp-json\/wp\/v2\/pages\/8905#wpcf7-f4341-o1\" method=\"post\" class=\"wpcf7-form init\" aria-label=\"Contact form\" novalidate=\"novalidate\" data-status=\"init\">\n<fieldset class=\"hidden-fields-container\"><input type=\"hidden\" name=\"_wpcf7\" value=\"4341\" \/><input type=\"hidden\" name=\"_wpcf7_version\" value=\"6.1.5\" \/><input type=\"hidden\" name=\"_wpcf7_locale\" value=\"et\" \/><input type=\"hidden\" name=\"_wpcf7_unit_tag\" value=\"wpcf7-f4341-o1\" \/><input type=\"hidden\" name=\"_wpcf7_container_post\" value=\"0\" \/><input type=\"hidden\" name=\"_wpcf7_posted_data_hash\" value=\"\" \/><input type=\"hidden\" name=\"_wpcf7_recaptcha_response\" value=\"\" \/>\n<\/fieldset>\n<p><label> Nimi*<br \/>\n<span class=\"wpcf7-form-control-wrap\" data-name=\"your-name\"><input size=\"40\" maxlength=\"400\" class=\"wpcf7-form-control wpcf7-text wpcf7-validates-as-required\" aria-required=\"true\" aria-invalid=\"false\" value=\"\" type=\"text\" name=\"your-name\" \/><\/span> <\/label>\n<\/p>\n<p><label>E-posti aadress*<br \/>\n<span class=\"wpcf7-form-control-wrap\" data-name=\"your-email\"><input size=\"40\" maxlength=\"400\" class=\"wpcf7-form-control wpcf7-email wpcf7-validates-as-required wpcf7-text wpcf7-validates-as-email\" aria-required=\"true\" aria-invalid=\"false\" value=\"\" type=\"email\" name=\"your-email\" \/><\/span> <\/label>\n<\/p>\n<p><label>Telefoninumber*<br \/>\n<span class=\"wpcf7-form-control-wrap\" data-name=\"tel-65\"><input size=\"40\" maxlength=\"400\" class=\"wpcf7-form-control wpcf7-tel wpcf7-validates-as-required wpcf7-text wpcf7-validates-as-tel\" aria-required=\"true\" aria-invalid=\"false\" value=\"\" type=\"tel\" name=\"tel-65\" \/><\/span> <\/label>\n<\/p>\n<p><label>Eelistatav Comfy telgi suurus*<br \/>\n<a style=\"float:right;\" href=\"https:\/\/comfyevents.ee\/wp-content\/uploads\/2019\/10\/paigutused.pdf\" target=\"_blank\">Tutvu paigutuslahendustega<\/a><br \/>\n<span class=\"wpcf7-form-control-wrap\" data-name=\"menu-734\"><select class=\"wpcf7-form-control wpcf7-select wpcf7-validates-as-required\" aria-required=\"true\" aria-invalid=\"false\" name=\"menu-734\"><option value=\"Comfy S \u2014 10 m ring\">Comfy S \u2014 10 m ring<\/option><option value=\"Comfy M \u2014 10x15 m\">Comfy M \u2014 10x15 m<\/option><option value=\"Comfy L \u2014 10x21 m\" selected=\"selected\">Comfy L \u2014 10x21 m<\/option><option value=\"Comfy XL \u2014 10x27 m\">Comfy XL \u2014 10x27 m<\/option><option value=\"Comfy XXL \u2014 10x33 m\">Comfy XXL \u2014 10x33 m<\/option><option value=\"Comfy 14S \u2014 14 m ring\">Comfy 14S \u2014 14 m ring<\/option><option value=\"Comfy 14M \u2014 14x19 m\">Comfy 14M \u2014 14x19 m<\/option><option value=\"Comfy 14L \u2014 14x25 m\">Comfy 14L \u2014 14x25 m<\/option><\/select><\/span> <\/label>\n<\/p>\n<p><label>Orienteeruv k\u00fclaliste arv*<\/label><br \/>\n<span class=\"wpcf7-form-control-wrap\" data-name=\"kylalised\"><input size=\"40\" maxlength=\"400\" class=\"wpcf7-form-control wpcf7-text wpcf7-validates-as-required\" aria-required=\"true\" aria-invalid=\"false\" placeholder=\"Sisesta siia number, kui palju k\u00fclalisi peaks mahtuma telgi alla mahtuma!\" value=\"\" type=\"text\" name=\"kylalised\" \/><\/span>\n<\/p>\n<p><label>Soovitud kuup\u00e4ev*<br \/>\n<span class=\"wpcf7-form-control-wrap\" data-name=\"kuupaev\"><input size=\"40\" maxlength=\"400\" class=\"wpcf7-form-control wpcf7-text wpcf7-validates-as-required\" aria-required=\"true\" aria-invalid=\"false\" placeholder=\"Sisesta siia soovitav kuup\u00e4ev v\u00f5i kuup\u00e4evad, millal telki soovid kasutada!\" value=\"\" type=\"text\" name=\"kuupaev\" \/><\/span><br \/>\n<\/label>\n<\/p>\n<p><label> Planeeritav asukoht*<br \/>\n<span class=\"wpcf7-form-control-wrap\" data-name=\"location\"><input size=\"40\" maxlength=\"400\" class=\"wpcf7-form-control wpcf7-text wpcf7-validates-as-required\" aria-required=\"true\" aria-invalid=\"false\" value=\"\" type=\"text\" name=\"location\" \/><\/span> <\/label>\n<\/p>\n<p><label> \u00dcrituse t\u00fc\u00fcp*<\/label><br \/>\n<span class=\"wpcf7-form-control-wrap\" data-name=\"tyyp\"><span class=\"wpcf7-form-control wpcf7-radio\"><span class=\"wpcf7-list-item first\"><label><input type=\"radio\" name=\"tyyp\" value=\"pulmad\" checked=\"checked\" \/><span class=\"wpcf7-list-item-label\">pulmad<\/span><\/label><\/span><span class=\"wpcf7-list-item\"><label><input type=\"radio\" name=\"tyyp\" value=\"s\u00fcnnip\u00e4ev\" \/><span class=\"wpcf7-list-item-label\">s\u00fcnnip\u00e4ev<\/span><\/label><\/span><span class=\"wpcf7-list-item\"><label><input type=\"radio\" name=\"tyyp\" value=\"firmapidu\" \/><span class=\"wpcf7-list-item-label\">firmapidu<\/span><\/label><\/span><span class=\"wpcf7-list-item\"><label><input type=\"radio\" name=\"tyyp\" value=\"festival\" \/><span class=\"wpcf7-list-item-label\">festival<\/span><\/label><\/span><span class=\"wpcf7-list-item last\"><label><input type=\"radio\" name=\"tyyp\" value=\"muu \u00fcritus\" \/><span class=\"wpcf7-list-item-label\">muu \u00fcritus<\/span><\/label><\/span><\/span><\/span>\n<\/p>\n<p><label> <strong>Kirjuta siia oma \u00fcritusest l\u00e4hemalt \u2014<\/strong><br \/>\nkas teil on olemas ka dekoraator\/korraldaja; mida soovite telgi alla \u00e4ra mahutada lisaks laudadele; mis kell peaks telk \u00fcleval olema; milline on teie eelarve, jne.*<br \/>\n<span class=\"wpcf7-form-control-wrap\" data-name=\"your-message\"><textarea cols=\"40\" rows=\"10\" maxlength=\"2000\" class=\"wpcf7-form-control wpcf7-textarea wpcf7-validates-as-required\" aria-required=\"true\" aria-invalid=\"false\" name=\"your-message\"><\/textarea><\/span> <\/label>\n<\/p>\n<p class=\"marginb\"><br \/>\n<label>Soovin lisaks telgile ka <u><a href=\"https:\/\/comfyevents.ee\/2019\/11\/17\/kas-poranda-rent-on-vajalik\/\" target=\"_blank\">p\u00f5randa<\/a><\/u> hinnapakkumist<\/label><br \/>\n<span class=\"wpcf7-form-control-wrap\" data-name=\"porand\"><span class=\"wpcf7-form-control wpcf7-radio\"><span class=\"wpcf7-list-item first\"><label><input type=\"radio\" name=\"porand\" value=\"Ei soovi\" checked=\"checked\" \/><span class=\"wpcf7-list-item-label\">Ei soovi<\/span><\/label><\/span><span class=\"wpcf7-list-item\"><label><input type=\"radio\" name=\"porand\" value=\"Soovin p\u00f5randat\" \/><span class=\"wpcf7-list-item-label\">Soovin p\u00f5randat<\/span><\/label><\/span><span class=\"wpcf7-list-item\"><label><input type=\"radio\" name=\"porand\" value=\"Soovin lisaks p\u00f5randale ka vaipkatet\" \/><span class=\"wpcf7-list-item-label\">Soovin lisaks p\u00f5randale ka vaipkatet<\/span><\/label><\/span><span class=\"wpcf7-list-item last\"><label><input type=\"radio\" name=\"porand\" value=\"Soovin kunstmuru\" \/><span class=\"wpcf7-list-item-label\">Soovin kunstmuru<\/span><\/label><\/span><\/span><\/span>\n<\/p>\n<p class=\"marginb\"><br \/>\n<label>Soovin telgi \u00fcmber (perimeetrile) ka valgusketti koos paigaldusega<\/label><br \/>\n<span class=\"wpcf7-form-control-wrap\" data-name=\"valguskett\"><span class=\"wpcf7-form-control wpcf7-radio\"><span class=\"wpcf7-list-item first\"><label><input type=\"radio\" name=\"valguskett\" value=\"Jah, soovin\" checked=\"checked\" \/><span class=\"wpcf7-list-item-label\">Jah, soovin<\/span><\/label><\/span><span class=\"wpcf7-list-item last\"><label><input type=\"radio\" name=\"valguskett\" value=\"Ei soovi\" \/><span class=\"wpcf7-list-item-label\">Ei soovi<\/span><\/label><\/span><\/span><\/span>\n<\/p>\n<p class=\"marginb\"><br \/>\n<label>Anna meile teada, j\u00f5udsid Comfyni:<\/label><br \/>\n<span class=\"wpcf7-form-control-wrap\" data-name=\"leidsid\"><input size=\"40\" maxlength=\"400\" class=\"wpcf7-form-control wpcf7-text\" aria-invalid=\"false\" value=\"\" type=\"text\" name=\"leidsid\" \/><\/span>\n<\/p>\n<p><span class=\"wpcf7-form-control-wrap\" data-name=\"acceptance-60\"><span class=\"wpcf7-form-control wpcf7-acceptance\"><span class=\"wpcf7-list-item\"><label><input type=\"checkbox\" name=\"acceptance-60\" value=\"1\" aria-invalid=\"false\" \/><span class=\"wpcf7-list-item-label\">N\u00f5ustun <a href=\"https:\/\/comfyevents.ee\/privaatsus\" target=\"_blank\">privaatsustingimustega<\/a>.<\/span><\/label><\/span><\/span><\/span>\n<\/p>\n<p><input class=\"wpcf7-form-control wpcf7-submit has-spinner\" type=\"submit\" value=\"saada\" \/>\n<\/p><p style=\"display: none !important;\" class=\"akismet-fields-container\" data-prefix=\"_wpcf7_ak_\"><label>&#916;<textarea name=\"_wpcf7_ak_hp_textarea\" cols=\"45\" rows=\"8\" maxlength=\"100\"><\/textarea><\/label><input type=\"hidden\" id=\"ak_js_1\" name=\"_wpcf7_ak_js\" value=\"76\"\/><script type=\"text\/javascript\">\n\/* <![CDATA[ *\/\ndocument.getElementById( \"ak_js_1\" ).setAttribute( \"value\", ( new Date() ).getTime() );\n\/* ]]> *\/\n<\/script>\n<\/p><div class=\"wpcf7-response-output\" aria-hidden=\"true\"><\/div>\n<\/form>\n<\/div>\n[vc_empty_space height=&#8221;30px&#8221;][vc_empty_space height=&#8221;70px&#8221;]\t\t<\/div>\n\t<\/div>\n<\/div><\/div>[\/vc_column][\/vc_row][vc_row content_text_aligment=&#8221;center&#8221; css=&#8221;.vc_custom_1526368830852{padding-top: 2px !important;}&#8221;][vc_column][\/vc_column][\/vc_row]<\/p>\n","protected":false},"excerpt":{"rendered":"<p>[vc_row row_content_width=&#8221;grid&#8221; css=&#8221;.vc_custom_1526479637022{padding-top: 140px !important;padding-bottom: 57px !important;}&#8221;][vc_column][vc_empty_space height=&#8221;50px&#8221;][\/vc_column][\/vc_row][vc_row content_text_aligment=&#8221;center&#8221; css=&#8221;.vc_custom_1526368830852{padding-top: 2px !important;}&#8221;][vc_column][\/vc_column][\/vc_row]<\/p>\n","protected":false},"author":3,"featured_media":0,"parent":0,"menu_order":0,"comment_status":"closed","ping_status":"closed","template":"full-width.php","meta":{"footnotes":"","_wp_rev_ctl_limit":""},"class_list":["post-8905","page","type-page","status-publish","hentry"],"yoast_head":"<!-- This site is optimized with the Yoast SEO plugin v27.5 - https:\/\/yoast.com\/product\/yoast-seo-wordpress\/ -->\n<title>Juhlateltan vuokraus \u2013 purjekangasteltta ainutlaatuisiin tapahtumiin<\/title>\n<meta name=\"description\" content=\"Etsitk\u00f6 juhlatelttaa vuokralle? Comfy Eventsin purjekangasteltta tuo tapahtumaasi ainutlaatuista luksusta ja luonnonl\u00e4heisyytt\u00e4. Ihanteellinen valinta tehd\u00e4 jokaisesta juhlasta todella erityinen!\" \/>\n<meta name=\"robots\" content=\"index, follow, max-snippet:-1, max-image-preview:large, max-video-preview:-1\" \/>\n<link rel=\"canonical\" href=\"https:\/\/comfyevents.ee\/fi\/laheta-tiedustelu\/\" \/>\n<meta property=\"og:locale\" content=\"fi_FI\" \/>\n<meta property=\"og:type\" content=\"article\" \/>\n<meta property=\"og:title\" content=\"Juhlateltan vuokraus \u2013 purjekangasteltta ainutlaatuisiin tapahtumiin\" \/>\n<meta property=\"og:description\" content=\"Etsitk\u00f6 juhlatelttaa vuokralle? Comfy Eventsin purjekangasteltta tuo tapahtumaasi ainutlaatuista luksusta ja luonnonl\u00e4heisyytt\u00e4. Ihanteellinen valinta tehd\u00e4 jokaisesta juhlasta todella erityinen!\" \/>\n<meta property=\"og:url\" content=\"https:\/\/comfyevents.ee\/fi\/laheta-tiedustelu\/\" \/>\n<meta property=\"og:site_name\" content=\"Comfy Events purjetelk\" \/>\n<meta property=\"article:publisher\" content=\"https:\/\/www.facebook.com\/purjetelk\/\" \/>\n<meta property=\"article:modified_time\" content=\"2025-12-19T14:22:36+00:00\" \/>\n<meta property=\"og:image\" content=\"http:\/\/comfyevents.ee\/wp-content\/uploads\/2019\/05\/vahe2.png\" \/>\n<meta name=\"twitter:card\" content=\"summary_large_image\" \/>\n<meta name=\"twitter:label1\" content=\"Arvioitu lukuaika\" \/>\n\t<meta name=\"twitter:data1\" content=\"1 minuutti\" \/>\n<script type=\"application\/ld+json\" class=\"yoast-schema-graph\">{\"@context\":\"https:\\\/\\\/schema.org\",\"@graph\":[{\"@type\":\"WebPage\",\"@id\":\"https:\\\/\\\/comfyevents.ee\\\/fi\\\/laheta-tiedustelu\\\/\",\"url\":\"https:\\\/\\\/comfyevents.ee\\\/fi\\\/laheta-tiedustelu\\\/\",\"name\":\"Juhlateltan vuokraus \u2013 purjekangasteltta ainutlaatuisiin tapahtumiin\",\"isPartOf\":{\"@id\":\"https:\\\/\\\/comfyevents.ee\\\/fi\\\/#website\"},\"primaryImageOfPage\":{\"@id\":\"https:\\\/\\\/comfyevents.ee\\\/fi\\\/laheta-tiedustelu\\\/#primaryimage\"},\"image\":{\"@id\":\"https:\\\/\\\/comfyevents.ee\\\/fi\\\/laheta-tiedustelu\\\/#primaryimage\"},\"thumbnailUrl\":\"http:\\\/\\\/comfyevents.ee\\\/wp-content\\\/uploads\\\/2019\\\/05\\\/vahe2.png\",\"datePublished\":\"2024-04-07T10:23:35+00:00\",\"dateModified\":\"2025-12-19T14:22:36+00:00\",\"description\":\"Etsitk\u00f6 juhlatelttaa vuokralle? Comfy Eventsin purjekangasteltta tuo tapahtumaasi ainutlaatuista luksusta ja luonnonl\u00e4heisyytt\u00e4. Ihanteellinen valinta tehd\u00e4 jokaisesta juhlasta todella erityinen!\",\"breadcrumb\":{\"@id\":\"https:\\\/\\\/comfyevents.ee\\\/fi\\\/laheta-tiedustelu\\\/#breadcrumb\"},\"inLanguage\":\"fi\",\"potentialAction\":[{\"@type\":\"ReadAction\",\"target\":[\"https:\\\/\\\/comfyevents.ee\\\/fi\\\/laheta-tiedustelu\\\/\"]}]},{\"@type\":\"ImageObject\",\"inLanguage\":\"fi\",\"@id\":\"https:\\\/\\\/comfyevents.ee\\\/fi\\\/laheta-tiedustelu\\\/#primaryimage\",\"url\":\"http:\\\/\\\/comfyevents.ee\\\/wp-content\\\/uploads\\\/2019\\\/05\\\/vahe2.png\",\"contentUrl\":\"http:\\\/\\\/comfyevents.ee\\\/wp-content\\\/uploads\\\/2019\\\/05\\\/vahe2.png\"},{\"@type\":\"BreadcrumbList\",\"@id\":\"https:\\\/\\\/comfyevents.ee\\\/fi\\\/laheta-tiedustelu\\\/#breadcrumb\",\"itemListElement\":[{\"@type\":\"ListItem\",\"position\":1,\"name\":\"Home\",\"item\":\"https:\\\/\\\/comfyevents.ee\\\/fi\\\/tervetuloa\\\/\"},{\"@type\":\"ListItem\",\"position\":2,\"name\":\"L\u00e4het\u00e4 tiedustelu\"}]},{\"@type\":\"WebSite\",\"@id\":\"https:\\\/\\\/comfyevents.ee\\\/fi\\\/#website\",\"url\":\"https:\\\/\\\/comfyevents.ee\\\/fi\\\/\",\"name\":\"Comfy Events \u2013 disain peotelgi rent\",\"description\":\"Telgi rent, telkide rent, peotelgi rent, peotelkide rent, pulmatelk, pulmatelgi rent, pulmatelgid, telgipulm, telkide rentimine, peotelkide rentimine\",\"publisher\":{\"@id\":\"https:\\\/\\\/comfyevents.ee\\\/fi\\\/#organization\"},\"potentialAction\":[{\"@type\":\"SearchAction\",\"target\":{\"@type\":\"EntryPoint\",\"urlTemplate\":\"https:\\\/\\\/comfyevents.ee\\\/fi\\\/?s={search_term_string}\"},\"query-input\":{\"@type\":\"PropertyValueSpecification\",\"valueRequired\":true,\"valueName\":\"search_term_string\"}}],\"inLanguage\":\"fi\"},{\"@type\":\"Organization\",\"@id\":\"https:\\\/\\\/comfyevents.ee\\\/fi\\\/#organization\",\"name\":\"Comfy Events\",\"url\":\"https:\\\/\\\/comfyevents.ee\\\/fi\\\/\",\"logo\":{\"@type\":\"ImageObject\",\"inLanguage\":\"fi\",\"@id\":\"https:\\\/\\\/comfyevents.ee\\\/fi\\\/#\\\/schema\\\/logo\\\/image\\\/\",\"url\":\"https:\\\/\\\/comfyevents.ee\\\/wp-content\\\/uploads\\\/2025\\\/04\\\/Untitled-design-1.jpg\",\"contentUrl\":\"https:\\\/\\\/comfyevents.ee\\\/wp-content\\\/uploads\\\/2025\\\/04\\\/Untitled-design-1.jpg\",\"width\":720,\"height\":720,\"caption\":\"Comfy Events\"},\"image\":{\"@id\":\"https:\\\/\\\/comfyevents.ee\\\/fi\\\/#\\\/schema\\\/logo\\\/image\\\/\"},\"sameAs\":[\"https:\\\/\\\/www.facebook.com\\\/purjetelk\\\/\",\"http:\\\/\\\/instagram.com\\\/purjetelk\",\"https:\\\/\\\/www.youtube.com\\\/@purjetelk\"]}]}<\/script>\n<!-- \/ Yoast SEO plugin. -->","yoast_head_json":{"title":"Juhlateltan vuokraus \u2013 purjekangasteltta ainutlaatuisiin tapahtumiin","description":"Etsitk\u00f6 juhlatelttaa vuokralle? Comfy Eventsin purjekangasteltta tuo tapahtumaasi ainutlaatuista luksusta ja luonnonl\u00e4heisyytt\u00e4. Ihanteellinen valinta tehd\u00e4 jokaisesta juhlasta todella erityinen!","robots":{"index":"index","follow":"follow","max-snippet":"max-snippet:-1","max-image-preview":"max-image-preview:large","max-video-preview":"max-video-preview:-1"},"canonical":"https:\/\/comfyevents.ee\/fi\/laheta-tiedustelu\/","og_locale":"fi_FI","og_type":"article","og_title":"Juhlateltan vuokraus \u2013 purjekangasteltta ainutlaatuisiin tapahtumiin","og_description":"Etsitk\u00f6 juhlatelttaa vuokralle? Comfy Eventsin purjekangasteltta tuo tapahtumaasi ainutlaatuista luksusta ja luonnonl\u00e4heisyytt\u00e4. Ihanteellinen valinta tehd\u00e4 jokaisesta juhlasta todella erityinen!","og_url":"https:\/\/comfyevents.ee\/fi\/laheta-tiedustelu\/","og_site_name":"Comfy Events purjetelk","article_publisher":"https:\/\/www.facebook.com\/purjetelk\/","article_modified_time":"2025-12-19T14:22:36+00:00","og_image":[{"url":"http:\/\/comfyevents.ee\/wp-content\/uploads\/2019\/05\/vahe2.png","type":"","width":"","height":""}],"twitter_card":"summary_large_image","twitter_misc":{"Arvioitu lukuaika":"1 minuutti"},"schema":{"@context":"https:\/\/schema.org","@graph":[{"@type":"WebPage","@id":"https:\/\/comfyevents.ee\/fi\/laheta-tiedustelu\/","url":"https:\/\/comfyevents.ee\/fi\/laheta-tiedustelu\/","name":"Juhlateltan vuokraus \u2013 purjekangasteltta ainutlaatuisiin tapahtumiin","isPartOf":{"@id":"https:\/\/comfyevents.ee\/fi\/#website"},"primaryImageOfPage":{"@id":"https:\/\/comfyevents.ee\/fi\/laheta-tiedustelu\/#primaryimage"},"image":{"@id":"https:\/\/comfyevents.ee\/fi\/laheta-tiedustelu\/#primaryimage"},"thumbnailUrl":"http:\/\/comfyevents.ee\/wp-content\/uploads\/2019\/05\/vahe2.png","datePublished":"2024-04-07T10:23:35+00:00","dateModified":"2025-12-19T14:22:36+00:00","description":"Etsitk\u00f6 juhlatelttaa vuokralle? Comfy Eventsin purjekangasteltta tuo tapahtumaasi ainutlaatuista luksusta ja luonnonl\u00e4heisyytt\u00e4. Ihanteellinen valinta tehd\u00e4 jokaisesta juhlasta todella erityinen!","breadcrumb":{"@id":"https:\/\/comfyevents.ee\/fi\/laheta-tiedustelu\/#breadcrumb"},"inLanguage":"fi","potentialAction":[{"@type":"ReadAction","target":["https:\/\/comfyevents.ee\/fi\/laheta-tiedustelu\/"]}]},{"@type":"ImageObject","inLanguage":"fi","@id":"https:\/\/comfyevents.ee\/fi\/laheta-tiedustelu\/#primaryimage","url":"http:\/\/comfyevents.ee\/wp-content\/uploads\/2019\/05\/vahe2.png","contentUrl":"http:\/\/comfyevents.ee\/wp-content\/uploads\/2019\/05\/vahe2.png"},{"@type":"BreadcrumbList","@id":"https:\/\/comfyevents.ee\/fi\/laheta-tiedustelu\/#breadcrumb","itemListElement":[{"@type":"ListItem","position":1,"name":"Home","item":"https:\/\/comfyevents.ee\/fi\/tervetuloa\/"},{"@type":"ListItem","position":2,"name":"L\u00e4het\u00e4 tiedustelu"}]},{"@type":"WebSite","@id":"https:\/\/comfyevents.ee\/fi\/#website","url":"https:\/\/comfyevents.ee\/fi\/","name":"Comfy Events \u2013 disain peotelgi rent","description":"Telgi rent, telkide rent, peotelgi rent, peotelkide rent, pulmatelk, pulmatelgi rent, pulmatelgid, telgipulm, telkide rentimine, peotelkide rentimine","publisher":{"@id":"https:\/\/comfyevents.ee\/fi\/#organization"},"potentialAction":[{"@type":"SearchAction","target":{"@type":"EntryPoint","urlTemplate":"https:\/\/comfyevents.ee\/fi\/?s={search_term_string}"},"query-input":{"@type":"PropertyValueSpecification","valueRequired":true,"valueName":"search_term_string"}}],"inLanguage":"fi"},{"@type":"Organization","@id":"https:\/\/comfyevents.ee\/fi\/#organization","name":"Comfy Events","url":"https:\/\/comfyevents.ee\/fi\/","logo":{"@type":"ImageObject","inLanguage":"fi","@id":"https:\/\/comfyevents.ee\/fi\/#\/schema\/logo\/image\/","url":"https:\/\/comfyevents.ee\/wp-content\/uploads\/2025\/04\/Untitled-design-1.jpg","contentUrl":"https:\/\/comfyevents.ee\/wp-content\/uploads\/2025\/04\/Untitled-design-1.jpg","width":720,"height":720,"caption":"Comfy Events"},"image":{"@id":"https:\/\/comfyevents.ee\/fi\/#\/schema\/logo\/image\/"},"sameAs":["https:\/\/www.facebook.com\/purjetelk\/","http:\/\/instagram.com\/purjetelk","https:\/\/www.youtube.com\/@purjetelk"]}]}},"_links":{"self":[{"href":"https:\/\/comfyevents.ee\/fi\/wp-json\/wp\/v2\/pages\/8905","targetHints":{"allow":["GET"]}}],"collection":[{"href":"https:\/\/comfyevents.ee\/fi\/wp-json\/wp\/v2\/pages"}],"about":[{"href":"https:\/\/comfyevents.ee\/fi\/wp-json\/wp\/v2\/types\/page"}],"author":[{"embeddable":true,"href":"https:\/\/comfyevents.ee\/fi\/wp-json\/wp\/v2\/users\/3"}],"replies":[{"embeddable":true,"href":"https:\/\/comfyevents.ee\/fi\/wp-json\/wp\/v2\/comments?post=8905"}],"version-history":[{"count":2,"href":"https:\/\/comfyevents.ee\/fi\/wp-json\/wp\/v2\/pages\/8905\/revisions"}],"predecessor-version":[{"id":8911,"href":"https:\/\/comfyevents.ee\/fi\/wp-json\/wp\/v2\/pages\/8905\/revisions\/8911"}],"wp:attachment":[{"href":"https:\/\/comfyevents.ee\/fi\/wp-json\/wp\/v2\/media?parent=8905"}],"curies":[{"name":"wp","href":"https:\/\/api.w.org\/{rel}","templated":true}]}}