{"id":9072,"date":"2024-04-23T16:56:08","date_gmt":"2024-04-23T13:56:08","guid":{"rendered":"https:\/\/comfyevents.ee\/vuokraa-teltta-haajuhliin\/"},"modified":"2025-12-19T17:22:37","modified_gmt":"2025-12-19T14:22:37","slug":"vuokraa-teltta-haajuhliin","status":"publish","type":"page","link":"https:\/\/comfyevents.ee\/fi\/vuokraa-teltta-haajuhliin\/","title":{"rendered":"Vuokraa teltta h\u00e4\u00e4juhliin"},"content":{"rendered":"<p>[vc_row row_content_width=&#8221;grid&#8221;][vc_column]<div class=\"eltdf-section-title-holder  eltdf-st-standard   \" >\n\t<div class=\"eltdf-st-inner\">\n\t\t\t\t\t<h1 class=\"eltdf-st-title\" >\n\t\t\t\tTelttavuokraus h\u00e4ihin\t\t\t<\/h1>\n\t\t                    <h6 class=\"eltdf-st-separator-subtitle\" >unistuste pulmad<\/h6>\n        \t\t\t<\/div>\n<\/div>[vc_empty_space height=&#8221;60px&#8221;][\/vc_column][\/vc_row][vc_row][vc_column parallax=&#8221;content-moving&#8221; css=&#8221;.vc_custom_1600701955402{background-image: url(http:\/\/comfyevents.ee\/wp-content\/uploads\/2020\/09\/comfy-xl-koue-mois.jpg?id=6039) !important;background-position: center !important;background-repeat: no-repeat !important;background-size: cover !important;}&#8221;]<div class=\"eltdf-elements-holder   eltdf-one-column  eltdf-responsive-mode-768 \" ><div class=\"eltdf-eh-item  eltdf-vertical-alignment-top eltdf-horizontal-alignment-center \"  data-item-class=\"eltdf-eh-custom-4739\" data-1366-1600=\"100px 200px\" data-1024-1366=\"100px 200px\" data-768-1024=\"100px 200px\" data-680-768=\"0px\" data-680=\"0px\">\n\t<div class=\"eltdf-eh-item-inner\">\n\t\t<div class=\"eltdf-eh-item-content eltdf-eh-custom-4739\" >\n\t\t\t[vc_empty_space height=&#8221;60px&#8221;]<div class=\"eltdf-section-title-holder  eltdf-st-standard   eltdf-st-colored-subtitle\" >\n\t<div class=\"eltdf-st-inner\">\n\t\t\t\t\t<h1 class=\"eltdf-st-title\" style=\"color: #ffffff\">\n\t\t\t\tTelgirent pulmadeks\t\t\t<\/h1>\n\t\t                    <h6 class=\"eltdf-st-separator-subtitle\" style=\"color: #ffffff\">ainulaadne atmosf\u00e4\u00e4r<\/h6>\n        \t\t\t<\/div>\n<\/div>[vc_column_text css=&#8221;.vc_custom_1759771735279{padding-right: 50px !important;padding-left: 50px !important;}&#8221;]<\/p>\n<h3 style=\"text-align: center;\"><\/h3>\n<p style=\"text-align: center;\"><span style=\"font-weight: 400;\"><span style=\"color: #ffffff;\">H\u00e4\u00e4p\u00e4iv\u00e4 on erityinen ja ansaitsee my\u00f6s erityisen paikan luomisen. Telttavuokraus h\u00e4ihin mahdollistaa juhlimisen luonnon keskell\u00e4, ilman ett\u00e4 tarvitsee huolehtia s\u00e4\u00e4st\u00e4 tai tilanpuutteesta. Comfy Eventsin juhlateltat yhdist\u00e4v\u00e4t eleganssin, viihtyisyyden ja k\u00e4yt\u00e4nn\u00f6llisyyden, jotta p\u00e4iv\u00e4nne sujuu huolettomasti ja ikimuistoisesti.  <\/span><\/span><\/p>\n<p>[\/vc_column_text][vc_empty_space height=&#8221;60px&#8221;]\t\t<\/div>\n\t<\/div>\n<\/div><\/div>[vc_empty_space height=&#8221;40px&#8221;][\/vc_column][\/vc_row][vc_row][vc_column][vc_empty_space height=&#8221;62px&#8221;]<div class=\"eltdf-section-title-holder  eltdf-st-standard   \" >\n\t<div class=\"eltdf-st-inner\">\n\t\t\t\t\t<h2 class=\"eltdf-st-title\" >\n\t\t\t\tMiks valida peotelk pulmadeks?\t\t\t<\/h2>\n\t\t                    <h6 class=\"eltdf-st-separator-subtitle\" >Meie peotelgi rent pulmadeks annab t\u00e4ieliku vabaduse \u2013 saad valida asukoha, suuruse ja kujunduse just oma n\u00e4gemuse j\u00e4rgi.<\/h6>\n        \t\t\t<\/div>\n<\/div>[vc_empty_space height=&#8221;62px&#8221;]<div class=\"eltdf-elements-holder   eltdf-two-columns  eltdf-responsive-mode-768 \" ><div class=\"eltdf-eh-item    \"  data-item-class=\"eltdf-eh-custom-3475\">\n\t<div class=\"eltdf-eh-item-inner\">\n\t\t<div class=\"eltdf-eh-item-content eltdf-eh-custom-3475\" >\n\t\t\t[vc_column_text]<\/p>\n<p style=\"text-align: center;\">Suunnittele h\u00e4\u00e4paikka makusi ja tarpeidesi mukaan. K <span style=\"font-weight: 400;\">Suurimman (<a href=\"https:\/\/comfyevents.ee\/fi\/hinnat\/\">14&#215;26 metri\u00e4<\/a>) purjeteltan alle mahtuu py\u00f6reiden p\u00f6ytien taakse tanssilattian ja ruokailualueen kanssa jopa <strong>170 henkil\u00f6\u00e4<\/strong>.<\/span><\/p>\n<p>[\/vc_column_text]\t\t<\/div>\n\t<\/div>\n<\/div><div class=\"eltdf-eh-item   eltdf-horizontal-alignment-right \"  data-item-class=\"eltdf-eh-custom-2702\">\n\t<div class=\"eltdf-eh-item-inner\">\n\t\t<div class=\"eltdf-eh-item-content eltdf-eh-custom-2702\" style=\"padding: 0px 40px 0px 40px\">\n\t\t\t[vc_single_image image=&#8221;9078&#8243; img_size=&#8221;full&#8221;]\t\t<\/div>\n\t<\/div>\n<\/div><div class=\"eltdf-eh-item    \"  data-item-class=\"eltdf-eh-custom-8691\">\n\t<div class=\"eltdf-eh-item-inner\">\n\t\t<div class=\"eltdf-eh-item-content eltdf-eh-custom-8691\" >\n\t\t\t[vc_column_text]Koska purjekangas p\u00e4\u00e4st\u00e4\u00e4 valon kuultamaan telttaan sis\u00e4\u00e4n, rakastavat sit\u00e4 my\u00f6s valokuvaajat ja videokuvaajat. Taltioidut hetket erityisest\u00e4 p\u00e4iv\u00e4st\u00e4si pysyv\u00e4t valoisina ja romanttisina.[\/vc_column_text]\t\t<\/div>\n\t<\/div>\n<\/div><\/div>[vc_empty_space height=&#8221;62px&#8221;]<div class=\"eltdf-elements-holder   eltdf-two-columns  eltdf-responsive-mode-768 \" ><div class=\"eltdf-eh-item    \"  data-item-class=\"eltdf-eh-custom-8914\">\n\t<div class=\"eltdf-eh-item-inner\">\n\t\t<div class=\"eltdf-eh-item-content eltdf-eh-custom-8914\" >\n\t\t\t[vc_column_text]<\/p>\n<ul>\n<li class=\"skrollable skrollable-between\" data-start=\"1750\" data-end=\"1807\">Telttaan voi lis\u00e4t\u00e4 <strong class=\"skrollable skrollable-between\" data-start=\"1770\" data-end=\"1805\">lattian, l\u00e4mmittimet, huonekalut, valoketjun, koristeet ym.<\/strong><\/li>\n<li class=\"skrollable skrollable-between\" data-start=\"1810\" data-end=\"1863\">Irrotettavat sein\u00e4t antavat avoimen tunnelman kes\u00e4iltoina<\/li>\n<li class=\"skrollable skrollable-between\" data-start=\"1866\" data-end=\"1908\">Eri kokoja \u2013 40\u2013300 vierasta yhdess\u00e4 teltassa. Useampaa telttaa yhdistelem\u00e4ll\u00e4 viel\u00e4kin enemm\u00e4n. <\/li>\n<\/ul>\n<p>[\/vc_column_text]\t\t<\/div>\n\t<\/div>\n<\/div><div class=\"eltdf-eh-item   eltdf-horizontal-alignment-right \"  data-item-class=\"eltdf-eh-custom-8114\">\n\t<div class=\"eltdf-eh-item-inner\">\n\t\t<div class=\"eltdf-eh-item-content eltdf-eh-custom-8114\" style=\"padding: 0px 40px 0px 40px\">\n\t\t\t[vc_single_image image=&#8221;9079&#8243; img_size=&#8221;full&#8221;]\t\t<\/div>\n\t<\/div>\n<\/div><div class=\"eltdf-eh-item    \"  data-item-class=\"eltdf-eh-custom-8046\">\n\t<div class=\"eltdf-eh-item-inner\">\n\t\t<div class=\"eltdf-eh-item-content eltdf-eh-custom-8046\" >\n\t\t\t[vc_column_text]<\/p>\n<p data-start=\"1433\" data-end=\"1494\">\ud83c\udf3f Sopii jokaiseen ymp\u00e4rist\u00f6\u00f6n \u2013 j\u00e4rvenranta, puutarha, puisto tai maatilan piha<\/p>\n<p data-start=\"1497\" data-end=\"1549\">\ud83d\udca1 Puolil\u00e4pin\u00e4kyv\u00e4 kangas luo valoisan tilan<\/p>\n<p data-start=\"1552\" data-end=\"1593\">\ud83c\udf26\ufe0f Suoja sateelta, tuulelta ja auringolta<\/p>\n<p data-start=\"1596\" data-end=\"1666\">\ud83c\udf80 Lis\u00e4\u00e4 koristeet, valaistus ja kukkakoristeet toiveidesi mukaan<\/p>\n<p>[\/vc_column_text]\t\t<\/div>\n\t<\/div>\n<\/div><\/div>[\/vc_column][\/vc_row][vc_row][vc_column][vc_empty_space height=&#8221;62px&#8221;]<div class=\"eltdf-section-title-holder  eltdf-st-standard   \" >\n\t<div class=\"eltdf-st-inner\">\n\t\t\t\t\t<h2 class=\"eltdf-st-title\" >\n\t\t\t\tTseremooniale\t\t\t<\/h2>\n\t\t                    <h6 class=\"eltdf-st-separator-subtitle\" >rendi telk tseremooniapaigaks<\/h6>\n        \t\t\t<\/div>\n<\/div>[vc_empty_space height=&#8221;64px&#8221;]<div class=\"eltdf-elements-holder   eltdf-two-columns  eltdf-responsive-mode-768 \" ><div class=\"eltdf-eh-item    \"  data-item-class=\"eltdf-eh-custom-9790\">\n\t<div class=\"eltdf-eh-item-inner\">\n\t\t<div class=\"eltdf-eh-item-content eltdf-eh-custom-9790\" >\n\t\t\t[vc_single_image image=&#8221;9080&#8243; img_size=&#8221;full&#8221;]\t\t<\/div>\n\t<\/div>\n<\/div><div class=\"eltdf-eh-item    \"  data-item-class=\"eltdf-eh-custom-4394\">\n\t<div class=\"eltdf-eh-item-inner\">\n\t\t<div class=\"eltdf-eh-item-content eltdf-eh-custom-4394\" style=\"padding: 0px 40px 0px 40px\">\n\t\t\t<div class=\"eltdf-section-title-holder  eltdf-st-standard   \" >\n\t<div class=\"eltdf-st-inner\">\n\t\t\t\t\t<h3 class=\"eltdf-st-title\" >\n\t\t\t\tOman\u00e4oline\t\t\t<\/h3>\n\t\t        \t\t\t<\/div>\n<\/div>[vc_empty_space height=&#8221;20px&#8221;][vc_column_text]<\/p>\n<p style=\"text-align: center;\">Avioliiton rekister\u00f6innin ei tarvitse tapahtua liukuhihnamenetelm\u00e4ll\u00e4 maistraatissa, vaan siihen voi valita jonkin romanttisen luonnonkauniin paikan.<\/p>\n<p>[\/vc_column_text]\t\t<\/div>\n\t<\/div>\n<\/div><\/div><div class=\"eltdf-elements-holder   eltdf-two-columns  eltdf-responsive-mode-768 \" ><div class=\"eltdf-eh-item    \"  data-item-class=\"eltdf-eh-custom-2585\">\n\t<div class=\"eltdf-eh-item-inner\">\n\t\t<div class=\"eltdf-eh-item-content eltdf-eh-custom-2585\" style=\"padding: 0px 40px 0px 40px\">\n\t\t\t<div class=\"eltdf-section-title-holder  eltdf-st-standard   \" >\n\t<div class=\"eltdf-st-inner\">\n\t\t\t\t\t<h3 class=\"eltdf-st-title\" >\n\t\t\t\tEriline\t\t\t<\/h3>\n\t\t        \t\t\t<\/div>\n<\/div>[vc_empty_space height=&#8221;20px&#8221;][vc_column_text]<\/p>\n<p style=\"text-align: center;\"><span style=\"font-weight: 400;\">V\u00e4ltt\u00e4\u00e4kseen tilanteen, jossa sek\u00e4 h\u00e4\u00e4pari ett\u00e4 vieraat joutuvat tuntemaan olonsa ep\u00e4mukavaksi tihkusateen tai helteen vuoksi, voi t\u00e4m\u00e4n ehk\u00e4isemiseksi vuokrata purjeteltan my\u00f6s pelk\u00e4st\u00e4\u00e4n <strong>seremoniaa<\/strong> varten. <\/span><\/p>\n<p>[\/vc_column_text]\t\t<\/div>\n\t<\/div>\n<\/div><div class=\"eltdf-eh-item   eltdf-horizontal-alignment-right \"  data-item-class=\"eltdf-eh-custom-2530\">\n\t<div class=\"eltdf-eh-item-inner\">\n\t\t<div class=\"eltdf-eh-item-content eltdf-eh-custom-2530\" >\n\t\t\t[vc_single_image image=&#8221;9081&#8243; img_size=&#8221;full&#8221;]\t\t<\/div>\n\t<\/div>\n<\/div><\/div>[vc_empty_space height=&#8221;64px&#8221;][\/vc_column][\/vc_row][vc_row][vc_column]<div class=\"eltdf-elements-holder   eltdf-one-column  eltdf-responsive-mode-768 \" ><div class=\"eltdf-eh-item   eltdf-horizontal-alignment-center \"  data-item-class=\"eltdf-eh-custom-2457\">\n\t<div class=\"eltdf-eh-item-inner\">\n\t\t<div class=\"eltdf-eh-item-content eltdf-eh-custom-2457\" >\n\t\t\t[vc_column_text]<\/p>\n<h4 style=\"text-align: center;\">Jos haluat j\u00e4rjest\u00e4\u00e4 el\u00e4m\u00e4si t\u00e4rkeimm\u00e4n tapahtuman syd\u00e4nt\u00e4si l\u00e4hell\u00e4 olevassa paikassa, niin autamme unelmasi toteutumaan!<\/h4>\n<p>[\/vc_column_text][vc_empty_space height=&#8221;62px&#8221;]<a itemprop=\"url\" href=\"\/kontakt\" target=\"_self\"  class=\"eltdf-btn eltdf-btn-large eltdf-btn-solid\"  >\n    <span class=\"eltdf-btn-text\">Saada meile p\u00e4ring!<\/span>\n    <\/a>\t\t<\/div>\n\t<\/div>\n<\/div><\/div>[vc_empty_space height=&#8221;80px&#8221;]<div class=\"eltdf-section-title-holder  eltdf-st-standard   \" >\n\t<div class=\"eltdf-st-inner\">\n\t\t\t\t\t<h3 class=\"eltdf-st-title\" >\n\t\t\t\tN\u00e4pun\u00e4iteid\t\t\t<\/h3>\n\t\t        \t\t\t\t\t<p class=\"eltdf-st-text\" >\n\t\t\t\tLoe meie blogist kasulikke nippe pulmade pidamisest Comfy telgis.\t\t\t<\/p>\n\t\t\t<\/div>\n<\/div>[vc_empty_space]<div class=\"eltdf-blog-list-holder eltdf-grid-list eltdf-disable-bottom-space eltdf-bl-standard eltdf-two-columns eltdf-large-space eltdf-bl-pag-no-pagination\"  data-type=standard data-number-of-posts=2 data-number-of-columns=two data-space-between-items=large data-category=telgipulm data-orderby=date data-order=ASC data-image-size=gretnagreen_elated_landscape data-title-tag=h4 data-excerpt-length=40 data-post-info-section=yes data-post-info-image=yes data-post-info-author=no data-post-info-date=no data-post-info-category=no data-post-info-comments=no data-post-info-like=no data-post-info-share=no data-pagination-type=no-pagination data-max-num-pages=2 data-next-page=2>\n\t<div class=\"eltdf-bl-wrapper eltdf-outer-space\">\n\t\t<ul class=\"eltdf-blog-list\">\n\t\t\t<li class=\"eltdf-bl-item eltdf-item-space\">\n\t<div class=\"eltdf-bli-inner\">\n\t\t\n\t<div class=\"eltdf-post-image\">\n\t\t\t\t\t<a itemprop=\"url\" href=\"https:\/\/comfyevents.ee\/fi\/2020\/01\/06\/pulmatrendid-2020\/\" title=\"Pulmatrendid\">\n\t\t\t\t\t<img loading=\"lazy\" decoding=\"async\" width=\"1000\" height=\"550\" src=\"https:\/\/comfyevents.ee\/wp-content\/uploads\/2020\/01\/pulmad-mere-aares-1000x550.jpg\" class=\"attachment-gretnagreen_elated_landscape size-gretnagreen_elated_landscape wp-post-image\" alt=\"pulmad mere \u00e4\u00e4res\" srcset=\"https:\/\/comfyevents.ee\/wp-content\/uploads\/2020\/01\/pulmad-mere-aares-1000x550.jpg 1000w, https:\/\/comfyevents.ee\/wp-content\/uploads\/2020\/01\/pulmad-mere-aares-600x331.jpg 600w, https:\/\/comfyevents.ee\/wp-content\/uploads\/2020\/01\/pulmad-mere-aares-300x166.jpg 300w\" sizes=\"auto, (max-width: 1000px) 100vw, 1000px\" \/>\t\t\t\t\t<\/a>\n\t\t\t\t\t<\/div>\n        <div class=\"eltdf-bli-content\">\n            \n<h4 itemprop=\"name\" class=\"entry-title eltdf-post-title\" >\n            <a itemprop=\"url\" href=\"https:\/\/comfyevents.ee\/fi\/2020\/01\/06\/pulmatrendid-2020\/\" title=\"Pulmatrendid\">\n            Pulmatrendid            <\/a>\n    <\/h4>                        <div class=\"eltdf-bli-excerpt\">\n                \t\t<div class=\"eltdf-post-excerpt-holder\">\n\t\t\t<p itemprop=\"description\" class=\"eltdf-post-excerpt\">\n\t\t\t\t\nPulmad on oluline traditsioon \u00fcle maailma juba aastasadu, kuid nii nagu teisteski valdkondades, on eri aegadel moes erinevad suunad. N\u00e4iteks kas teadsid, et vanade eestlaste pulmad v\u00f5isid kesta lausa n\u00e4dala? V\u00f5i et vanasti oli k\u00fclalistel kombeks ise s\u00f6\u00f6gipoolis ja keelekaste\t\t\t<\/p>\n\t\t<\/div>\n\t            <\/div>\n                            <div class=\"eltdf-bli-info\">\n\t                                <\/div>\n                    <\/div>\n\t<\/div>\n<\/li><li class=\"eltdf-bl-item eltdf-item-space\">\n\t<div class=\"eltdf-bli-inner\">\n\t\t\n\t<div class=\"eltdf-post-image\">\n\t\t\t\t\t<a itemprop=\"url\" href=\"https:\/\/comfyevents.ee\/fi\/2024\/03\/19\/telgipulm-5-pohjust-miks-pidada-elu-tahtsundmust-just-telgi-all\/\" title=\"Telgipulm!? 5 p\u00f5hjust, miks pidada elu t\u00e4hts\u00fcndmust just telgi all\">\n\t\t\t\t\t<img loading=\"lazy\" decoding=\"async\" width=\"884\" height=\"438\" src=\"https:\/\/comfyevents.ee\/wp-content\/uploads\/2019\/05\/la_0825900x22.jpg\" class=\"attachment-gretnagreen_elated_landscape size-gretnagreen_elated_landscape wp-post-image\" alt=\"\" srcset=\"https:\/\/comfyevents.ee\/wp-content\/uploads\/2019\/05\/la_0825900x22.jpg 884w, https:\/\/comfyevents.ee\/wp-content\/uploads\/2019\/05\/la_0825900x22-600x297.jpg 600w, https:\/\/comfyevents.ee\/wp-content\/uploads\/2019\/05\/la_0825900x22-300x149.jpg 300w, https:\/\/comfyevents.ee\/wp-content\/uploads\/2019\/05\/la_0825900x22-768x381.jpg 768w\" sizes=\"auto, (max-width: 884px) 100vw, 884px\" \/>\t\t\t\t\t<\/a>\n\t\t\t\t\t<\/div>\n        <div class=\"eltdf-bli-content\">\n            \n<h4 itemprop=\"name\" class=\"entry-title eltdf-post-title\" >\n            <a itemprop=\"url\" href=\"https:\/\/comfyevents.ee\/fi\/2024\/03\/19\/telgipulm-5-pohjust-miks-pidada-elu-tahtsundmust-just-telgi-all\/\" title=\"Telgipulm!? 5 p\u00f5hjust, miks pidada elu t\u00e4hts\u00fcndmust just telgi all\">\n            Telgipulm!? 5 p\u00f5hjust, miks pidada elu t\u00e4hts\u00fcndmust just telgi all            <\/a>\n    <\/h4>                        <div class=\"eltdf-bli-excerpt\">\n                \t\t<div class=\"eltdf-post-excerpt-holder\">\n\t\t\t<p itemprop=\"description\" class=\"eltdf-post-excerpt\">\n\t\t\t\t\nTelgipulm!? 5 p\u00f5hjust, miks pidada elu t\u00e4hts\u00fcndmust just telgi all\n\n\n\nTelgipulm on eriline, sest v\u00e4hesed tulevad selle idee peale. Samas on Eestis nii palju looduskauneid kohti, kasv\u00f5i Sinu enda maakodu, kus oma unistuste p\u00e4eva v\u00f5iks pidada.\n\n\n\n\n\n\n\nKaitseb muutlike ilmaolude eest\n\n\n\nEestimaa suvi m\u00e4ngib\t\t\t<\/p>\n\t\t<\/div>\n\t            <\/div>\n                            <div class=\"eltdf-bli-info\">\n\t                                <\/div>\n                    <\/div>\n\t<\/div>\n<\/li>\t\t<\/ul>\n\t<\/div>\n\t<\/div>[\/vc_column][\/vc_row]<\/p>\n","protected":false},"excerpt":{"rendered":"<p>[vc_row row_content_width=&#8221;grid&#8221;][vc_column][vc_empty_space height=&#8221;60px&#8221;][\/vc_column][\/vc_row][vc_row][vc_column parallax=&#8221;content-moving&#8221; css=&#8221;.vc_custom_1600701955402{background-image: url(http:\/\/comfyevents.ee\/wp-content\/uploads\/2020\/09\/comfy-xl-koue-mois.jpg?id=6039) !important;background-position: center !important;background-repeat: no-repeat !important;background-size: cover !important;}&#8221;][vc_empty_space height=&#8221;40px&#8221;][\/vc_column][\/vc_row][vc_row][vc_column][vc_empty_space height=&#8221;62px&#8221;][vc_empty_space height=&#8221;62px&#8221;][vc_empty_space height=&#8221;62px&#8221;][\/vc_column][\/vc_row][vc_row][vc_column][vc_empty_space height=&#8221;62px&#8221;][vc_empty_space height=&#8221;64px&#8221;][vc_empty_space height=&#8221;64px&#8221;][\/vc_column][\/vc_row][vc_row][vc_column][vc_empty_space height=&#8221;80px&#8221;][vc_empty_space][\/vc_column][\/vc_row]<\/p>\n","protected":false},"author":3,"featured_media":0,"parent":0,"menu_order":0,"comment_status":"closed","ping_status":"closed","template":"","meta":{"footnotes":"","_wp_rev_ctl_limit":""},"class_list":["post-9072","page","type-page","status-publish","hentry"],"yoast_head":"<!-- This site is optimized with the Yoast SEO plugin v27.5 - https:\/\/yoast.com\/product\/yoast-seo-wordpress\/ -->\n<title>Telttavuokraus h\u00e4ihin \u2013 juhlateltta h\u00e4ihin | Comfy Events<\/title>\n<meta name=\"description\" content=\"Comfy Eventsin telttavuokraus h\u00e4ihin \u2013 tyylik\u00e4s juhlateltta, joka luo erityisen tunnelman. Sopii sek\u00e4 ulko- ett\u00e4 sis\u00e4tiloihin kaikkialla Virossa.\" \/>\n<meta name=\"robots\" content=\"index, follow, max-snippet:-1, max-image-preview:large, max-video-preview:-1\" \/>\n<link rel=\"canonical\" href=\"https:\/\/comfyevents.ee\/fi\/vuokraa-teltta-haajuhliin\/\" \/>\n<meta property=\"og:locale\" content=\"fi_FI\" \/>\n<meta property=\"og:type\" content=\"article\" \/>\n<meta property=\"og:title\" content=\"Telttavuokraus h\u00e4ihin \u2013 juhlateltta h\u00e4ihin | Comfy Events\" \/>\n<meta property=\"og:description\" content=\"Comfy Eventsin telttavuokraus h\u00e4ihin \u2013 tyylik\u00e4s juhlateltta, joka luo erityisen tunnelman. Sopii sek\u00e4 ulko- ett\u00e4 sis\u00e4tiloihin kaikkialla Virossa.\" \/>\n<meta property=\"og:url\" content=\"https:\/\/comfyevents.ee\/fi\/vuokraa-teltta-haajuhliin\/\" \/>\n<meta property=\"og:site_name\" content=\"Comfy Events purjetelk\" \/>\n<meta property=\"article:publisher\" content=\"https:\/\/www.facebook.com\/purjetelk\/\" \/>\n<meta property=\"article:modified_time\" content=\"2025-12-19T14:22:37+00:00\" \/>\n<meta property=\"og:image\" content=\"https:\/\/comfyevents.ee\/wp-content\/uploads\/2025\/03\/310158884_527218436080293_8680189412409634702_n.jpg\" \/>\n\t<meta property=\"og:image:width\" content=\"2048\" \/>\n\t<meta property=\"og:image:height\" content=\"1365\" \/>\n\t<meta property=\"og:image:type\" content=\"image\/jpeg\" \/>\n<meta name=\"twitter:card\" content=\"summary_large_image\" \/>\n<meta name=\"twitter:label1\" content=\"Arvioitu lukuaika\" \/>\n\t<meta name=\"twitter:data1\" content=\"5 minuuttia\" \/>\n<script type=\"application\/ld+json\" class=\"yoast-schema-graph\">{\"@context\":\"https:\\\/\\\/schema.org\",\"@graph\":[{\"@type\":\"WebPage\",\"@id\":\"https:\\\/\\\/comfyevents.ee\\\/fi\\\/vuokraa-teltta-haajuhliin\\\/\",\"url\":\"https:\\\/\\\/comfyevents.ee\\\/fi\\\/vuokraa-teltta-haajuhliin\\\/\",\"name\":\"Telttavuokraus h\u00e4ihin \u2013 juhlateltta h\u00e4ihin | Comfy Events\",\"isPartOf\":{\"@id\":\"https:\\\/\\\/comfyevents.ee\\\/fi\\\/#website\"},\"datePublished\":\"2024-04-23T13:56:08+00:00\",\"dateModified\":\"2025-12-19T14:22:37+00:00\",\"description\":\"Comfy Eventsin telttavuokraus h\u00e4ihin \u2013 tyylik\u00e4s juhlateltta, joka luo erityisen tunnelman. Sopii sek\u00e4 ulko- ett\u00e4 sis\u00e4tiloihin kaikkialla Virossa.\",\"breadcrumb\":{\"@id\":\"https:\\\/\\\/comfyevents.ee\\\/fi\\\/vuokraa-teltta-haajuhliin\\\/#breadcrumb\"},\"inLanguage\":\"fi\",\"potentialAction\":[{\"@type\":\"ReadAction\",\"target\":[\"https:\\\/\\\/comfyevents.ee\\\/fi\\\/vuokraa-teltta-haajuhliin\\\/\"]}]},{\"@type\":\"BreadcrumbList\",\"@id\":\"https:\\\/\\\/comfyevents.ee\\\/fi\\\/vuokraa-teltta-haajuhliin\\\/#breadcrumb\",\"itemListElement\":[{\"@type\":\"ListItem\",\"position\":1,\"name\":\"Home\",\"item\":\"https:\\\/\\\/comfyevents.ee\\\/fi\\\/tervetuloa\\\/\"},{\"@type\":\"ListItem\",\"position\":2,\"name\":\"Vuokraa teltta h\u00e4\u00e4juhliin\"}]},{\"@type\":\"WebSite\",\"@id\":\"https:\\\/\\\/comfyevents.ee\\\/fi\\\/#website\",\"url\":\"https:\\\/\\\/comfyevents.ee\\\/fi\\\/\",\"name\":\"Comfy Events \u2013 disain peotelgi rent\",\"description\":\"Telgi rent, telkide rent, peotelgi rent, peotelkide rent, pulmatelk, pulmatelgi rent, pulmatelgid, telgipulm, telkide rentimine, peotelkide rentimine\",\"publisher\":{\"@id\":\"https:\\\/\\\/comfyevents.ee\\\/fi\\\/#organization\"},\"potentialAction\":[{\"@type\":\"SearchAction\",\"target\":{\"@type\":\"EntryPoint\",\"urlTemplate\":\"https:\\\/\\\/comfyevents.ee\\\/fi\\\/?s={search_term_string}\"},\"query-input\":{\"@type\":\"PropertyValueSpecification\",\"valueRequired\":true,\"valueName\":\"search_term_string\"}}],\"inLanguage\":\"fi\"},{\"@type\":\"Organization\",\"@id\":\"https:\\\/\\\/comfyevents.ee\\\/fi\\\/#organization\",\"name\":\"Comfy Events\",\"url\":\"https:\\\/\\\/comfyevents.ee\\\/fi\\\/\",\"logo\":{\"@type\":\"ImageObject\",\"inLanguage\":\"fi\",\"@id\":\"https:\\\/\\\/comfyevents.ee\\\/fi\\\/#\\\/schema\\\/logo\\\/image\\\/\",\"url\":\"https:\\\/\\\/comfyevents.ee\\\/wp-content\\\/uploads\\\/2025\\\/04\\\/Untitled-design-1.jpg\",\"contentUrl\":\"https:\\\/\\\/comfyevents.ee\\\/wp-content\\\/uploads\\\/2025\\\/04\\\/Untitled-design-1.jpg\",\"width\":720,\"height\":720,\"caption\":\"Comfy Events\"},\"image\":{\"@id\":\"https:\\\/\\\/comfyevents.ee\\\/fi\\\/#\\\/schema\\\/logo\\\/image\\\/\"},\"sameAs\":[\"https:\\\/\\\/www.facebook.com\\\/purjetelk\\\/\",\"http:\\\/\\\/instagram.com\\\/purjetelk\",\"https:\\\/\\\/www.youtube.com\\\/@purjetelk\"]}]}<\/script>\n<!-- \/ Yoast SEO plugin. -->","yoast_head_json":{"title":"Telttavuokraus h\u00e4ihin \u2013 juhlateltta h\u00e4ihin | Comfy Events","description":"Comfy Eventsin telttavuokraus h\u00e4ihin \u2013 tyylik\u00e4s juhlateltta, joka luo erityisen tunnelman. Sopii sek\u00e4 ulko- ett\u00e4 sis\u00e4tiloihin kaikkialla Virossa.","robots":{"index":"index","follow":"follow","max-snippet":"max-snippet:-1","max-image-preview":"max-image-preview:large","max-video-preview":"max-video-preview:-1"},"canonical":"https:\/\/comfyevents.ee\/fi\/vuokraa-teltta-haajuhliin\/","og_locale":"fi_FI","og_type":"article","og_title":"Telttavuokraus h\u00e4ihin \u2013 juhlateltta h\u00e4ihin | Comfy Events","og_description":"Comfy Eventsin telttavuokraus h\u00e4ihin \u2013 tyylik\u00e4s juhlateltta, joka luo erityisen tunnelman. Sopii sek\u00e4 ulko- ett\u00e4 sis\u00e4tiloihin kaikkialla Virossa.","og_url":"https:\/\/comfyevents.ee\/fi\/vuokraa-teltta-haajuhliin\/","og_site_name":"Comfy Events purjetelk","article_publisher":"https:\/\/www.facebook.com\/purjetelk\/","article_modified_time":"2025-12-19T14:22:37+00:00","og_image":[{"width":2048,"height":1365,"url":"https:\/\/comfyevents.ee\/wp-content\/uploads\/2025\/03\/310158884_527218436080293_8680189412409634702_n.jpg","type":"image\/jpeg"}],"twitter_card":"summary_large_image","twitter_misc":{"Arvioitu lukuaika":"5 minuuttia"},"schema":{"@context":"https:\/\/schema.org","@graph":[{"@type":"WebPage","@id":"https:\/\/comfyevents.ee\/fi\/vuokraa-teltta-haajuhliin\/","url":"https:\/\/comfyevents.ee\/fi\/vuokraa-teltta-haajuhliin\/","name":"Telttavuokraus h\u00e4ihin \u2013 juhlateltta h\u00e4ihin | Comfy Events","isPartOf":{"@id":"https:\/\/comfyevents.ee\/fi\/#website"},"datePublished":"2024-04-23T13:56:08+00:00","dateModified":"2025-12-19T14:22:37+00:00","description":"Comfy Eventsin telttavuokraus h\u00e4ihin \u2013 tyylik\u00e4s juhlateltta, joka luo erityisen tunnelman. Sopii sek\u00e4 ulko- ett\u00e4 sis\u00e4tiloihin kaikkialla Virossa.","breadcrumb":{"@id":"https:\/\/comfyevents.ee\/fi\/vuokraa-teltta-haajuhliin\/#breadcrumb"},"inLanguage":"fi","potentialAction":[{"@type":"ReadAction","target":["https:\/\/comfyevents.ee\/fi\/vuokraa-teltta-haajuhliin\/"]}]},{"@type":"BreadcrumbList","@id":"https:\/\/comfyevents.ee\/fi\/vuokraa-teltta-haajuhliin\/#breadcrumb","itemListElement":[{"@type":"ListItem","position":1,"name":"Home","item":"https:\/\/comfyevents.ee\/fi\/tervetuloa\/"},{"@type":"ListItem","position":2,"name":"Vuokraa teltta h\u00e4\u00e4juhliin"}]},{"@type":"WebSite","@id":"https:\/\/comfyevents.ee\/fi\/#website","url":"https:\/\/comfyevents.ee\/fi\/","name":"Comfy Events \u2013 disain peotelgi rent","description":"Telgi rent, telkide rent, peotelgi rent, peotelkide rent, pulmatelk, pulmatelgi rent, pulmatelgid, telgipulm, telkide rentimine, peotelkide rentimine","publisher":{"@id":"https:\/\/comfyevents.ee\/fi\/#organization"},"potentialAction":[{"@type":"SearchAction","target":{"@type":"EntryPoint","urlTemplate":"https:\/\/comfyevents.ee\/fi\/?s={search_term_string}"},"query-input":{"@type":"PropertyValueSpecification","valueRequired":true,"valueName":"search_term_string"}}],"inLanguage":"fi"},{"@type":"Organization","@id":"https:\/\/comfyevents.ee\/fi\/#organization","name":"Comfy Events","url":"https:\/\/comfyevents.ee\/fi\/","logo":{"@type":"ImageObject","inLanguage":"fi","@id":"https:\/\/comfyevents.ee\/fi\/#\/schema\/logo\/image\/","url":"https:\/\/comfyevents.ee\/wp-content\/uploads\/2025\/04\/Untitled-design-1.jpg","contentUrl":"https:\/\/comfyevents.ee\/wp-content\/uploads\/2025\/04\/Untitled-design-1.jpg","width":720,"height":720,"caption":"Comfy Events"},"image":{"@id":"https:\/\/comfyevents.ee\/fi\/#\/schema\/logo\/image\/"},"sameAs":["https:\/\/www.facebook.com\/purjetelk\/","http:\/\/instagram.com\/purjetelk","https:\/\/www.youtube.com\/@purjetelk"]}]}},"_links":{"self":[{"href":"https:\/\/comfyevents.ee\/fi\/wp-json\/wp\/v2\/pages\/9072","targetHints":{"allow":["GET"]}}],"collection":[{"href":"https:\/\/comfyevents.ee\/fi\/wp-json\/wp\/v2\/pages"}],"about":[{"href":"https:\/\/comfyevents.ee\/fi\/wp-json\/wp\/v2\/types\/page"}],"author":[{"embeddable":true,"href":"https:\/\/comfyevents.ee\/fi\/wp-json\/wp\/v2\/users\/3"}],"replies":[{"embeddable":true,"href":"https:\/\/comfyevents.ee\/fi\/wp-json\/wp\/v2\/comments?post=9072"}],"version-history":[{"count":5,"href":"https:\/\/comfyevents.ee\/fi\/wp-json\/wp\/v2\/pages\/9072\/revisions"}],"predecessor-version":[{"id":9148,"href":"https:\/\/comfyevents.ee\/fi\/wp-json\/wp\/v2\/pages\/9072\/revisions\/9148"}],"wp:attachment":[{"href":"https:\/\/comfyevents.ee\/fi\/wp-json\/wp\/v2\/media?parent=9072"}],"curies":[{"name":"wp","href":"https:\/\/api.w.org\/{rel}","templated":true}]}}