{"id":8787,"date":"2024-04-07T13:23:35","date_gmt":"2024-04-07T10:23:35","guid":{"rendered":"https:\/\/comfyevents.ee\/nosutit-pieprasijumu\/"},"modified":"2025-12-30T17:33:23","modified_gmt":"2025-12-30T14:33:23","slug":"nosutit-pieprasijumu","status":"publish","type":"page","link":"https:\/\/comfyevents.ee\/lv\/nosutit-pieprasijumu\/","title":{"rendered":"Nos\u016bt\u012bt piepras\u012bjumu"},"content":{"rendered":"<p>[vc_row row_content_width=&#8221;grid&#8221; css=&#8221;.vc_custom_1526479637022{padding-top: 140px !important;padding-bottom: 57px !important;}&#8221;][vc_column]<div class=\"eltdf-section-title-holder  eltdf-st-standard   \" >\n\t<div class=\"eltdf-st-inner\">\n\t\t\t\t\t<h1 class=\"eltdf-st-title\" >\n\t\t\t\tNos\u016bti savu piepras\u012bjumu\t\t\t<\/h1>\n\t\t                    <h6 class=\"eltdf-st-separator-subtitle\" >pieprasi pied\u0101v\u0101jumu<\/h6>\n        \t\t\t<\/div>\n<\/div>[vc_empty_space height=&#8221;50px&#8221;]<div class=\"eltdf-elements-holder   eltdf-two-columns  eltdf-responsive-mode-768 \" ><div class=\"eltdf-eh-item  eltdf-vertical-alignment-top  \"  data-item-class=\"eltdf-eh-custom-3381\" data-1366-1600=\"0 120px 0 0\" data-1024-1366=\"0 120px 0 0\" data-768-1024=\"0 30px 0 0\" data-680-768=\"0 0 0 0\" data-680=\"0 0 0 0\">\n\t<div class=\"eltdf-eh-item-inner\">\n\t\t<div class=\"eltdf-eh-item-content eltdf-eh-custom-3381\" style=\"padding: 0 120px 0 0\">\n\t\t\t<div class=\"eltdf-single-image-holder   \">\n    <div class=\"eltdf-si-inner\" >\n                                    <img loading=\"lazy\" decoding=\"async\" width=\"1000\" height=\"1500\" src=\"https:\/\/comfyevents.ee\/wp-content\/uploads\/2019\/12\/SandraPalmPhotography-585.jpg\" class=\"attachment-full size-full\" alt=\"\" srcset=\"https:\/\/comfyevents.ee\/wp-content\/uploads\/2019\/12\/SandraPalmPhotography-585.jpg 1000w, https:\/\/comfyevents.ee\/wp-content\/uploads\/2019\/12\/SandraPalmPhotography-585-600x900.jpg 600w, https:\/\/comfyevents.ee\/wp-content\/uploads\/2019\/12\/SandraPalmPhotography-585-200x300.jpg 200w, https:\/\/comfyevents.ee\/wp-content\/uploads\/2019\/12\/SandraPalmPhotography-585-683x1024.jpg 683w, https:\/\/comfyevents.ee\/wp-content\/uploads\/2019\/12\/SandraPalmPhotography-585-768x1152.jpg 768w\" sizes=\"auto, (max-width: 1000px) 100vw, 1000px\" \/>                        <\/div>\n<\/div>[vc_column_text]<\/p>\n<p style=\"text-align: right;\">Foto: Sandra Palm<\/p>\n<p>[\/vc_column_text][vc_empty_space height=&#8221;37px&#8221;][vc_column_text css_animation=&#8221;fadeInLeft&#8221;]<\/p>\n<h4><strong>Unik\u0101ls burutelts j\u016bsu pas\u0101kumam, kas ir \u012bpa\u0161\u0101ks par jebkuru svin\u012bbu z\u0101li<\/strong><\/h4>\n<ul>\n<li>Izv\u0113lieties telts izm\u0113ru atbilsto\u0161i uzaicin\u0101to viesu skaitam<\/li>\n<li>M\u0113s uzst\u0101d\u012bsim burutelti j\u016bsu izv\u0113l\u0113taj\u0101 viet\u0101, vai t\u0101 b\u016btu lauku m\u0101ja, mui\u017eas parks vai j\u016bras krasts<\/li>\n<li>Aizsarg\u0101 no lietus, v\u0113ja un svelo\u0161as saules<\/li>\n<li>L\u012bdz pat 7 metrus augstas telts virsotnes rada pla\u0161uma saj\u016btu, t\u0101d\u0113\u013c zem telts ir pat\u012bkami un m\u0101j\u012bgi uztur\u0113ties<\/li>\n<\/ul>\n<p><img loading=\"lazy\" decoding=\"async\" class=\"wp-image-4670 aligncenter\" src=\"http:\/\/comfyevents.ee\/wp-content\/uploads\/2019\/05\/vahe2.png\" alt=\"Pas\u0101kumu telts\" width=\"200\" height=\"100\" \/><\/p>\n<blockquote><p><span style=\"color: #749385;\"><em>J\u016bs dar\u0101t tik lielisku un, galvenais, at\u0161\u0137ir\u012bgu lietu. Paldies, ka nodarbojaties ar \u0161\u0101du tel\u0161u nomu \u0161eit Igaunij\u0101 un padar\u0101t svar\u012bgus pas\u0101kumus ar t\u0101m \u012bpa\u0161\u0101kus!<\/em><\/span><br \/>\n<span style=\"color: #749385;\">\u2014 L\u012bna un Germo<\/span><\/p><\/blockquote>\n<h4><strong><img loading=\"lazy\" decoding=\"async\" class=\"size-full wp-image-4669 aligncenter\" src=\"http:\/\/comfyevents.ee\/wp-content\/uploads\/2019\/05\/vahe1.png\" alt=\"svin\u012bbu telts\" width=\"200\" height=\"100\" \/><\/strong><\/h4>\n<h4><strong>Zvaniet, ja v\u0113laties sa\u0146emt papildu inform\u0101ciju!<\/strong><br \/>\nRaiko: +372 526 4312<\/h4>\n<p><strong>Comfy Events O\u00dc<\/strong><br \/>\nRe\u0123. kods 14565421<br \/>\nPVN re\u0123. nr. EE102120273[\/vc_column_text][vc_empty_space height=&#8221;70px&#8221;]\t\t<\/div>\n\t<\/div>\n<\/div><div class=\"eltdf-eh-item    \"  data-item-class=\"eltdf-eh-custom-5926\" data-1366-1600=\"0px 0 40px 0\" data-1024-1366=\"0px 0 40px 0\" data-768-1024=\"0 0 38px 0\" data-680-768=\"0 0 0 0\" data-680=\"0 0 0 0\">\n\t<div class=\"eltdf-eh-item-inner\">\n\t\t<div class=\"eltdf-eh-item-content eltdf-eh-custom-5926\" style=\"padding: 0 0 40px 0\">\n\t\t\t[vc_column_text]<\/p>\n<h4>Rezerv\u0113jiet burutelti jau \u0161odien!<\/h4>\n<p>[\/vc_column_text][vc_empty_space height=&#8221;37px&#8221;]\n<div class=\"wpcf7 no-js\" id=\"wpcf7-f9317-o1\" lang=\"lv\" dir=\"ltr\" data-wpcf7-id=\"9317\">\n<div class=\"screen-reader-response\"><p role=\"status\" aria-live=\"polite\" aria-atomic=\"true\"><\/p> <ul><\/ul><\/div>\n<form action=\"\/lv\/wp-json\/wp\/v2\/pages\/8787#wpcf7-f9317-o1\" method=\"post\" class=\"wpcf7-form init\" aria-label=\"Contact form\" novalidate=\"novalidate\" data-status=\"init\">\n<fieldset class=\"hidden-fields-container\"><input type=\"hidden\" name=\"_wpcf7\" value=\"9317\" \/><input type=\"hidden\" name=\"_wpcf7_version\" value=\"6.1.5\" \/><input type=\"hidden\" name=\"_wpcf7_locale\" value=\"lv\" \/><input type=\"hidden\" name=\"_wpcf7_unit_tag\" value=\"wpcf7-f9317-o1\" \/><input type=\"hidden\" name=\"_wpcf7_container_post\" value=\"0\" \/><input type=\"hidden\" name=\"_wpcf7_posted_data_hash\" value=\"\" \/><input type=\"hidden\" name=\"_wpcf7_recaptcha_response\" value=\"\" \/>\n<\/fieldset>\n<p><label> V\u0101rds*<br \/>\n<span class=\"wpcf7-form-control-wrap\" data-name=\"your-name\"><input size=\"40\" maxlength=\"400\" class=\"wpcf7-form-control wpcf7-text wpcf7-validates-as-required\" aria-required=\"true\" aria-invalid=\"false\" value=\"\" type=\"text\" name=\"your-name\" \/><\/span> <\/label>\n<\/p>\n<p><label>E-pasta adrese*<br \/>\n<span class=\"wpcf7-form-control-wrap\" data-name=\"your-email\"><input size=\"40\" maxlength=\"400\" class=\"wpcf7-form-control wpcf7-email wpcf7-validates-as-required wpcf7-text wpcf7-validates-as-email\" aria-required=\"true\" aria-invalid=\"false\" value=\"\" type=\"email\" name=\"your-email\" \/><\/span> <\/label>\n<\/p>\n<p><label>T\u0101lru\u0146a numurs*<br \/>\n<span class=\"wpcf7-form-control-wrap\" data-name=\"tel-65\"><input size=\"40\" maxlength=\"400\" class=\"wpcf7-form-control wpcf7-tel wpcf7-validates-as-required wpcf7-text wpcf7-validates-as-tel\" aria-required=\"true\" aria-invalid=\"false\" value=\"\" type=\"tel\" name=\"tel-65\" \/><\/span> <\/label>\n<\/p>\n<p><label>V\u0113lamais Comfy telts izm\u0113rs*<br \/>\n<a style=\"float:right;\" href=\"https:\/\/comfyevents.ee\/wp-content\/uploads\/2019\/10\/paigutused.pdf\" target=\"_blank\">Iepaz\u012bstieties ar izk\u0101rtojuma risin\u0101jumiem<\/a><br \/>\n<span class=\"wpcf7-form-control-wrap\" data-name=\"menu-734\"><select class=\"wpcf7-form-control wpcf7-select wpcf7-validates-as-required\" aria-required=\"true\" aria-invalid=\"false\" name=\"menu-734\"><option value=\"Comfy S \u2014 10 m aplis\">Comfy S \u2014 10 m aplis<\/option><option value=\"Comfy M \u2014 10x15 m\">Comfy M \u2014 10x15 m<\/option><option value=\"Comfy L \u2014 10x21 m\" selected=\"selected\">Comfy L \u2014 10x21 m<\/option><option value=\"Comfy XL \u2014 10x27 m\">Comfy XL \u2014 10x27 m<\/option><option value=\"Comfy XXL \u2014 10x33 m\">Comfy XXL \u2014 10x33 m<\/option><option value=\"Comfy 14S \u2014 14 m aplis\">Comfy 14S \u2014 14 m aplis<\/option><option value=\"Comfy 14M \u2014 14x19 m\">Comfy 14M \u2014 14x19 m<\/option><option value=\"Comfy 14L \u2014 14x25 m\">Comfy 14L \u2014 14x25 m<\/option><\/select><\/span> <\/label>\n<\/p>\n<p><label>Aptuvenais viesu skaits*<\/label><br \/>\n<span class=\"wpcf7-form-control-wrap\" data-name=\"kylalised\"><input size=\"40\" maxlength=\"400\" class=\"wpcf7-form-control wpcf7-text wpcf7-validates-as-required\" aria-required=\"true\" aria-invalid=\"false\" placeholder=\"Ievadiet \u0161eit viesu skaitu, kuriem j\u0101ietilpst telt\u012b!\" value=\"\" type=\"text\" name=\"kylalised\" \/><\/span>\n<\/p>\n<p><label>V\u0113lamais datums*<br \/>\n<span class=\"wpcf7-form-control-wrap\" data-name=\"kuupaev\"><input size=\"40\" maxlength=\"400\" class=\"wpcf7-form-control wpcf7-text wpcf7-validates-as-required\" aria-required=\"true\" aria-invalid=\"false\" placeholder=\"Ievadiet \u0161eit v\u0113lamo datumu vai datumus, kad v\u0113laties izmantot telti!\" value=\"\" type=\"text\" name=\"kuupaev\" \/><\/span><br \/>\n<\/label>\n<\/p>\n<p><label> Pl\u0101not\u0101 atra\u0161an\u0101s vieta*<br \/>\n<span class=\"wpcf7-form-control-wrap\" data-name=\"location\"><input size=\"40\" maxlength=\"400\" class=\"wpcf7-form-control wpcf7-text wpcf7-validates-as-required\" aria-required=\"true\" aria-invalid=\"false\" value=\"\" type=\"text\" name=\"location\" \/><\/span> <\/label>\n<\/p>\n<p><label> Pas\u0101kuma veids*<\/label><br \/>\n<span class=\"wpcf7-form-control-wrap\" data-name=\"tyyp\"><span class=\"wpcf7-form-control wpcf7-radio\"><span class=\"wpcf7-list-item first\"><label><input type=\"radio\" name=\"tyyp\" value=\"k\u0101zas\" checked=\"checked\" \/><span class=\"wpcf7-list-item-label\">k\u0101zas<\/span><\/label><\/span><span class=\"wpcf7-list-item\"><label><input type=\"radio\" name=\"tyyp\" value=\"dzim\u0161anas diena\" \/><span class=\"wpcf7-list-item-label\">dzim\u0161anas diena<\/span><\/label><\/span><span class=\"wpcf7-list-item\"><label><input type=\"radio\" name=\"tyyp\" value=\"korporat\u012bvais pas\u0101kums\" \/><span class=\"wpcf7-list-item-label\">korporat\u012bvais pas\u0101kums<\/span><\/label><\/span><span class=\"wpcf7-list-item\"><label><input type=\"radio\" name=\"tyyp\" value=\"festiv\u0101ls\" \/><span class=\"wpcf7-list-item-label\">festiv\u0101ls<\/span><\/label><\/span><span class=\"wpcf7-list-item last\"><label><input type=\"radio\" name=\"tyyp\" value=\"cits pas\u0101kums\" \/><span class=\"wpcf7-list-item-label\">cits pas\u0101kums<\/span><\/label><\/span><\/span><\/span>\n<\/p>\n<p><label> <strong>L\u016bdzu, aprakstiet savu pas\u0101kumu s\u012bk\u0101k \u2014<\/strong><br \/>\nvai jums ir dekorators\/organizators; ko v\u0113laties novietot telt\u012b papildus galdiem; cikos teltij j\u0101b\u016bt uzst\u0101d\u012btai; k\u0101ds ir j\u016bsu bud\u017eets utt.*<br \/>\n<span class=\"wpcf7-form-control-wrap\" data-name=\"your-message\"><textarea cols=\"40\" rows=\"10\" maxlength=\"2000\" class=\"wpcf7-form-control wpcf7-textarea wpcf7-validates-as-required\" aria-required=\"true\" aria-invalid=\"false\" name=\"your-message\"><\/textarea><\/span> <\/label>\n<\/p>\n<p class=\"marginb\"><br \/>\n<label>Papildus teltij v\u0113los sa\u0146emt ar\u012b <u><a href=\"https:\/\/comfyevents.ee\/2019\/11\/17\/kas-poranda-rent-on-vajalik\/\" target=\"_blank\">gr\u012bdas<\/a><\/u> seguma pied\u0101v\u0101jumu<\/label><br \/>\n<span class=\"wpcf7-form-control-wrap\" data-name=\"porand\"><span class=\"wpcf7-form-control wpcf7-radio\"><span class=\"wpcf7-list-item first\"><label><input type=\"radio\" name=\"porand\" value=\"Nev\u0113los\" checked=\"checked\" \/><span class=\"wpcf7-list-item-label\">Nev\u0113los<\/span><\/label><\/span><span class=\"wpcf7-list-item\"><label><input type=\"radio\" name=\"porand\" value=\"V\u0113los gr\u012bdas segumu\" \/><span class=\"wpcf7-list-item-label\">V\u0113los gr\u012bdas segumu<\/span><\/label><\/span><span class=\"wpcf7-list-item last\"><label><input type=\"radio\" name=\"porand\" value=\"V\u0113los papildus gr\u012bdas segumam ar\u012b pakl\u0101ju&quot;&quot;V\u0113los m\u0101ksl\u012bgo z\u0101lienu\" \/><span class=\"wpcf7-list-item-label\">V\u0113los papildus gr\u012bdas segumam ar\u012b pakl\u0101ju&quot;&quot;V\u0113los m\u0101ksl\u012bgo z\u0101lienu<\/span><\/label><\/span><\/span><\/span>\n<\/p>\n<p class=\"marginb\"><br \/>\n<label>V\u0113los ar\u012b gaismas virteni ap telts perimetru ar uzst\u0101d\u012b\u0161anu<\/label><br \/>\n<span class=\"wpcf7-form-control-wrap\" data-name=\"valguskett\"><span class=\"wpcf7-form-control wpcf7-radio\"><span class=\"wpcf7-list-item first\"><label><input type=\"radio\" name=\"valguskett\" value=\"J\u0101, v\u0113los\" checked=\"checked\" \/><span class=\"wpcf7-list-item-label\">J\u0101, v\u0113los<\/span><\/label><\/span><span class=\"wpcf7-list-item last\"><label><input type=\"radio\" name=\"valguskett\" value=\"Nev\u0113los\" \/><span class=\"wpcf7-list-item-label\">Nev\u0113los<\/span><\/label><\/span><\/span><\/span>\n<\/p>\n<p class=\"marginb\"><br \/>\n<label>Pazi\u0146ojiet mums, k\u0101 uzzin\u0101j\u0101t par Comfy:<\/label><br \/>\n<span class=\"wpcf7-form-control-wrap\" data-name=\"leidsid\"><input size=\"40\" maxlength=\"400\" class=\"wpcf7-form-control wpcf7-text\" aria-invalid=\"false\" value=\"\" type=\"text\" name=\"leidsid\" \/><\/span>\n<\/p>\n<p><span class=\"wpcf7-form-control-wrap\" data-name=\"acceptance-60\"><span class=\"wpcf7-form-control wpcf7-acceptance\"><span class=\"wpcf7-list-item\"><label><input type=\"checkbox\" name=\"acceptance-60\" value=\"1\" aria-invalid=\"false\" \/><span class=\"wpcf7-list-item-label\">Es piekr\u012btu <a href=\"https:\/\/comfyevents.ee\/privaatsus\" target=\"_blank\">priv\u0101tuma politikai<\/a>.<\/span><\/label><\/span><\/span><\/span>\n<\/p>\n<p><input class=\"wpcf7-form-control wpcf7-submit has-spinner\" type=\"submit\" value=\"s\u016bt\u012bt\" \/>\n<\/p><p style=\"display: none !important;\" class=\"akismet-fields-container\" data-prefix=\"_wpcf7_ak_\"><label>&#916;<textarea name=\"_wpcf7_ak_hp_textarea\" cols=\"45\" rows=\"8\" maxlength=\"100\"><\/textarea><\/label><input type=\"hidden\" id=\"ak_js_1\" name=\"_wpcf7_ak_js\" value=\"167\"\/><script type=\"text\/javascript\">\n\/* <![CDATA[ *\/\ndocument.getElementById( \"ak_js_1\" ).setAttribute( \"value\", ( new Date() ).getTime() );\n\/* ]]> *\/\n<\/script>\n<\/p><div class=\"wpcf7-response-output\" aria-hidden=\"true\"><\/div>\n<\/form>\n<\/div>\n[vc_empty_space height=&#8221;30px&#8221;][vc_empty_space height=&#8221;70px&#8221;]\t\t<\/div>\n\t<\/div>\n<\/div><\/div>[\/vc_column][\/vc_row][vc_row content_text_aligment=&#8221;center&#8221; css=&#8221;.vc_custom_1526368830852{padding-top: 2px !important;}&#8221;][vc_column][\/vc_column][\/vc_row]<\/p>\n","protected":false},"excerpt":{"rendered":"<p>[vc_row row_content_width=&#8221;grid&#8221; css=&#8221;.vc_custom_1526479637022{padding-top: 140px !important;padding-bottom: 57px !important;}&#8221;][vc_column][vc_empty_space height=&#8221;50px&#8221;][\/vc_column][\/vc_row][vc_row content_text_aligment=&#8221;center&#8221; css=&#8221;.vc_custom_1526368830852{padding-top: 2px !important;}&#8221;][vc_column][\/vc_column][\/vc_row]<\/p>\n","protected":false},"author":3,"featured_media":0,"parent":0,"menu_order":0,"comment_status":"closed","ping_status":"closed","template":"full-width.php","meta":{"footnotes":"","_wp_rev_ctl_limit":""},"class_list":["post-8787","page","type-page","status-publish","hentry"],"yoast_head":"<!-- This site is optimized with the Yoast SEO plugin v27.5 - https:\/\/yoast.com\/product\/yoast-seo-wordpress\/ -->\n<title>Pas\u0101kumu telts noma \u2013 burutelts \u012bpa\u0161iem pas\u0101kumiem<\/title>\n<meta name=\"description\" content=\"Mekl\u0113jat pas\u0101kumu telti nomai? Comfy Events burutelts j\u016bsu pas\u0101kumam pie\u0161\u0137irs unik\u0101lu grezn\u012bbu un dabas tuv\u012bbu. Ide\u0101la izv\u0113le, lai katras svin\u012bbas padar\u012btu patiesi \u012bpa\u0161as!\" \/>\n<meta name=\"robots\" content=\"index, follow, max-snippet:-1, max-image-preview:large, max-video-preview:-1\" \/>\n<link rel=\"canonical\" href=\"https:\/\/comfyevents.ee\/lv\/nosutit-pieprasijumu\/\" \/>\n<meta property=\"og:locale\" content=\"lv_LV\" \/>\n<meta property=\"og:type\" content=\"article\" \/>\n<meta property=\"og:title\" content=\"Pas\u0101kumu telts noma \u2013 burutelts \u012bpa\u0161iem pas\u0101kumiem\" \/>\n<meta property=\"og:description\" content=\"Mekl\u0113jat pas\u0101kumu telti nomai? Comfy Events burutelts j\u016bsu pas\u0101kumam pie\u0161\u0137irs unik\u0101lu grezn\u012bbu un dabas tuv\u012bbu. Ide\u0101la izv\u0113le, lai katras svin\u012bbas padar\u012btu patiesi \u012bpa\u0161as!\" \/>\n<meta property=\"og:url\" content=\"https:\/\/comfyevents.ee\/lv\/nosutit-pieprasijumu\/\" \/>\n<meta property=\"og:site_name\" content=\"Comfy Events purjetelk\" \/>\n<meta property=\"article:publisher\" content=\"https:\/\/www.facebook.com\/purjetelk\/\" \/>\n<meta property=\"article:modified_time\" content=\"2025-12-30T14:33:23+00:00\" \/>\n<meta property=\"og:image\" content=\"http:\/\/comfyevents.ee\/wp-content\/uploads\/2019\/05\/vahe2.png\" \/>\n<meta name=\"twitter:card\" content=\"summary_large_image\" \/>\n<meta name=\"twitter:label1\" content=\"Est. reading time\" \/>\n\t<meta name=\"twitter:data1\" content=\"2 min\u016btes\" \/>\n<script type=\"application\/ld+json\" class=\"yoast-schema-graph\">{\"@context\":\"https:\\\/\\\/schema.org\",\"@graph\":[{\"@type\":\"WebPage\",\"@id\":\"https:\\\/\\\/comfyevents.ee\\\/lv\\\/nosutit-pieprasijumu\\\/\",\"url\":\"https:\\\/\\\/comfyevents.ee\\\/lv\\\/nosutit-pieprasijumu\\\/\",\"name\":\"Pas\u0101kumu telts noma \u2013 burutelts \u012bpa\u0161iem pas\u0101kumiem\",\"isPartOf\":{\"@id\":\"https:\\\/\\\/comfyevents.ee\\\/lv\\\/#website\"},\"primaryImageOfPage\":{\"@id\":\"https:\\\/\\\/comfyevents.ee\\\/lv\\\/nosutit-pieprasijumu\\\/#primaryimage\"},\"image\":{\"@id\":\"https:\\\/\\\/comfyevents.ee\\\/lv\\\/nosutit-pieprasijumu\\\/#primaryimage\"},\"thumbnailUrl\":\"http:\\\/\\\/comfyevents.ee\\\/wp-content\\\/uploads\\\/2019\\\/05\\\/vahe2.png\",\"datePublished\":\"2024-04-07T10:23:35+00:00\",\"dateModified\":\"2025-12-30T14:33:23+00:00\",\"description\":\"Mekl\u0113jat pas\u0101kumu telti nomai? Comfy Events burutelts j\u016bsu pas\u0101kumam pie\u0161\u0137irs unik\u0101lu grezn\u012bbu un dabas tuv\u012bbu. Ide\u0101la izv\u0113le, lai katras svin\u012bbas padar\u012btu patiesi \u012bpa\u0161as!\",\"breadcrumb\":{\"@id\":\"https:\\\/\\\/comfyevents.ee\\\/lv\\\/nosutit-pieprasijumu\\\/#breadcrumb\"},\"inLanguage\":\"lv-LV\",\"potentialAction\":[{\"@type\":\"ReadAction\",\"target\":[\"https:\\\/\\\/comfyevents.ee\\\/lv\\\/nosutit-pieprasijumu\\\/\"]}]},{\"@type\":\"ImageObject\",\"inLanguage\":\"lv-LV\",\"@id\":\"https:\\\/\\\/comfyevents.ee\\\/lv\\\/nosutit-pieprasijumu\\\/#primaryimage\",\"url\":\"http:\\\/\\\/comfyevents.ee\\\/wp-content\\\/uploads\\\/2019\\\/05\\\/vahe2.png\",\"contentUrl\":\"http:\\\/\\\/comfyevents.ee\\\/wp-content\\\/uploads\\\/2019\\\/05\\\/vahe2.png\"},{\"@type\":\"BreadcrumbList\",\"@id\":\"https:\\\/\\\/comfyevents.ee\\\/lv\\\/nosutit-pieprasijumu\\\/#breadcrumb\",\"itemListElement\":[{\"@type\":\"ListItem\",\"position\":1,\"name\":\"Home\",\"item\":\"https:\\\/\\\/comfyevents.ee\\\/lv\\\/\"},{\"@type\":\"ListItem\",\"position\":2,\"name\":\"Nos\u016bt\u012bt piepras\u012bjumu\"}]},{\"@type\":\"WebSite\",\"@id\":\"https:\\\/\\\/comfyevents.ee\\\/lv\\\/#website\",\"url\":\"https:\\\/\\\/comfyevents.ee\\\/lv\\\/\",\"name\":\"Comfy Events \u2013 disain peotelgi rent\",\"description\":\"Telgi rent, telkide rent, peotelgi rent, peotelkide rent, pulmatelk, pulmatelgi rent, pulmatelgid, telgipulm, telkide rentimine, peotelkide rentimine\",\"publisher\":{\"@id\":\"https:\\\/\\\/comfyevents.ee\\\/lv\\\/#organization\"},\"potentialAction\":[{\"@type\":\"SearchAction\",\"target\":{\"@type\":\"EntryPoint\",\"urlTemplate\":\"https:\\\/\\\/comfyevents.ee\\\/lv\\\/?s={search_term_string}\"},\"query-input\":{\"@type\":\"PropertyValueSpecification\",\"valueRequired\":true,\"valueName\":\"search_term_string\"}}],\"inLanguage\":\"lv-LV\"},{\"@type\":\"Organization\",\"@id\":\"https:\\\/\\\/comfyevents.ee\\\/lv\\\/#organization\",\"name\":\"Comfy Events\",\"url\":\"https:\\\/\\\/comfyevents.ee\\\/lv\\\/\",\"logo\":{\"@type\":\"ImageObject\",\"inLanguage\":\"lv-LV\",\"@id\":\"https:\\\/\\\/comfyevents.ee\\\/lv\\\/#\\\/schema\\\/logo\\\/image\\\/\",\"url\":\"https:\\\/\\\/comfyevents.ee\\\/wp-content\\\/uploads\\\/2025\\\/04\\\/Untitled-design-1.jpg\",\"contentUrl\":\"https:\\\/\\\/comfyevents.ee\\\/wp-content\\\/uploads\\\/2025\\\/04\\\/Untitled-design-1.jpg\",\"width\":720,\"height\":720,\"caption\":\"Comfy Events\"},\"image\":{\"@id\":\"https:\\\/\\\/comfyevents.ee\\\/lv\\\/#\\\/schema\\\/logo\\\/image\\\/\"},\"sameAs\":[\"https:\\\/\\\/www.facebook.com\\\/purjetelk\\\/\",\"http:\\\/\\\/instagram.com\\\/purjetelk\",\"https:\\\/\\\/www.youtube.com\\\/@purjetelk\"]}]}<\/script>\n<!-- \/ Yoast SEO plugin. -->","yoast_head_json":{"title":"Pas\u0101kumu telts noma \u2013 burutelts \u012bpa\u0161iem pas\u0101kumiem","description":"Mekl\u0113jat pas\u0101kumu telti nomai? Comfy Events burutelts j\u016bsu pas\u0101kumam pie\u0161\u0137irs unik\u0101lu grezn\u012bbu un dabas tuv\u012bbu. Ide\u0101la izv\u0113le, lai katras svin\u012bbas padar\u012btu patiesi \u012bpa\u0161as!","robots":{"index":"index","follow":"follow","max-snippet":"max-snippet:-1","max-image-preview":"max-image-preview:large","max-video-preview":"max-video-preview:-1"},"canonical":"https:\/\/comfyevents.ee\/lv\/nosutit-pieprasijumu\/","og_locale":"lv_LV","og_type":"article","og_title":"Pas\u0101kumu telts noma \u2013 burutelts \u012bpa\u0161iem pas\u0101kumiem","og_description":"Mekl\u0113jat pas\u0101kumu telti nomai? Comfy Events burutelts j\u016bsu pas\u0101kumam pie\u0161\u0137irs unik\u0101lu grezn\u012bbu un dabas tuv\u012bbu. Ide\u0101la izv\u0113le, lai katras svin\u012bbas padar\u012btu patiesi \u012bpa\u0161as!","og_url":"https:\/\/comfyevents.ee\/lv\/nosutit-pieprasijumu\/","og_site_name":"Comfy Events purjetelk","article_publisher":"https:\/\/www.facebook.com\/purjetelk\/","article_modified_time":"2025-12-30T14:33:23+00:00","og_image":[{"url":"http:\/\/comfyevents.ee\/wp-content\/uploads\/2019\/05\/vahe2.png","type":"","width":"","height":""}],"twitter_card":"summary_large_image","twitter_misc":{"Est. reading time":"2 min\u016btes"},"schema":{"@context":"https:\/\/schema.org","@graph":[{"@type":"WebPage","@id":"https:\/\/comfyevents.ee\/lv\/nosutit-pieprasijumu\/","url":"https:\/\/comfyevents.ee\/lv\/nosutit-pieprasijumu\/","name":"Pas\u0101kumu telts noma \u2013 burutelts \u012bpa\u0161iem pas\u0101kumiem","isPartOf":{"@id":"https:\/\/comfyevents.ee\/lv\/#website"},"primaryImageOfPage":{"@id":"https:\/\/comfyevents.ee\/lv\/nosutit-pieprasijumu\/#primaryimage"},"image":{"@id":"https:\/\/comfyevents.ee\/lv\/nosutit-pieprasijumu\/#primaryimage"},"thumbnailUrl":"http:\/\/comfyevents.ee\/wp-content\/uploads\/2019\/05\/vahe2.png","datePublished":"2024-04-07T10:23:35+00:00","dateModified":"2025-12-30T14:33:23+00:00","description":"Mekl\u0113jat pas\u0101kumu telti nomai? Comfy Events burutelts j\u016bsu pas\u0101kumam pie\u0161\u0137irs unik\u0101lu grezn\u012bbu un dabas tuv\u012bbu. Ide\u0101la izv\u0113le, lai katras svin\u012bbas padar\u012btu patiesi \u012bpa\u0161as!","breadcrumb":{"@id":"https:\/\/comfyevents.ee\/lv\/nosutit-pieprasijumu\/#breadcrumb"},"inLanguage":"lv-LV","potentialAction":[{"@type":"ReadAction","target":["https:\/\/comfyevents.ee\/lv\/nosutit-pieprasijumu\/"]}]},{"@type":"ImageObject","inLanguage":"lv-LV","@id":"https:\/\/comfyevents.ee\/lv\/nosutit-pieprasijumu\/#primaryimage","url":"http:\/\/comfyevents.ee\/wp-content\/uploads\/2019\/05\/vahe2.png","contentUrl":"http:\/\/comfyevents.ee\/wp-content\/uploads\/2019\/05\/vahe2.png"},{"@type":"BreadcrumbList","@id":"https:\/\/comfyevents.ee\/lv\/nosutit-pieprasijumu\/#breadcrumb","itemListElement":[{"@type":"ListItem","position":1,"name":"Home","item":"https:\/\/comfyevents.ee\/lv\/"},{"@type":"ListItem","position":2,"name":"Nos\u016bt\u012bt piepras\u012bjumu"}]},{"@type":"WebSite","@id":"https:\/\/comfyevents.ee\/lv\/#website","url":"https:\/\/comfyevents.ee\/lv\/","name":"Comfy Events \u2013 disain peotelgi rent","description":"Telgi rent, telkide rent, peotelgi rent, peotelkide rent, pulmatelk, pulmatelgi rent, pulmatelgid, telgipulm, telkide rentimine, peotelkide rentimine","publisher":{"@id":"https:\/\/comfyevents.ee\/lv\/#organization"},"potentialAction":[{"@type":"SearchAction","target":{"@type":"EntryPoint","urlTemplate":"https:\/\/comfyevents.ee\/lv\/?s={search_term_string}"},"query-input":{"@type":"PropertyValueSpecification","valueRequired":true,"valueName":"search_term_string"}}],"inLanguage":"lv-LV"},{"@type":"Organization","@id":"https:\/\/comfyevents.ee\/lv\/#organization","name":"Comfy Events","url":"https:\/\/comfyevents.ee\/lv\/","logo":{"@type":"ImageObject","inLanguage":"lv-LV","@id":"https:\/\/comfyevents.ee\/lv\/#\/schema\/logo\/image\/","url":"https:\/\/comfyevents.ee\/wp-content\/uploads\/2025\/04\/Untitled-design-1.jpg","contentUrl":"https:\/\/comfyevents.ee\/wp-content\/uploads\/2025\/04\/Untitled-design-1.jpg","width":720,"height":720,"caption":"Comfy Events"},"image":{"@id":"https:\/\/comfyevents.ee\/lv\/#\/schema\/logo\/image\/"},"sameAs":["https:\/\/www.facebook.com\/purjetelk\/","http:\/\/instagram.com\/purjetelk","https:\/\/www.youtube.com\/@purjetelk"]}]}},"_links":{"self":[{"href":"https:\/\/comfyevents.ee\/lv\/wp-json\/wp\/v2\/pages\/8787","targetHints":{"allow":["GET"]}}],"collection":[{"href":"https:\/\/comfyevents.ee\/lv\/wp-json\/wp\/v2\/pages"}],"about":[{"href":"https:\/\/comfyevents.ee\/lv\/wp-json\/wp\/v2\/types\/page"}],"author":[{"embeddable":true,"href":"https:\/\/comfyevents.ee\/lv\/wp-json\/wp\/v2\/users\/3"}],"replies":[{"embeddable":true,"href":"https:\/\/comfyevents.ee\/lv\/wp-json\/wp\/v2\/comments?post=8787"}],"version-history":[{"count":5,"href":"https:\/\/comfyevents.ee\/lv\/wp-json\/wp\/v2\/pages\/8787\/revisions"}],"predecessor-version":[{"id":9316,"href":"https:\/\/comfyevents.ee\/lv\/wp-json\/wp\/v2\/pages\/8787\/revisions\/9316"}],"wp:attachment":[{"href":"https:\/\/comfyevents.ee\/lv\/wp-json\/wp\/v2\/media?parent=8787"}],"curies":[{"name":"wp","href":"https:\/\/api.w.org\/{rel}","templated":true}]}}