{"id":8850,"date":"2024-04-02T16:54:26","date_gmt":"2024-04-02T13:54:26","guid":{"rendered":"https:\/\/comfyevents.ee\/telsu-noma\/"},"modified":"2025-12-30T16:25:25","modified_gmt":"2025-12-30T13:25:25","slug":"telsu-noma","status":"publish","type":"page","link":"https:\/\/comfyevents.ee\/lv\/telsu-noma\/","title":{"rendered":"Tel\u0161u noma"},"content":{"rendered":"<p>[vc_row][vc_column][vc_empty_space height=&#8221;20px&#8221;]<div class=\"eltdf-section-title-holder  eltdf-st-standard   \" >\n\t<div class=\"eltdf-st-inner\">\n\t\t\t\t\t<h1 class=\"eltdf-st-title\" >\n\t\t\t\tTel\u0161u noma pas\u0101kumiem vis\u0101 Eirop\u0101\t\t\t<\/h1>\n\t\t        \t\t\t\t\t<h4 class=\"eltdf-st-text\" style=\"margin-top: 50px\">\n\t\t\t\tComfy Events pied\u0101v\u0101 tel\u0161u nomu da\u017e\u0101dos izm\u0113ros un jebkura veida pas\u0101kumiem. M\u016bsu sv\u0113tku teltis ir piem\u0113rotas k\u0101z\u0101m, dzim\u0161anas dien\u0101m un uz\u0146\u0113mumu pas\u0101kumiem, radot m\u0101j\u012bgu un laikapst\u0101k\u013ciem notur\u012bgu vidi gan pils\u0113t\u0101, gan dab\u0101.\t\t\t<\/h4>\n\t\t\t<\/div>\n<\/div>[vc_empty_space height=&#8221;56px&#8221;][vc_column_text]<\/p>\n<p style=\"text-align: center;\" data-start=\"1289\" data-end=\"1525\"><strong data-start=\"1289\" data-end=\"1302\">Tel\u0161u noma<\/strong> ir elast\u012bgs un stil\u012bgs risin\u0101jums, ja v\u0113laties r\u012bkot pas\u0101kumu dab\u0101 vai viet\u0101, kur nav iek\u0161telpu. Comfy Events pied\u0101v\u0101 tel\u0161u nomu vis\u0101 Igaunij\u0101 \u2013 k\u0101z\u0101m, korporat\u012bvajiem pas\u0101kumiem, dzim\u0161anas dien\u0101m un citiem svar\u012bgiem notikumiem.<\/p>\n<p style=\"text-align: center;\" data-start=\"1527\" data-end=\"1785\">M\u016bsu pas\u0101kumu teltis un buru teltis rada pla\u0161u un gaismas pilnu telpu, kas harmoniski iek\u013caujas apk\u0101rt\u0113j\u0101 vid\u0113 un pie\u0161\u0137ir pas\u0101kumam \u012bpa\u0161u atmosf\u0113ru. Tel\u0161u noma \u013cauj br\u012bvi izv\u0113l\u0113ties atra\u0161an\u0101s vietu un iek\u0101rtot telpu atbilsto\u0161i pas\u0101kuma raksturam un viesu skaitam.<\/p>\n<p>[\/vc_column_text][\/vc_column][\/vc_row][vc_row][vc_column]<div class=\"eltdf-elements-holder   eltdf-one-column  eltdf-responsive-mode-768 \" ><div class=\"eltdf-eh-item    \"  data-item-class=\"eltdf-eh-custom-5816\">\n\t<div class=\"eltdf-eh-item-inner\">\n\t\t<div class=\"eltdf-eh-item-content eltdf-eh-custom-5816\" >\n\t\t\t\t\t<\/div>\n\t<\/div>\n<\/div><\/div>[\/vc_column][\/vc_row][vc_row][vc_column][vc_empty_space height=&#8221;56px&#8221;]<div class=\"eltdf-section-title-holder  eltdf-st-standard   \" >\n\t<div class=\"eltdf-st-inner\">\n\t\t\t\t\t<h2 class=\"eltdf-st-title\" >\n\t\t\t\tK\u0101p\u0113c izv\u0113l\u0113ties tel\u0161u nomu no Comfy Events?\t\t\t<\/h2>\n\t\t                    <h6 class=\"eltdf-st-separator-subtitle\" >tel\u0161u noma<\/h6>\n        \t\t\t\t\t<p class=\"eltdf-st-text\" >\n\t\t\t\tComfy Events tel\u0161u noma nenoz\u012bm\u0113 tikai telts uzst\u0101d\u012b\u0161anu. M\u0113s pied\u0101v\u0101jam kompleksu risin\u0101jumu, kas ietver uzst\u0101d\u012b\u0161anu, konsult\u0101cijas un nepiecie\u0161amos papildu risin\u0101jumus.\t\t\t<\/p>\n\t\t\t<\/div>\n<\/div>[vc_empty_space]<div class=\"eltdf-item-showcase-holder clearfix\"><div class=\"eltdf-is-item eltdf-is-left\">\n\t<div class=\"eltdf-is-content\">\n\t\t\t\t\t<h4 class=\"eltdf-is-title\" >\n\t\t\t\t\t\t\t\tVair\u0101k telpas\t\t\t\t\t\t\t<\/h4>\n\t\t\t\t\t\t\t<p class=\"eltdf-is-text\" >M\u0113s atrisin\u0101m situ\u0101cijas, kad viesu nam\u0101, atp\u016btas kompleks\u0101 vai mui\u017e\u0101 viesiem pietr\u016bkst vietas.<\/p>\n\t\t\t<\/div>\n<\/div><div class=\"eltdf-is-item eltdf-is-left\">\n\t<div class=\"eltdf-is-content\">\n\t\t\t\t\t<h4 class=\"eltdf-is-title\" >\n\t\t\t\t\t\t\t\tSvaigs gaiss\t\t\t\t\t\t\t<\/h4>\n\t\t\t\t\t\t\t<p class=\"eltdf-is-text\" >Comfy burinieku telt\u012b ir vair\u0101k vietas, dabisk\u0101s gaismas un svaiga gaisa, lai viesi justos pat\u012bkami un m\u0101j\u012bgi ar\u012b lietain\u0101 laik\u0101.<\/p>\n\t\t\t<\/div>\n<\/div><div class=\"eltdf-is-item eltdf-is-left\">\n\t<div class=\"eltdf-is-content\">\n\t\t\t\t\t<h4 class=\"eltdf-is-title\" >\n\t\t\t\t\t\t\t\tIzk\u0101rtojumi\t\t\t\t\t\t\t<\/h4>\n\t\t\t\t\t\t\t<p class=\"eltdf-is-text\" >Burinieku telts ir lieliski piem\u0113rota gan konferen\u010du r\u012bko\u0161anai, k\u0101zu ceremonijai, koktei\u013cvakaram, gan ar\u012b svin\u012bg\u0101m vakari\u0146\u0101m.<\/p>\n\t\t\t<\/div>\n<\/div><div class=\"eltdf-is-item eltdf-is-right\">\n\t<div class=\"eltdf-is-content\">\n\t\t\t\t\t<h4 class=\"eltdf-is-title\" >\n\t\t\t\t\t\t\t\tAugst\u0101ks\t\t\t\t\t\t\t<\/h4>\n\t\t\t\t\t\t\t<p class=\"eltdf-is-text\" >Burinieku telts griestu augstums sasniedz l\u012bdz pat 7 metriem, radot pat\u012bkamu pla\u0161uma un br\u012bv\u012bbas saj\u016btu, atrodoties telt\u012b.<\/p>\n\t\t\t<\/div>\n<\/div><div class=\"eltdf-is-item eltdf-is-right\">\n\t<div class=\"eltdf-is-content\">\n\t\t\t\t\t<h4 class=\"eltdf-is-title\" >\n\t\t\t\t\t\t\t\tIzm\u0113ri\t\t\t\t\t\t\t<\/h4>\n\t\t\t\t\t\t\t<p class=\"eltdf-is-text\" >Teltij minim\u0101lais izm\u0113rs ir 10\u00d710 metru aplis ar plat\u012bbu 67 m\u00b2. Maksim\u0101lais izm\u0113rs ir 14\u00d725,5 metri ar kop\u0113jo plat\u012bbu l\u012bdz 310 m\u00b2.<\/p>\n\t\t\t<\/div>\n<\/div><div class=\"eltdf-is-item eltdf-is-right\">\n\t<div class=\"eltdf-is-content\">\n\t\t\t\t\t<h4 class=\"eltdf-is-title\" >\n\t\t\t\t\t\t\t\tGaismas piepild\u012bts\t\t\t\t\t\t\t<\/h4>\n\t\t\t\t\t\t\t<p class=\"eltdf-is-text\" >Burinieku audums dienas laik\u0101 \u013cauj saules gaismai maigi iepl\u016bst telt\u012b, bet vakara kr\u0113sl\u0101 gaismas dekori izgaismojums rada romantisku atmosf\u0113ru gan telt\u012b, gan t\u0101s apk\u0101rtn\u0113.<\/p>\n\t\t\t<\/div>\n<\/div><div class=\"eltdf-is-image\" style=\"margin-top: 70px\"><img loading=\"lazy\" decoding=\"async\" width=\"350\" height=\"438\" src=\"https:\/\/comfyevents.ee\/wp-content\/uploads\/2019\/07\/91c821333451bede02a3bbd5a00cb145_sm.jpg\" class=\"attachment-full size-full\" alt=\"\" srcset=\"https:\/\/comfyevents.ee\/wp-content\/uploads\/2019\/07\/91c821333451bede02a3bbd5a00cb145_sm.jpg 350w, https:\/\/comfyevents.ee\/wp-content\/uploads\/2019\/07\/91c821333451bede02a3bbd5a00cb145_sm-240x300.jpg 240w\" sizes=\"auto, (max-width: 350px) 100vw, 350px\" \/><\/div><\/div>[vc_empty_space height=&#8221;60px&#8221;][\/vc_column][\/vc_row][vc_section][vc_row][vc_column][vc_empty_space height=&#8221;56px&#8221;]<div class=\"eltdf-section-title-holder  eltdf-st-standard   \" >\n\t<div class=\"eltdf-st-inner\">\n\t\t\t\t\t<h1 class=\"eltdf-st-title\" >\n\t\t\t\tTel\u0161u noma k\u0101z\u0101m un pas\u0101kumiem\t\t\t<\/h1>\n\t\t                    <h6 class=\"eltdf-st-separator-subtitle\" >Sv\u0113tku telts, kas apbur<\/h6>\n        \t\t\t<\/div>\n<\/div>[vc_empty_space height=&#8221;56px&#8221;][vc_column_text]<\/p>\n<p data-start=\"2204\" data-end=\"2433\">Tel\u0161u noma k\u0101z\u0101m sniedz iesp\u0113ju r\u012bkot ceremoniju un svin\u012bbas tie\u0161i jums svar\u012bg\u0101 viet\u0101. T\u0101pat tel\u0161u noma ir ide\u0101li piem\u0113rota korporat\u012bvajiem pas\u0101kumiem, vasaras dien\u0101m un klientu pas\u0101kumiem, kur nepiecie\u0161ams elast\u012bgs un reprezentabls risin\u0101jums.<\/p>\n<p style=\"text-align: center;\" data-start=\"2435\" data-end=\"2588\">\ud83d\udc49 Lasiet vair\u0101k:<br data-start=\"2451\" data-end=\"2454\" \/><a class=\"decorated-link\" href=\"https:\/\/comfyevents.ee\/lv\/telts-noma-kazu-svinibam\/?utm_source=chatgpt.com\" target=\"_new\" rel=\"noopener\" data-start=\"2456\" data-end=\"2518\">Tel\u0161u noma k\u0101z\u0101m<\/a><br data-start=\"2520\" data-end=\"2523\" \/><a class=\"decorated-link\" href=\"https:\/\/comfyevents.ee\/lv\/cenas\/?utm_source=chatgpt.com\" target=\"_new\" rel=\"noopener\" data-start=\"2525\" data-end=\"2586\">Tel\u0161u nomas cenas<\/a><br \/>\n<a href=\"https:\/\/comfyevents.ee\/2025\/12\/19\/telgirent-eestis\/\">Tel\u0161u noma Igaunij\u0101 \u2013 k\u0101 izv\u0113l\u0113ties pareizo telti<\/a><\/p>\n<p>[\/vc_column_text][vc_empty_space height=&#8221;56px&#8221;][\/vc_column][\/vc_row][vc_row][vc_column][vc_empty_space height=&#8221;56px&#8221;]<div class=\"eltdf-section-title-holder  eltdf-st-standard   \" >\n\t<div class=\"eltdf-st-inner\">\n\t\t\t\t\t<h1 class=\"eltdf-st-title\" >\n\t\t\t\tLaikapst\u0101k\u013ci un tel\u0161u noma Igaunij\u0101\t\t\t<\/h1>\n\t\t                    <h6 class=\"eltdf-st-separator-subtitle\" >Laikapst\u0101k\u013ci netrauc\u0113 tel\u0161u nomai<\/h6>\n        \t\t\t<\/div>\n<\/div>[vc_empty_space height=&#8221;56px&#8221;][vc_column_text]<\/p>\n<p style=\"text-align: center;\" data-start=\"2628\" data-end=\"2931\">Igaunijas main\u012bgais laiks ir viens no galvenajiem iemesliem, k\u0101p\u0113c tel\u0161u noma ir praktiska izv\u0113le. Teltij var pievienot s\u0101nu sienas un, ja nepiecie\u0161ams, ar\u012b apkuri, lai viesi justos \u0113rti jebkur\u0101 situ\u0101cij\u0101. Pas\u0101kuma pl\u0101no\u0161an\u0101 iesak\u0101m \u0146emt v\u0113r\u0101 ar\u012b <br data-start=\"2856\" data-end=\"2859\" \/><a class=\"decorated-link\" href=\"https:\/\/www.ilmateenistus.ee\/\" target=\"_new\" rel=\"noopener\" data-start=\"2861\" data-end=\"2928\">Igaunijas Meteorolo\u0123ijas dienesta laika prognozi<\/a>.<\/p>\n<p>[\/vc_column_text][vc_empty_space height=&#8221;56px&#8221;][\/vc_column][\/vc_row][\/vc_section][vc_row][vc_column]<div class=\"eltdf-elements-holder   eltdf-one-column  eltdf-responsive-mode-768 \" ><div class=\"eltdf-eh-item   eltdf-horizontal-alignment-center \"  data-item-class=\"eltdf-eh-custom-6824\" data-768-1024=\"0px\" data-680-768=\"0px\" data-680=\"0px\">\n\t<div class=\"eltdf-eh-item-inner\">\n\t\t<div class=\"eltdf-eh-item-content eltdf-eh-custom-6824\" style=\"padding: 0px 100px\">\n\t\t\t[vc_column_text]<\/p>\n<h4 style=\"text-align: center;\"><span style=\"font-weight: 400;\">Ja r\u012bkojat pas\u0101kumu un mekl\u0113jat \u0113rtu un pla\u0161u svin\u012bbu vietu, tad rakstiet mums, un m\u0113s kop\u0101 atrad\u012bsim lab\u0101ko risin\u0101jumu:<\/span><\/h4>\n<p>[\/vc_column_text][vc_empty_space]<a itemprop=\"url\" href=\"\/kontakt\" target=\"_self\"  class=\"eltdf-btn eltdf-btn-medium eltdf-btn-solid\"  >\n    <span class=\"eltdf-btn-text\">Nos\u016bti savu piepras\u012bjumu<\/span>\n    <\/a>[vc_empty_space height=&#8221;100px&#8221;]\t\t<\/div>\n\t<\/div>\n<\/div><\/div>[\/vc_column][vc_column][\/vc_column][vc_column][\/vc_column][\/vc_row]<\/p>\n","protected":false},"excerpt":{"rendered":"<p>[vc_row][vc_column][vc_empty_space height=&#8221;20px&#8221;][vc_empty_space height=&#8221;56px&#8221;][vc_column_text] Tel\u0161u noma ir elast\u012bgs un stil\u012bgs risin\u0101jums, ja v\u0113laties r\u012bkot pas\u0101kumu dab\u0101 vai viet\u0101, kur nav iek\u0161telpu. Comfy Events pied\u0101v\u0101 tel\u0161u nomu vis\u0101 Igaunij\u0101 \u2013 k\u0101z\u0101m, korporat\u012bvajiem pas\u0101kumiem, dzim\u0161anas dien\u0101m un citiem svar\u012bgiem notikumiem. M\u016bsu pas\u0101kumu teltis un buru [&hellip;]<\/p>\n","protected":false},"author":3,"featured_media":0,"parent":0,"menu_order":0,"comment_status":"closed","ping_status":"closed","template":"","meta":{"footnotes":"","_wp_rev_ctl_limit":""},"class_list":["post-8850","page","type-page","status-publish","hentry"],"yoast_head":"<!-- This site is optimized with the Yoast SEO plugin v27.5 - https:\/\/yoast.com\/product\/yoast-seo-wordpress\/ -->\n<title>Tel\u0161u noma pas\u0101kumiem vis\u0101 Igaunij\u0101 | Comfy Events<\/title>\n<meta name=\"description\" content=\"Comfy Events tel\u0161u noma vis\u0101 Igaunij\u0101 \u2013 pas\u0101kumu teltis k\u0101z\u0101m, dzim\u0161anas dien\u0101m un korporat\u012bvajiem pas\u0101kumiem. \u0112rts un m\u0101j\u012bgs risin\u0101jums jebkura izm\u0113ra pas\u0101kumam.\" \/>\n<meta name=\"robots\" content=\"index, follow, max-snippet:-1, max-image-preview:large, max-video-preview:-1\" \/>\n<link rel=\"canonical\" href=\"https:\/\/comfyevents.ee\/lv\/telsu-noma\/\" \/>\n<meta property=\"og:locale\" content=\"lv_LV\" \/>\n<meta property=\"og:type\" content=\"article\" \/>\n<meta property=\"og:title\" content=\"Tel\u0161u noma pas\u0101kumiem vis\u0101 Igaunij\u0101 | Comfy Events\" \/>\n<meta property=\"og:description\" content=\"Comfy Events tel\u0161u noma vis\u0101 Igaunij\u0101 \u2013 pas\u0101kumu teltis k\u0101z\u0101m, dzim\u0161anas dien\u0101m un korporat\u012bvajiem pas\u0101kumiem. \u0112rts un m\u0101j\u012bgs risin\u0101jums jebkura izm\u0113ra pas\u0101kumam.\" \/>\n<meta property=\"og:url\" content=\"https:\/\/comfyevents.ee\/lv\/telsu-noma\/\" \/>\n<meta property=\"og:site_name\" content=\"Comfy Events purjetelk\" \/>\n<meta property=\"article:publisher\" content=\"https:\/\/www.facebook.com\/purjetelk\/\" \/>\n<meta property=\"article:modified_time\" content=\"2025-12-30T13:25:25+00:00\" \/>\n<meta property=\"og:image\" content=\"https:\/\/comfyevents.ee\/wp-content\/uploads\/2025\/03\/310158884_527218436080293_8680189412409634702_n.jpg\" \/>\n\t<meta property=\"og:image:width\" content=\"2048\" \/>\n\t<meta property=\"og:image:height\" content=\"1365\" \/>\n\t<meta property=\"og:image:type\" content=\"image\/jpeg\" \/>\n<meta name=\"twitter:card\" content=\"summary_large_image\" \/>\n<meta name=\"twitter:label1\" content=\"Est. reading time\" \/>\n\t<meta name=\"twitter:data1\" content=\"3 min\u016btes\" \/>\n<script type=\"application\/ld+json\" class=\"yoast-schema-graph\">{\"@context\":\"https:\\\/\\\/schema.org\",\"@graph\":[{\"@type\":\"WebPage\",\"@id\":\"https:\\\/\\\/comfyevents.ee\\\/lv\\\/telsu-noma\\\/\",\"url\":\"https:\\\/\\\/comfyevents.ee\\\/lv\\\/telsu-noma\\\/\",\"name\":\"Tel\u0161u noma pas\u0101kumiem vis\u0101 Igaunij\u0101 | Comfy Events\",\"isPartOf\":{\"@id\":\"https:\\\/\\\/comfyevents.ee\\\/lv\\\/#website\"},\"datePublished\":\"2024-04-02T13:54:26+00:00\",\"dateModified\":\"2025-12-30T13:25:25+00:00\",\"description\":\"Comfy Events tel\u0161u noma vis\u0101 Igaunij\u0101 \u2013 pas\u0101kumu teltis k\u0101z\u0101m, dzim\u0161anas dien\u0101m un korporat\u012bvajiem pas\u0101kumiem. \u0112rts un m\u0101j\u012bgs risin\u0101jums jebkura izm\u0113ra pas\u0101kumam.\",\"breadcrumb\":{\"@id\":\"https:\\\/\\\/comfyevents.ee\\\/lv\\\/telsu-noma\\\/#breadcrumb\"},\"inLanguage\":\"lv-LV\",\"potentialAction\":[{\"@type\":\"ReadAction\",\"target\":[\"https:\\\/\\\/comfyevents.ee\\\/lv\\\/telsu-noma\\\/\"]}]},{\"@type\":\"BreadcrumbList\",\"@id\":\"https:\\\/\\\/comfyevents.ee\\\/lv\\\/telsu-noma\\\/#breadcrumb\",\"itemListElement\":[{\"@type\":\"ListItem\",\"position\":1,\"name\":\"Home\",\"item\":\"https:\\\/\\\/comfyevents.ee\\\/lv\\\/\"},{\"@type\":\"ListItem\",\"position\":2,\"name\":\"Tel\u0161u noma\"}]},{\"@type\":\"WebSite\",\"@id\":\"https:\\\/\\\/comfyevents.ee\\\/lv\\\/#website\",\"url\":\"https:\\\/\\\/comfyevents.ee\\\/lv\\\/\",\"name\":\"Comfy Events \u2013 disain peotelgi rent\",\"description\":\"Telgi rent, telkide rent, peotelgi rent, peotelkide rent, pulmatelk, pulmatelgi rent, pulmatelgid, telgipulm, telkide rentimine, peotelkide rentimine\",\"publisher\":{\"@id\":\"https:\\\/\\\/comfyevents.ee\\\/lv\\\/#organization\"},\"potentialAction\":[{\"@type\":\"SearchAction\",\"target\":{\"@type\":\"EntryPoint\",\"urlTemplate\":\"https:\\\/\\\/comfyevents.ee\\\/lv\\\/?s={search_term_string}\"},\"query-input\":{\"@type\":\"PropertyValueSpecification\",\"valueRequired\":true,\"valueName\":\"search_term_string\"}}],\"inLanguage\":\"lv-LV\"},{\"@type\":\"Organization\",\"@id\":\"https:\\\/\\\/comfyevents.ee\\\/lv\\\/#organization\",\"name\":\"Comfy Events\",\"url\":\"https:\\\/\\\/comfyevents.ee\\\/lv\\\/\",\"logo\":{\"@type\":\"ImageObject\",\"inLanguage\":\"lv-LV\",\"@id\":\"https:\\\/\\\/comfyevents.ee\\\/lv\\\/#\\\/schema\\\/logo\\\/image\\\/\",\"url\":\"https:\\\/\\\/comfyevents.ee\\\/wp-content\\\/uploads\\\/2025\\\/04\\\/Untitled-design-1.jpg\",\"contentUrl\":\"https:\\\/\\\/comfyevents.ee\\\/wp-content\\\/uploads\\\/2025\\\/04\\\/Untitled-design-1.jpg\",\"width\":720,\"height\":720,\"caption\":\"Comfy Events\"},\"image\":{\"@id\":\"https:\\\/\\\/comfyevents.ee\\\/lv\\\/#\\\/schema\\\/logo\\\/image\\\/\"},\"sameAs\":[\"https:\\\/\\\/www.facebook.com\\\/purjetelk\\\/\",\"http:\\\/\\\/instagram.com\\\/purjetelk\",\"https:\\\/\\\/www.youtube.com\\\/@purjetelk\"]}]}<\/script>\n<!-- \/ Yoast SEO plugin. -->","yoast_head_json":{"title":"Tel\u0161u noma pas\u0101kumiem vis\u0101 Igaunij\u0101 | Comfy Events","description":"Comfy Events tel\u0161u noma vis\u0101 Igaunij\u0101 \u2013 pas\u0101kumu teltis k\u0101z\u0101m, dzim\u0161anas dien\u0101m un korporat\u012bvajiem pas\u0101kumiem. \u0112rts un m\u0101j\u012bgs risin\u0101jums jebkura izm\u0113ra pas\u0101kumam.","robots":{"index":"index","follow":"follow","max-snippet":"max-snippet:-1","max-image-preview":"max-image-preview:large","max-video-preview":"max-video-preview:-1"},"canonical":"https:\/\/comfyevents.ee\/lv\/telsu-noma\/","og_locale":"lv_LV","og_type":"article","og_title":"Tel\u0161u noma pas\u0101kumiem vis\u0101 Igaunij\u0101 | Comfy Events","og_description":"Comfy Events tel\u0161u noma vis\u0101 Igaunij\u0101 \u2013 pas\u0101kumu teltis k\u0101z\u0101m, dzim\u0161anas dien\u0101m un korporat\u012bvajiem pas\u0101kumiem. \u0112rts un m\u0101j\u012bgs risin\u0101jums jebkura izm\u0113ra pas\u0101kumam.","og_url":"https:\/\/comfyevents.ee\/lv\/telsu-noma\/","og_site_name":"Comfy Events purjetelk","article_publisher":"https:\/\/www.facebook.com\/purjetelk\/","article_modified_time":"2025-12-30T13:25:25+00:00","og_image":[{"width":2048,"height":1365,"url":"https:\/\/comfyevents.ee\/wp-content\/uploads\/2025\/03\/310158884_527218436080293_8680189412409634702_n.jpg","type":"image\/jpeg"}],"twitter_card":"summary_large_image","twitter_misc":{"Est. reading time":"3 min\u016btes"},"schema":{"@context":"https:\/\/schema.org","@graph":[{"@type":"WebPage","@id":"https:\/\/comfyevents.ee\/lv\/telsu-noma\/","url":"https:\/\/comfyevents.ee\/lv\/telsu-noma\/","name":"Tel\u0161u noma pas\u0101kumiem vis\u0101 Igaunij\u0101 | Comfy Events","isPartOf":{"@id":"https:\/\/comfyevents.ee\/lv\/#website"},"datePublished":"2024-04-02T13:54:26+00:00","dateModified":"2025-12-30T13:25:25+00:00","description":"Comfy Events tel\u0161u noma vis\u0101 Igaunij\u0101 \u2013 pas\u0101kumu teltis k\u0101z\u0101m, dzim\u0161anas dien\u0101m un korporat\u012bvajiem pas\u0101kumiem. \u0112rts un m\u0101j\u012bgs risin\u0101jums jebkura izm\u0113ra pas\u0101kumam.","breadcrumb":{"@id":"https:\/\/comfyevents.ee\/lv\/telsu-noma\/#breadcrumb"},"inLanguage":"lv-LV","potentialAction":[{"@type":"ReadAction","target":["https:\/\/comfyevents.ee\/lv\/telsu-noma\/"]}]},{"@type":"BreadcrumbList","@id":"https:\/\/comfyevents.ee\/lv\/telsu-noma\/#breadcrumb","itemListElement":[{"@type":"ListItem","position":1,"name":"Home","item":"https:\/\/comfyevents.ee\/lv\/"},{"@type":"ListItem","position":2,"name":"Tel\u0161u noma"}]},{"@type":"WebSite","@id":"https:\/\/comfyevents.ee\/lv\/#website","url":"https:\/\/comfyevents.ee\/lv\/","name":"Comfy Events \u2013 disain peotelgi rent","description":"Telgi rent, telkide rent, peotelgi rent, peotelkide rent, pulmatelk, pulmatelgi rent, pulmatelgid, telgipulm, telkide rentimine, peotelkide rentimine","publisher":{"@id":"https:\/\/comfyevents.ee\/lv\/#organization"},"potentialAction":[{"@type":"SearchAction","target":{"@type":"EntryPoint","urlTemplate":"https:\/\/comfyevents.ee\/lv\/?s={search_term_string}"},"query-input":{"@type":"PropertyValueSpecification","valueRequired":true,"valueName":"search_term_string"}}],"inLanguage":"lv-LV"},{"@type":"Organization","@id":"https:\/\/comfyevents.ee\/lv\/#organization","name":"Comfy Events","url":"https:\/\/comfyevents.ee\/lv\/","logo":{"@type":"ImageObject","inLanguage":"lv-LV","@id":"https:\/\/comfyevents.ee\/lv\/#\/schema\/logo\/image\/","url":"https:\/\/comfyevents.ee\/wp-content\/uploads\/2025\/04\/Untitled-design-1.jpg","contentUrl":"https:\/\/comfyevents.ee\/wp-content\/uploads\/2025\/04\/Untitled-design-1.jpg","width":720,"height":720,"caption":"Comfy Events"},"image":{"@id":"https:\/\/comfyevents.ee\/lv\/#\/schema\/logo\/image\/"},"sameAs":["https:\/\/www.facebook.com\/purjetelk\/","http:\/\/instagram.com\/purjetelk","https:\/\/www.youtube.com\/@purjetelk"]}]}},"_links":{"self":[{"href":"https:\/\/comfyevents.ee\/lv\/wp-json\/wp\/v2\/pages\/8850","targetHints":{"allow":["GET"]}}],"collection":[{"href":"https:\/\/comfyevents.ee\/lv\/wp-json\/wp\/v2\/pages"}],"about":[{"href":"https:\/\/comfyevents.ee\/lv\/wp-json\/wp\/v2\/types\/page"}],"author":[{"embeddable":true,"href":"https:\/\/comfyevents.ee\/lv\/wp-json\/wp\/v2\/users\/3"}],"replies":[{"embeddable":true,"href":"https:\/\/comfyevents.ee\/lv\/wp-json\/wp\/v2\/comments?post=8850"}],"version-history":[{"count":5,"href":"https:\/\/comfyevents.ee\/lv\/wp-json\/wp\/v2\/pages\/8850\/revisions"}],"predecessor-version":[{"id":9300,"href":"https:\/\/comfyevents.ee\/lv\/wp-json\/wp\/v2\/pages\/8850\/revisions\/9300"}],"wp:attachment":[{"href":"https:\/\/comfyevents.ee\/lv\/wp-json\/wp\/v2\/media?parent=8850"}],"curies":[{"name":"wp","href":"https:\/\/api.w.org\/{rel}","templated":true}]}}