{"id":8839,"date":"2024-04-02T16:54:26","date_gmt":"2024-04-02T13:54:26","guid":{"rendered":"https:\/\/comfyevents.ee\/taltuthyrning\/"},"modified":"2025-12-19T17:23:04","modified_gmt":"2025-12-19T14:23:04","slug":"taltuthyrning","status":"publish","type":"page","link":"https:\/\/comfyevents.ee\/sv\/taltuthyrning\/","title":{"rendered":"T\u00e4ltuthyrning"},"content":{"rendered":"<p>[vc_row][vc_column][vc_empty_space height=&#8221;20px&#8221;]<div class=\"eltdf-section-title-holder  eltdf-st-standard   \" >\n\t<div class=\"eltdf-st-inner\">\n\t\t\t\t\t<h1 class=\"eltdf-st-title\" >\n\t\t\t\tTelgi rent s\u00fcndmusteks \u00fcle Eesti\t\t\t<\/h1>\n\t\t        \t\t\t\t\t<h4 class=\"eltdf-st-text\" style=\"margin-top: 50px\">\n\t\t\t\tComfy Events pakub telgi renti igas suuruses ja igaks s\u00fcndmuseks. Meie peotelgid sobivad pulmadeks, s\u00fcnnip\u00e4evadeks ja firma\u00fcritusteks ning loovad hubase, ilmastikukindla keskkonna nii linnas kui ka looduses.\t\t\t<\/h4>\n\t\t\t<\/div>\n<\/div>[vc_empty_space height=&#8221;56px&#8221;][vc_column_text]<\/p>\n<p style=\"text-align: center;\" data-start=\"1289\" data-end=\"1525\"><strong data-start=\"1289\" data-end=\"1302\">T\u00e4ltuthyrning<\/strong> \u00e4r en flexibel och stilfull l\u00f6sning n\u00e4r du vill arrangera ett evenemang i naturen eller p\u00e5 en plats d\u00e4r inomhusutrymmen saknas. Comfy Events erbjuder t\u00e4ltuthyrning \u00f6ver hela Estland &#8211; f\u00f6r br\u00f6llop, f\u00f6retagsevenemang, f\u00f6delsedagar och andra viktiga tillst\u00e4llningar. <\/p>\n<p style=\"text-align: center;\" data-start=\"1527\" data-end=\"1785\">V\u00e5ra festt\u00e4lt och segelt\u00e4lt skapar ett rymligt och ljust utrymme som sm\u00e4lter in i omgivningen och ger evenemanget en speciell atmosf\u00e4r. T\u00e4ltuthyrning m\u00f6jligg\u00f6r fri val av plats och att utforma utrymmet enligt evenemangets karakt\u00e4r och antalet g\u00e4ster. <\/p>\n<p>[\/vc_column_text][\/vc_column][\/vc_row][vc_row][vc_column]<div class=\"eltdf-elements-holder   eltdf-one-column  eltdf-responsive-mode-768 \" ><div class=\"eltdf-eh-item    \"  data-item-class=\"eltdf-eh-custom-8864\">\n\t<div class=\"eltdf-eh-item-inner\">\n\t\t<div class=\"eltdf-eh-item-content eltdf-eh-custom-8864\" >\n\t\t\t\t\t<\/div>\n\t<\/div>\n<\/div><\/div>[\/vc_column][\/vc_row][vc_row][vc_column][vc_empty_space height=&#8221;56px&#8221;]<div class=\"eltdf-section-title-holder  eltdf-st-standard   \" >\n\t<div class=\"eltdf-st-inner\">\n\t\t\t\t\t<h2 class=\"eltdf-st-title\" >\n\t\t\t\tVarf\u00f6r v\u00e4lja t\u00e4ltuthyrning fr\u00e5n Comfy Events?\t\t\t<\/h2>\n\t\t                    <h6 class=\"eltdf-st-separator-subtitle\" >telgirent<\/h6>\n        \t\t\t\t\t<p class=\"eltdf-st-text\" >\n\t\t\t\tComfy Events t\u00e4ltuthyrning inneb\u00e4r inte bara att s\u00e4tta upp ett t\u00e4lt. Vi erbjuder en helhetsl\u00f6sning som inkluderar installation, r\u00e5dgivning och n\u00f6dv\u00e4ndiga till\u00e4ggsl\u00f6sningar. \t\t\t<\/p>\n\t\t\t<\/div>\n<\/div>[vc_empty_space]<div class=\"eltdf-item-showcase-holder clearfix\"><div class=\"eltdf-is-item eltdf-is-left\">\n\t<div class=\"eltdf-is-content\">\n\t\t\t\t\t<h4 class=\"eltdf-is-title\" >\n\t\t\t\t\t\t\t\tRohkem ruumi\t\t\t\t\t\t\t<\/h4>\n\t\t\t\t\t\t\t<p class=\"eltdf-is-text\" >Lahendame olukorra, kus turismitalus, puhkemajas v\u00f5i m\u00f5isas j\u00e4\u00e4b k\u00fclalistele ruumi v\u00e4heks.<\/p>\n\t\t\t<\/div>\n<\/div><div class=\"eltdf-is-item eltdf-is-left\">\n\t<div class=\"eltdf-is-content\">\n\t\t\t\t\t<h4 class=\"eltdf-is-title\" >\n\t\t\t\t\t\t\t\tV\u00e4rske \u00f5hk\t\t\t\t\t\t\t<\/h4>\n\t\t\t\t\t\t\t<p class=\"eltdf-is-text\" >Comfy purjetelgis on rohkem ruumi, looduslikku valgust ja \u00f5hku, et k\u00fclalised saaksid ennast tunda meeldivalt ja hubaselt, ka vihmase ilma korral.<\/p>\n\t\t\t<\/div>\n<\/div><div class=\"eltdf-is-item eltdf-is-left\">\n\t<div class=\"eltdf-is-content\">\n\t\t\t\t\t<h4 class=\"eltdf-is-title\" >\n\t\t\t\t\t\t\t\tPaigutused\t\t\t\t\t\t\t<\/h4>\n\t\t\t\t\t\t\t<p class=\"eltdf-is-text\" >Purjetelk sobib v\u00e4ga h\u00e4sti nii konverentsi pidamiseks, pulmatseremoonia paigaks, kokteilipeoks kui ka piduliku \u00f5htus\u00f6\u00f6gi jaoks.<\/p>\n\t\t\t<\/div>\n<\/div><div class=\"eltdf-is-item eltdf-is-right\">\n\t<div class=\"eltdf-is-content\">\n\t\t\t\t\t<h4 class=\"eltdf-is-title\" >\n\t\t\t\t\t\t\t\tK\u00f5rgem\t\t\t\t\t\t\t<\/h4>\n\t\t\t\t\t\t\t<p class=\"eltdf-is-text\" >Purjetelgi lae k\u00f5rguseks on kuni 7 meetrit, mis tekitab telgi all olles meeldivalt avara ja ruumika tunde.<\/p>\n\t\t\t<\/div>\n<\/div><div class=\"eltdf-is-item eltdf-is-right\">\n\t<div class=\"eltdf-is-content\">\n\t\t\t\t\t<h4 class=\"eltdf-is-title\" >\n\t\t\t\t\t\t\t\tSuurused\t\t\t\t\t\t\t<\/h4>\n\t\t\t\t\t\t\t<p class=\"eltdf-is-text\" >Telgi minimaalne suurus on 10x10 meetrine ring pindalaga on 67m2. Maksimaalne suurus aga 14x25m meetrit, pindalaga kuni 310m2.<\/p>\n\t\t\t<\/div>\n<\/div><div class=\"eltdf-is-item eltdf-is-right\">\n\t<div class=\"eltdf-is-content\">\n\t\t\t\t\t<h4 class=\"eltdf-is-title\" >\n\t\t\t\t\t\t\t\tValgusk\u00fcllane\t\t\t\t\t\t\t<\/h4>\n\t\t\t\t\t\t\t<p class=\"eltdf-is-text\" >Purjeriie laseb p\u00e4evasel ajal p\u00e4ikesevalgusel telki sisse kumada ning \u00f5htuh\u00e4maruses luua valgusdekooril telgi \u00fcmber romantilise atmosf\u00e4\u00e4ri.<\/p>\n\t\t\t<\/div>\n<\/div><div class=\"eltdf-is-image\" style=\"margin-top: 70px\"><img loading=\"lazy\" decoding=\"async\" width=\"350\" height=\"438\" src=\"https:\/\/comfyevents.ee\/wp-content\/uploads\/2019\/07\/91c821333451bede02a3bbd5a00cb145_sm.jpg\" class=\"attachment-full size-full\" alt=\"\" srcset=\"https:\/\/comfyevents.ee\/wp-content\/uploads\/2019\/07\/91c821333451bede02a3bbd5a00cb145_sm.jpg 350w, https:\/\/comfyevents.ee\/wp-content\/uploads\/2019\/07\/91c821333451bede02a3bbd5a00cb145_sm-240x300.jpg 240w\" sizes=\"auto, (max-width: 350px) 100vw, 350px\" \/><\/div><\/div>[vc_empty_space height=&#8221;60px&#8221;][\/vc_column][\/vc_row][vc_section][vc_row][vc_column][vc_empty_space height=&#8221;56px&#8221;]<div class=\"eltdf-section-title-holder  eltdf-st-standard   \" >\n\t<div class=\"eltdf-st-inner\">\n\t\t\t\t\t<h1 class=\"eltdf-st-title\" >\n\t\t\t\tTelgirent pulmadeks ja \u00fcritusteks\t\t\t<\/h1>\n\t\t                    <h6 class=\"eltdf-st-separator-subtitle\" >Peotelk mis lummab<\/h6>\n        \t\t\t<\/div>\n<\/div>[vc_empty_space height=&#8221;56px&#8221;][vc_column_text]<\/p>\n<p data-start=\"2204\" data-end=\"2433\">T\u00e4ltuthyrning f\u00f6r br\u00f6llop ger m\u00f6jlighet att arrangera ceremonin och festen p\u00e5 en plats som \u00e4r viktig f\u00f6r dig. T\u00e4ltuthyrning passar ocks\u00e5 perfekt f\u00f6r f\u00f6retagsevenemang, sommarfester och kundevenemang d\u00e4r en flexibel och representativ l\u00f6sning beh\u00f6vs. <\/p>\n<p style=\"text-align: center;\" data-start=\"2435\" data-end=\"2588\">\ud83d\udc49 L\u00e4s mer:<br data-start=\"2451\" data-end=\"2454\"><a class=\"decorated-link\" href=\"https:\/\/comfyevents.ee\/sv\/hyr-ett-talt-for-brollopsfesten\/?utm_source=chatgpt.com\" target=\"_new\" rel=\"noopener\" data-start=\"2456\" data-end=\"2518\">T\u00e4lthyra f\u00f6r br\u00f6llop<\/a><br data-start=\"2520\" data-end=\"2523\"><a class=\"decorated-link\" href=\"https:\/\/comfyevents.ee\/sv\/priser\/?utm_source=chatgpt.com\" target=\"_new\" rel=\"noopener\" data-start=\"2525\" data-end=\"2586\">Priser f\u00f6r t\u00e4lthyra<\/a><br \/>\n<a href=\"https:\/\/comfyevents.ee\/2025\/12\/19\/telgirent-eestis\/\">T\u00e4lthyra i Estland &#8211; hur man v\u00e4ljer r\u00e4tt t\u00e4lt<\/a><\/p>\n<p>[\/vc_column_text][vc_empty_space height=&#8221;56px&#8221;][\/vc_column][\/vc_row][vc_row][vc_column][vc_empty_space height=&#8221;56px&#8221;]<div class=\"eltdf-section-title-holder  eltdf-st-standard   \" >\n\t<div class=\"eltdf-st-inner\">\n\t\t\t\t\t<h1 class=\"eltdf-st-title\" >\n\t\t\t\tIlm ja telgirent Eestis\t\t\t<\/h1>\n\t\t                    <h6 class=\"eltdf-st-separator-subtitle\" >Ilm telgirenti ei takista<\/h6>\n        \t\t\t<\/div>\n<\/div>[vc_empty_space height=&#8221;56px&#8221;][vc_column_text]<\/p>\n<p style=\"text-align: center;\" data-start=\"2628\" data-end=\"2931\">Estlands ombytliga v\u00e4der \u00e4r en av de fr\u00e4msta anledningarna till att t\u00e4ltuthyrning \u00e4r ett praktiskt val. T\u00e4ltet kan f\u00f6rses med sidov\u00e4ggar och vid behov \u00e4ven v\u00e4rme, s\u00e5 att g\u00e4sterna k\u00e4nner sig bekv\u00e4ma i alla situationer. Vid planering av evenemang rekommenderar vi ocks\u00e5 att f\u00f6lja  <br data-start=\"2856\" data-end=\"2859\"><a class=\"decorated-link\" href=\"https:\/\/www.ilmateenistus.ee\/\" target=\"_new\" rel=\"noopener\" data-start=\"2861\" data-end=\"2928\">v\u00e4derprognosen fr\u00e5n Estlands Meteorologiska Institut<\/a>.<\/p>\n<p>[\/vc_column_text][vc_empty_space height=&#8221;56px&#8221;][\/vc_column][\/vc_row][\/vc_section][vc_row][vc_column]<div class=\"eltdf-elements-holder   eltdf-one-column  eltdf-responsive-mode-768 \" ><div class=\"eltdf-eh-item   eltdf-horizontal-alignment-center \"  data-item-class=\"eltdf-eh-custom-5984\" data-768-1024=\"0px\" data-680-768=\"0px\" data-680=\"0px\">\n\t<div class=\"eltdf-eh-item-inner\">\n\t\t<div class=\"eltdf-eh-item-content eltdf-eh-custom-5984\" style=\"padding: 0px 100px\">\n\t\t\t[vc_column_text]<\/p>\n<h4 style=\"text-align: center;\"><span style=\"font-weight: 400;\">Om du arrangerar ett evenemang och letar efter en bekv\u00e4m och rymlig festplats, skriv till oss s\u00e5 hittar vi tillsammans den b\u00e4sta l\u00f6sningen:<\/span><\/h4>\n<p>[\/vc_column_text][vc_empty_space]<a itemprop=\"url\" href=\"\/kontakt\" target=\"_self\"  class=\"eltdf-btn eltdf-btn-medium eltdf-btn-solid\"  >\n    <span class=\"eltdf-btn-text\">Saada oma p\u00e4ring<\/span>\n    <\/a>[vc_empty_space height=&#8221;100px&#8221;]\t\t<\/div>\n\t<\/div>\n<\/div><\/div>[\/vc_column][vc_column][\/vc_column][vc_column][\/vc_column][\/vc_row]<\/p>\n","protected":false},"excerpt":{"rendered":"<p>[vc_row][vc_column][vc_empty_space height=&#8221;20px&#8221;][vc_empty_space height=&#8221;56px&#8221;][vc_column_text] T\u00e4ltuthyrning \u00e4r en flexibel och stilfull l\u00f6sning n\u00e4r du vill arrangera ett evenemang i naturen eller p\u00e5 en plats d\u00e4r inomhusutrymmen saknas. Comfy Events erbjuder t\u00e4ltuthyrning \u00f6ver hela Estland &#8211; f\u00f6r br\u00f6llop, f\u00f6retagsevenemang, f\u00f6delsedagar och andra viktiga tillst\u00e4llningar. V\u00e5ra [&hellip;]<\/p>\n","protected":false},"author":3,"featured_media":0,"parent":0,"menu_order":0,"comment_status":"closed","ping_status":"closed","template":"","meta":{"footnotes":"","_wp_rev_ctl_limit":""},"class_list":["post-8839","page","type-page","status-publish","hentry"],"yoast_head":"<!-- This site is optimized with the Yoast SEO plugin v27.5 - https:\/\/yoast.com\/product\/yoast-seo-wordpress\/ -->\n<title>T\u00e4ltuthyrning f\u00f6r evenemang \u00f6ver hela Estland | Comfy Events<\/title>\n<meta name=\"description\" content=\"Comfy Events t\u00e4ltuthyrning \u00f6ver hela Estland \u2013 festt\u00e4lt f\u00f6r br\u00f6llop, f\u00f6delsedagar och f\u00f6retagsevenemang. En bekv\u00e4m och mysig l\u00f6sning f\u00f6r evenemang av alla storlekar.\" \/>\n<meta name=\"robots\" content=\"index, follow, max-snippet:-1, max-image-preview:large, max-video-preview:-1\" \/>\n<link rel=\"canonical\" href=\"https:\/\/comfyevents.ee\/sv\/taltuthyrning\/\" \/>\n<meta property=\"og:locale\" content=\"sv_SE\" \/>\n<meta property=\"og:type\" content=\"article\" \/>\n<meta property=\"og:title\" content=\"T\u00e4ltuthyrning f\u00f6r evenemang \u00f6ver hela Estland | Comfy Events\" \/>\n<meta property=\"og:description\" content=\"Comfy Events t\u00e4ltuthyrning \u00f6ver hela Estland \u2013 festt\u00e4lt f\u00f6r br\u00f6llop, f\u00f6delsedagar och f\u00f6retagsevenemang. En bekv\u00e4m och mysig l\u00f6sning f\u00f6r evenemang av alla storlekar.\" \/>\n<meta property=\"og:url\" content=\"https:\/\/comfyevents.ee\/sv\/taltuthyrning\/\" \/>\n<meta property=\"og:site_name\" content=\"Comfy Events purjetelk\" \/>\n<meta property=\"article:publisher\" content=\"https:\/\/www.facebook.com\/purjetelk\/\" \/>\n<meta property=\"article:modified_time\" content=\"2025-12-19T14:23:04+00:00\" \/>\n<meta property=\"og:image\" content=\"https:\/\/comfyevents.ee\/wp-content\/uploads\/2025\/03\/310158884_527218436080293_8680189412409634702_n.jpg\" \/>\n\t<meta property=\"og:image:width\" content=\"2048\" \/>\n\t<meta property=\"og:image:height\" content=\"1365\" \/>\n\t<meta property=\"og:image:type\" content=\"image\/jpeg\" \/>\n<meta name=\"twitter:card\" content=\"summary_large_image\" \/>\n<meta name=\"twitter:label1\" content=\"Ber\u00e4knad l\u00e4stid\" \/>\n\t<meta name=\"twitter:data1\" content=\"5 minuter\" \/>\n<script type=\"application\/ld+json\" class=\"yoast-schema-graph\">{\"@context\":\"https:\\\/\\\/schema.org\",\"@graph\":[{\"@type\":\"WebPage\",\"@id\":\"https:\\\/\\\/comfyevents.ee\\\/sv\\\/taltuthyrning\\\/\",\"url\":\"https:\\\/\\\/comfyevents.ee\\\/sv\\\/taltuthyrning\\\/\",\"name\":\"T\u00e4ltuthyrning f\u00f6r evenemang \u00f6ver hela Estland | Comfy Events\",\"isPartOf\":{\"@id\":\"https:\\\/\\\/comfyevents.ee\\\/sv\\\/#website\"},\"datePublished\":\"2024-04-02T13:54:26+00:00\",\"dateModified\":\"2025-12-19T14:23:04+00:00\",\"description\":\"Comfy Events t\u00e4ltuthyrning \u00f6ver hela Estland \u2013 festt\u00e4lt f\u00f6r br\u00f6llop, f\u00f6delsedagar och f\u00f6retagsevenemang. En bekv\u00e4m och mysig l\u00f6sning f\u00f6r evenemang av alla storlekar.\",\"breadcrumb\":{\"@id\":\"https:\\\/\\\/comfyevents.ee\\\/sv\\\/taltuthyrning\\\/#breadcrumb\"},\"inLanguage\":\"sv-SE\",\"potentialAction\":[{\"@type\":\"ReadAction\",\"target\":[\"https:\\\/\\\/comfyevents.ee\\\/sv\\\/taltuthyrning\\\/\"]}]},{\"@type\":\"BreadcrumbList\",\"@id\":\"https:\\\/\\\/comfyevents.ee\\\/sv\\\/taltuthyrning\\\/#breadcrumb\",\"itemListElement\":[{\"@type\":\"ListItem\",\"position\":1,\"name\":\"Home\",\"item\":\"https:\\\/\\\/comfyevents.ee\\\/sv\\\/valkommen\\\/\"},{\"@type\":\"ListItem\",\"position\":2,\"name\":\"T\u00e4ltuthyrning\"}]},{\"@type\":\"WebSite\",\"@id\":\"https:\\\/\\\/comfyevents.ee\\\/sv\\\/#website\",\"url\":\"https:\\\/\\\/comfyevents.ee\\\/sv\\\/\",\"name\":\"Comfy Events \u2013 disain peotelgi rent\",\"description\":\"Telgi rent, telkide rent, peotelgi rent, peotelkide rent, pulmatelk, pulmatelgi rent, pulmatelgid, telgipulm, telkide rentimine, peotelkide rentimine\",\"publisher\":{\"@id\":\"https:\\\/\\\/comfyevents.ee\\\/sv\\\/#organization\"},\"potentialAction\":[{\"@type\":\"SearchAction\",\"target\":{\"@type\":\"EntryPoint\",\"urlTemplate\":\"https:\\\/\\\/comfyevents.ee\\\/sv\\\/?s={search_term_string}\"},\"query-input\":{\"@type\":\"PropertyValueSpecification\",\"valueRequired\":true,\"valueName\":\"search_term_string\"}}],\"inLanguage\":\"sv-SE\"},{\"@type\":\"Organization\",\"@id\":\"https:\\\/\\\/comfyevents.ee\\\/sv\\\/#organization\",\"name\":\"Comfy Events\",\"url\":\"https:\\\/\\\/comfyevents.ee\\\/sv\\\/\",\"logo\":{\"@type\":\"ImageObject\",\"inLanguage\":\"sv-SE\",\"@id\":\"https:\\\/\\\/comfyevents.ee\\\/sv\\\/#\\\/schema\\\/logo\\\/image\\\/\",\"url\":\"https:\\\/\\\/comfyevents.ee\\\/wp-content\\\/uploads\\\/2025\\\/04\\\/Untitled-design-1.jpg\",\"contentUrl\":\"https:\\\/\\\/comfyevents.ee\\\/wp-content\\\/uploads\\\/2025\\\/04\\\/Untitled-design-1.jpg\",\"width\":720,\"height\":720,\"caption\":\"Comfy Events\"},\"image\":{\"@id\":\"https:\\\/\\\/comfyevents.ee\\\/sv\\\/#\\\/schema\\\/logo\\\/image\\\/\"},\"sameAs\":[\"https:\\\/\\\/www.facebook.com\\\/purjetelk\\\/\",\"http:\\\/\\\/instagram.com\\\/purjetelk\",\"https:\\\/\\\/www.youtube.com\\\/@purjetelk\"]}]}<\/script>\n<!-- \/ Yoast SEO plugin. -->","yoast_head_json":{"title":"T\u00e4ltuthyrning f\u00f6r evenemang \u00f6ver hela Estland | Comfy Events","description":"Comfy Events t\u00e4ltuthyrning \u00f6ver hela Estland \u2013 festt\u00e4lt f\u00f6r br\u00f6llop, f\u00f6delsedagar och f\u00f6retagsevenemang. En bekv\u00e4m och mysig l\u00f6sning f\u00f6r evenemang av alla storlekar.","robots":{"index":"index","follow":"follow","max-snippet":"max-snippet:-1","max-image-preview":"max-image-preview:large","max-video-preview":"max-video-preview:-1"},"canonical":"https:\/\/comfyevents.ee\/sv\/taltuthyrning\/","og_locale":"sv_SE","og_type":"article","og_title":"T\u00e4ltuthyrning f\u00f6r evenemang \u00f6ver hela Estland | Comfy Events","og_description":"Comfy Events t\u00e4ltuthyrning \u00f6ver hela Estland \u2013 festt\u00e4lt f\u00f6r br\u00f6llop, f\u00f6delsedagar och f\u00f6retagsevenemang. En bekv\u00e4m och mysig l\u00f6sning f\u00f6r evenemang av alla storlekar.","og_url":"https:\/\/comfyevents.ee\/sv\/taltuthyrning\/","og_site_name":"Comfy Events purjetelk","article_publisher":"https:\/\/www.facebook.com\/purjetelk\/","article_modified_time":"2025-12-19T14:23:04+00:00","og_image":[{"width":2048,"height":1365,"url":"https:\/\/comfyevents.ee\/wp-content\/uploads\/2025\/03\/310158884_527218436080293_8680189412409634702_n.jpg","type":"image\/jpeg"}],"twitter_card":"summary_large_image","twitter_misc":{"Ber\u00e4knad l\u00e4stid":"5 minuter"},"schema":{"@context":"https:\/\/schema.org","@graph":[{"@type":"WebPage","@id":"https:\/\/comfyevents.ee\/sv\/taltuthyrning\/","url":"https:\/\/comfyevents.ee\/sv\/taltuthyrning\/","name":"T\u00e4ltuthyrning f\u00f6r evenemang \u00f6ver hela Estland | Comfy Events","isPartOf":{"@id":"https:\/\/comfyevents.ee\/sv\/#website"},"datePublished":"2024-04-02T13:54:26+00:00","dateModified":"2025-12-19T14:23:04+00:00","description":"Comfy Events t\u00e4ltuthyrning \u00f6ver hela Estland \u2013 festt\u00e4lt f\u00f6r br\u00f6llop, f\u00f6delsedagar och f\u00f6retagsevenemang. En bekv\u00e4m och mysig l\u00f6sning f\u00f6r evenemang av alla storlekar.","breadcrumb":{"@id":"https:\/\/comfyevents.ee\/sv\/taltuthyrning\/#breadcrumb"},"inLanguage":"sv-SE","potentialAction":[{"@type":"ReadAction","target":["https:\/\/comfyevents.ee\/sv\/taltuthyrning\/"]}]},{"@type":"BreadcrumbList","@id":"https:\/\/comfyevents.ee\/sv\/taltuthyrning\/#breadcrumb","itemListElement":[{"@type":"ListItem","position":1,"name":"Home","item":"https:\/\/comfyevents.ee\/sv\/valkommen\/"},{"@type":"ListItem","position":2,"name":"T\u00e4ltuthyrning"}]},{"@type":"WebSite","@id":"https:\/\/comfyevents.ee\/sv\/#website","url":"https:\/\/comfyevents.ee\/sv\/","name":"Comfy Events \u2013 disain peotelgi rent","description":"Telgi rent, telkide rent, peotelgi rent, peotelkide rent, pulmatelk, pulmatelgi rent, pulmatelgid, telgipulm, telkide rentimine, peotelkide rentimine","publisher":{"@id":"https:\/\/comfyevents.ee\/sv\/#organization"},"potentialAction":[{"@type":"SearchAction","target":{"@type":"EntryPoint","urlTemplate":"https:\/\/comfyevents.ee\/sv\/?s={search_term_string}"},"query-input":{"@type":"PropertyValueSpecification","valueRequired":true,"valueName":"search_term_string"}}],"inLanguage":"sv-SE"},{"@type":"Organization","@id":"https:\/\/comfyevents.ee\/sv\/#organization","name":"Comfy Events","url":"https:\/\/comfyevents.ee\/sv\/","logo":{"@type":"ImageObject","inLanguage":"sv-SE","@id":"https:\/\/comfyevents.ee\/sv\/#\/schema\/logo\/image\/","url":"https:\/\/comfyevents.ee\/wp-content\/uploads\/2025\/04\/Untitled-design-1.jpg","contentUrl":"https:\/\/comfyevents.ee\/wp-content\/uploads\/2025\/04\/Untitled-design-1.jpg","width":720,"height":720,"caption":"Comfy Events"},"image":{"@id":"https:\/\/comfyevents.ee\/sv\/#\/schema\/logo\/image\/"},"sameAs":["https:\/\/www.facebook.com\/purjetelk\/","http:\/\/instagram.com\/purjetelk","https:\/\/www.youtube.com\/@purjetelk"]}]}},"_links":{"self":[{"href":"https:\/\/comfyevents.ee\/sv\/wp-json\/wp\/v2\/pages\/8839","targetHints":{"allow":["GET"]}}],"collection":[{"href":"https:\/\/comfyevents.ee\/sv\/wp-json\/wp\/v2\/pages"}],"about":[{"href":"https:\/\/comfyevents.ee\/sv\/wp-json\/wp\/v2\/types\/page"}],"author":[{"embeddable":true,"href":"https:\/\/comfyevents.ee\/sv\/wp-json\/wp\/v2\/users\/3"}],"replies":[{"embeddable":true,"href":"https:\/\/comfyevents.ee\/sv\/wp-json\/wp\/v2\/comments?post=8839"}],"version-history":[{"count":3,"href":"https:\/\/comfyevents.ee\/sv\/wp-json\/wp\/v2\/pages\/8839\/revisions"}],"predecessor-version":[{"id":9187,"href":"https:\/\/comfyevents.ee\/sv\/wp-json\/wp\/v2\/pages\/8839\/revisions\/9187"}],"wp:attachment":[{"href":"https:\/\/comfyevents.ee\/sv\/wp-json\/wp\/v2\/media?parent=8839"}],"curies":[{"name":"wp","href":"https:\/\/api.w.org\/{rel}","templated":true}]}}